{"id":2359,"date":"2025-05-04T05:46:38","date_gmt":"2025-05-04T03:46:38","guid":{"rendered":"https:\/\/selenaquintanilla.micursoweb.es\/?page_id=2359"},"modified":"2026-01-23T17:02:13","modified_gmt":"2026-01-23T16:02:13","slug":"frases-y-citas-de-selena","status":"publish","type":"page","link":"https:\/\/selenaquintanilla.micursoweb.es\/fr\/frases-y-citas-de-selena\/","title":{"rendered":"Citations et phrases de Selena"},"content":{"rendered":"<div data-elementor-type=\"wp-page\" data-elementor-id=\"2359\" class=\"elementor elementor-2359\" data-elementor-post-type=\"page\">\n\t\t\t\t<div class=\"elementor-element elementor-element-08e7fc9 e-flex e-con-boxed e-con e-parent\" data-id=\"08e7fc9\" data-element_type=\"container\" data-e-type=\"container\">\n\t\t\t\t\t<div class=\"e-con-inner\">\n\t\t\t\t<div class=\"elementor-element elementor-element-5eb81ea elementor-widget elementor-widget-heading\" data-id=\"5eb81ea\" data-element_type=\"widget\" data-e-type=\"widget\" data-widget_type=\"heading.default\">\n\t\t\t\t<div class=\"elementor-widget-container\">\n\t\t\t\t\t<h1 class=\"elementor-heading-title elementor-size-default\">Citations et phrases de Selena<\/h1>\t\t\t\t<\/div>\n\t\t\t\t<\/div>\n\t\t\t\t\t<\/div>\n\t\t\t\t<\/div>\n\t\t<div class=\"elementor-element elementor-element-bd96520 e-flex e-con-boxed e-con e-parent\" data-id=\"bd96520\" data-element_type=\"container\" data-e-type=\"container\">\n\t\t\t\t\t<div class=\"e-con-inner\">\n\t\t\t\t<div class=\"elementor-element elementor-element-39f1b7f elementor-widget elementor-widget-image\" data-id=\"39f1b7f\" data-element_type=\"widget\" data-e-type=\"widget\" data-widget_type=\"image.default\">\n\t\t\t\t<div class=\"elementor-widget-container\">\n\t\t\t\t\t\t\t\t\t\t\t\t\t\t\t<img fetchpriority=\"high\" decoding=\"async\" width=\"500\" height=\"276\" src=\"https:\/\/selenaquintanilla.micursoweb.es\/wp-content\/uploads\/2025\/05\/Great-Vibes-1.png\" class=\"attachment-large size-large wp-image-2371\" alt=\"Frases y Citas de Selena. El \u00e9xito no llega solo, hay que luchar todos los d\u00edas\" srcset=\"https:\/\/selenaquintanilla.micursoweb.es\/wp-content\/uploads\/2025\/05\/Great-Vibes-1.png 500w, https:\/\/selenaquintanilla.micursoweb.es\/wp-content\/uploads\/2025\/05\/Great-Vibes-1-300x166.png 300w\" sizes=\"(max-width: 500px) 100vw, 500px\" \/>\t\t\t\t\t\t\t\t\t\t\t\t\t\t\t<\/div>\n\t\t\t\t<\/div>\n\t\t\t\t\t<\/div>\n\t\t\t\t<\/div>\n\t\t<div class=\"elementor-element elementor-element-7331eb0 e-flex e-con-boxed e-con e-parent\" data-id=\"7331eb0\" data-element_type=\"container\" data-e-type=\"container\">\n\t\t\t\t\t<div class=\"e-con-inner\">\n\t\t\t\t<div class=\"elementor-element elementor-element-8e4c066 elementor-widget elementor-widget-heading\" data-id=\"8e4c066\" data-element_type=\"widget\" data-e-type=\"widget\" data-widget_type=\"heading.default\">\n\t\t\t\t<div class=\"elementor-widget-container\">\n\t\t\t\t\t<h2 class=\"elementor-heading-title elementor-size-default\">Citations et phrases de Selena Quintanilla qui inspirent pour toujours.<\/h2>\t\t\t\t<\/div>\n\t\t\t\t<\/div>\n\t\t\t\t\t<\/div>\n\t\t\t\t<\/div>\n\t\t<div class=\"elementor-element elementor-element-3dd9b01 e-flex e-con-boxed e-con e-parent\" data-id=\"3dd9b01\" data-element_type=\"container\" data-e-type=\"container\">\n\t\t\t\t\t<div class=\"e-con-inner\">\n\t\t\t\t<div class=\"elementor-element elementor-element-de4c13c elementor-widget elementor-widget-text-editor\" data-id=\"de4c13c\" data-element_type=\"widget\" data-e-type=\"widget\" data-widget_type=\"text-editor.default\">\n\t\t\t\t<div class=\"elementor-widget-container\">\n\t\t\t\t\t\t\t\t\t<p class=\"\" style=\"text-align: left;\" data-start=\"336\" data-end=\"647\"><span style=\"color: #333333;\"><strong data-start=\"336\" data-end=\"376\">Citations et phrases de Selena Quintanilla<\/strong> r\u00e9v\u00e8lent l'\u00e2me d'une artiste qui n'a pas seulement brill\u00e9 par sa musique, mais aussi par ses mots. Tout au long de sa vie, Selena a partag\u00e9 des pens\u00e9es pleines d'humilit\u00e9, de force et d'amour pour sa culture. Chaque citation r\u00e9v\u00e8le son authenticit\u00e9 et l'affection qu'elle portait \u00e0 ses fans.<\/span><\/p><p class=\"\" style=\"text-align: left;\" data-start=\"649\" data-end=\"887\"><span style=\"color: #333333;\">D'interviews en concerts, Selena a exprim\u00e9 des \u00e9motions profondes avec un naturel touchant. Certaines phrases sont toujours virales sur les r\u00e9seaux sociaux pour leur simplicit\u00e9 et leur puissance \u00e9motionnelle. \u00c0 travers elles, c'est son essence qui perdure.<\/span><\/p><p class=\"\" style=\"text-align: left;\" data-start=\"889\" data-end=\"1124\"><span style=\"color: #333333;\">Les citations les plus m\u00e9morables ne se contentent pas d'\u00e9tablir un lien avec leurs adeptes, elles refl\u00e8tent \u00e9galement des valeurs universelles telles que la pers\u00e9v\u00e9rance et la fiert\u00e9 d'\u00eatre soi-m\u00eame. Nombreux sont ceux qui trouvent dans ses mots un message qui r\u00e9sonne encore.<\/span><\/p>\t\t\t\t\t\t\t\t<\/div>\n\t\t\t\t<\/div>\n\t\t\t\t\t<\/div>\n\t\t\t\t<\/div>\n\t\t<div class=\"elementor-element elementor-element-a833863 e-flex e-con-boxed e-con e-parent\" data-id=\"a833863\" data-element_type=\"container\" data-e-type=\"container\">\n\t\t\t\t\t<div class=\"e-con-inner\">\n\t\t\t\t<div class=\"elementor-element elementor-element-f65af7c elementor-widget elementor-widget-heading\" data-id=\"f65af7c\" data-element_type=\"widget\" data-e-type=\"widget\" data-widget_type=\"heading.default\">\n\t\t\t\t<div class=\"elementor-widget-container\">\n\t\t\t\t\t<h2 class=\"elementor-heading-title elementor-size-default\">Des citations inoubliables qui d\u00e9finissent la reine du Tex-Mex<\/h2>\t\t\t\t<\/div>\n\t\t\t\t<\/div>\n\t\t\t\t\t<\/div>\n\t\t\t\t<\/div>\n\t\t<div class=\"elementor-element elementor-element-3479fe1 e-flex e-con-boxed e-con e-parent\" data-id=\"3479fe1\" data-element_type=\"container\" data-e-type=\"container\">\n\t\t\t\t\t<div class=\"e-con-inner\">\n\t\t\t\t<div class=\"elementor-element elementor-element-c5cbbb8 elementor-widget elementor-widget-text-editor\" data-id=\"c5cbbb8\" data-element_type=\"widget\" data-e-type=\"widget\" data-widget_type=\"text-editor.default\">\n\t\t\t\t<div class=\"elementor-widget-container\">\n\t\t\t\t\t\t\t\t\t<p class=\"\" style=\"text-align: left;\" data-start=\"1189\" data-end=\"1338\"><span style=\"color: #333333;\"><strong>\u201cCroyez toujours en vos r\u00eaves. L'impossible n'existe pas si vous croyez en vous\u201d.\u201d<\/strong>, a d\u00e9clar\u00e9 Selena. Sa conviction a inspir\u00e9 des milliers de jeunes Latinos dans le monde entier.<\/span><\/p><p class=\"\" style=\"text-align: left;\" data-start=\"1340\" data-end=\"1486\"><span style=\"color: #333333;\"><strong>\u201cNe laissez personne vous dire que vous n'y arriverez pas.\u201d<\/strong>, a-t-il d\u00e9clar\u00e9 lors d'une interview. Gr\u00e2ce \u00e0 cette attitude positive, il a franchi les barri\u00e8res de l'industrie musicale.<\/span><\/p><p class=\"\" style=\"text-align: left;\" data-start=\"1488\" data-end=\"1620\"><span style=\"color: #333333;\">\u00c0 une autre occasion, il a d\u00e9clar\u00e9 :<strong> \u201cLe succ\u00e8s ne vient pas tout seul, il faut se battre tous les jours\u201d.\u201d<\/strong>. Cette phrase refl\u00e8te son \u00e9thique de travail et sa discipline.<\/span><\/p><p class=\"\" style=\"text-align: left;\" data-start=\"1622\" data-end=\"1738\"><span style=\"color: #333333;\"><strong>\u201cLa musique est un langage universel. Elle unit les gens ind\u00e9pendamment de la langue\u201d.\u201d<\/strong>, a-t-il d\u00e9clar\u00e9 lors d'une c\u00e9r\u00e9monie de remise de prix.<\/span><\/p><p class=\"\" style=\"text-align: left;\" data-start=\"1740\" data-end=\"1870\"><span style=\"color: #333333;\"><strong>\u201cLa chose la plus importante est de rester humble, quel que soit le degr\u00e9 de r\u00e9ussite\u201d.\u201d<\/strong>, r\u00e9p\u00e9tait-il souvent. Sa simplicit\u00e9 faisait partie de son charme durable.<\/span><\/p><p class=\"\" style=\"text-align: left;\" data-start=\"1872\" data-end=\"1998\"><span style=\"color: #333333;\">Ces phrases ne font pas seulement partie de son h\u00e9ritage artistique, elles sont aussi des guides pour ceux qui cherchent l'inspiration dans la vie de tous les jours.<\/span><\/p>\t\t\t\t\t\t\t\t<\/div>\n\t\t\t\t<\/div>\n\t\t\t\t\t<\/div>\n\t\t\t\t<\/div>\n\t\t\t\t<\/div>","protected":false},"excerpt":{"rendered":"<p>Frases Y Citas de Selena Frases y citas de Selena Quintanilla que inspiran para siempre Frases y citas de Selena Quintanilla revelan el alma de una artista que no solo brill\u00f3 con su m\u00fasica, sino tambi\u00e9n con sus palabras. A lo largo de su vida, Selena comparti\u00f3 pensamientos llenos de humildad, fuerza y amor por&hellip;&nbsp;<\/p>","protected":false},"author":1,"featured_media":0,"parent":0,"menu_order":0,"comment_status":"closed","ping_status":"closed","template":"","meta":{"neve_meta_sidebar":"","neve_meta_container":"","neve_meta_enable_content_width":"","neve_meta_content_width":0,"neve_meta_title_alignment":"","neve_meta_author_avatar":"","neve_post_elements_order":"","neve_meta_disable_header":"","neve_meta_disable_footer":"","neve_meta_disable_title":"","neve_meta_reading_time":"","footnotes":""},"class_list":["post-2359","page","type-page","status-publish","hentry"],"yoast_head":"<!-- This site is optimized with the Yoast SEO Premium plugin v26.3 (Yoast SEO v27.2) - https:\/\/yoast.com\/product\/yoast-seo-premium-wordpress\/ -->\n<title>Frases y Citas de Selena Quintanilla | Inspiraci\u00f3n, M\u00fasica y Legado<\/title>\n<meta name=\"description\" content=\"Descubre las frases m\u00e1s memorables de Selena Quintanilla: citas inspiradoras sobre sue\u00f1os, esfuerzo y humildad que siguen tocando corazones\" \/>\n<meta name=\"robots\" content=\"index, follow, max-snippet:-1, max-image-preview:large, max-video-preview:-1\" \/>\n<link rel=\"canonical\" href=\"https:\/\/selenaquintanilla.micursoweb.es\/fr\/frases-y-citas-de-selena\/\" \/>\n<meta property=\"og:locale\" content=\"fr_FR\" \/>\n<meta property=\"og:type\" content=\"article\" \/>\n<meta property=\"og:title\" content=\"Frases y Citas de Selena\" \/>\n<meta property=\"og:description\" content=\"Descubre las frases m\u00e1s memorables de Selena Quintanilla: citas inspiradoras sobre sue\u00f1os, esfuerzo y humildad que siguen tocando corazones\" \/>\n<meta property=\"og:url\" content=\"https:\/\/selenaquintanilla.micursoweb.es\/fr\/frases-y-citas-de-selena\/\" \/>\n<meta property=\"og:site_name\" content=\"Selena La Reina del Tex-Mex\" \/>\n<meta property=\"article:modified_time\" content=\"2026-01-23T16:02:13+00:00\" \/>\n<meta property=\"og:image\" content=\"https:\/\/selenaquintanilla.micursoweb.es\/wp-content\/uploads\/2025\/05\/Great-Vibes-1.png\" \/>\n<meta name=\"twitter:card\" content=\"summary_large_image\" \/>\n<meta name=\"twitter:label1\" content=\"Dur\u00e9e de lecture estim\u00e9e\" \/>\n\t<meta name=\"twitter:data1\" content=\"2 minutes\" \/>\n<script type=\"application\/ld+json\" class=\"yoast-schema-graph\">{\"@context\":\"https:\/\/schema.org\",\"@graph\":[{\"@type\":\"Article\",\"@id\":\"https:\/\/selenaquintanilla.micursoweb.es\/frases-y-citas-de-selena\/#article\",\"isPartOf\":{\"@id\":\"https:\/\/selenaquintanilla.micursoweb.es\/frases-y-citas-de-selena\/\"},\"author\":{\"name\":\"admin\",\"@id\":\"https:\/\/selenaquintanilla.micursoweb.es\/#\/schema\/person\/991ad32308202052a7550b86ee0c3fc0\"},\"headline\":\"Frases y Citas de Selena\",\"datePublished\":\"2025-05-04T03:46:38+00:00\",\"dateModified\":\"2026-01-23T16:02:13+00:00\",\"mainEntityOfPage\":{\"@id\":\"https:\/\/selenaquintanilla.micursoweb.es\/frases-y-citas-de-selena\/\"},\"wordCount\":314,\"publisher\":{\"@id\":\"https:\/\/selenaquintanilla.micursoweb.es\/#\/schema\/person\/991ad32308202052a7550b86ee0c3fc0\"},\"image\":{\"@id\":\"https:\/\/selenaquintanilla.micursoweb.es\/frases-y-citas-de-selena\/#primaryimage\"},\"thumbnailUrl\":\"https:\/\/selenaquintanilla.micursoweb.es\/wp-content\/uploads\/2025\/05\/Great-Vibes-1.png\",\"inLanguage\":\"fr-FR\"},{\"@type\":\"WebPage\",\"@id\":\"https:\/\/selenaquintanilla.micursoweb.es\/frases-y-citas-de-selena\/\",\"url\":\"https:\/\/selenaquintanilla.micursoweb.es\/frases-y-citas-de-selena\/\",\"name\":\"Frases y Citas de Selena Quintanilla | Inspiraci\u00f3n, M\u00fasica y Legado\",\"isPartOf\":{\"@id\":\"https:\/\/selenaquintanilla.micursoweb.es\/#website\"},\"primaryImageOfPage\":{\"@id\":\"https:\/\/selenaquintanilla.micursoweb.es\/frases-y-citas-de-selena\/#primaryimage\"},\"image\":{\"@id\":\"https:\/\/selenaquintanilla.micursoweb.es\/frases-y-citas-de-selena\/#primaryimage\"},\"thumbnailUrl\":\"https:\/\/selenaquintanilla.micursoweb.es\/wp-content\/uploads\/2025\/05\/Great-Vibes-1.png\",\"datePublished\":\"2025-05-04T03:46:38+00:00\",\"dateModified\":\"2026-01-23T16:02:13+00:00\",\"description\":\"Descubre las frases m\u00e1s memorables de Selena Quintanilla: citas inspiradoras sobre sue\u00f1os, esfuerzo y humildad que siguen tocando corazones\",\"breadcrumb\":{\"@id\":\"https:\/\/selenaquintanilla.micursoweb.es\/frases-y-citas-de-selena\/#breadcrumb\"},\"inLanguage\":\"fr-FR\",\"potentialAction\":[{\"@type\":\"ReadAction\",\"target\":[\"https:\/\/selenaquintanilla.micursoweb.es\/frases-y-citas-de-selena\/\"]}]},{\"@type\":\"ImageObject\",\"inLanguage\":\"fr-FR\",\"@id\":\"https:\/\/selenaquintanilla.micursoweb.es\/frases-y-citas-de-selena\/#primaryimage\",\"url\":\"https:\/\/selenaquintanilla.micursoweb.es\/wp-content\/uploads\/2025\/05\/Great-Vibes-1.png\",\"contentUrl\":\"https:\/\/selenaquintanilla.micursoweb.es\/wp-content\/uploads\/2025\/05\/Great-Vibes-1.png\"},{\"@type\":\"BreadcrumbList\",\"@id\":\"https:\/\/selenaquintanilla.micursoweb.es\/frases-y-citas-de-selena\/#breadcrumb\",\"itemListElement\":[{\"@type\":\"ListItem\",\"position\":1,\"name\":\"Portada\",\"item\":\"https:\/\/selenaquintanilla.micursoweb.es\/\"},{\"@type\":\"ListItem\",\"position\":2,\"name\":\"Frases y Citas de Selena\"}]},{\"@type\":\"WebSite\",\"@id\":\"https:\/\/selenaquintanilla.micursoweb.es\/#website\",\"url\":\"https:\/\/selenaquintanilla.micursoweb.es\/\",\"name\":\"Selena La Reina del Tex-Mex\",\"description\":\"Un espacio dedicado a la cultura Tex-Mex, el legado de Selena Quintanilla y su impacto musical\",\"publisher\":{\"@id\":\"https:\/\/selenaquintanilla.micursoweb.es\/#\/schema\/person\/991ad32308202052a7550b86ee0c3fc0\"},\"alternateName\":\"Selena\",\"potentialAction\":[{\"@type\":\"SearchAction\",\"target\":{\"@type\":\"EntryPoint\",\"urlTemplate\":\"https:\/\/selenaquintanilla.micursoweb.es\/?s={search_term_string}\"},\"query-input\":{\"@type\":\"PropertyValueSpecification\",\"valueRequired\":true,\"valueName\":\"search_term_string\"}}],\"inLanguage\":\"fr-FR\"},{\"@type\":[\"Person\",\"Organization\"],\"@id\":\"https:\/\/selenaquintanilla.micursoweb.es\/#\/schema\/person\/991ad32308202052a7550b86ee0c3fc0\",\"name\":\"admin\",\"image\":{\"@type\":\"ImageObject\",\"inLanguage\":\"fr-FR\",\"@id\":\"https:\/\/selenaquintanilla.micursoweb.es\/wp-content\/uploads\/2025\/03\/Selena_logo-removebg-preview.png\",\"url\":\"https:\/\/selenaquintanilla.micursoweb.es\/wp-content\/uploads\/2025\/03\/Selena_logo-removebg-preview.png\",\"contentUrl\":\"https:\/\/selenaquintanilla.micursoweb.es\/wp-content\/uploads\/2025\/03\/Selena_logo-removebg-preview.png\",\"width\":500,\"height\":500,\"caption\":\"admin\"},\"logo\":{\"@id\":\"https:\/\/selenaquintanilla.micursoweb.es\/wp-content\/uploads\/2025\/03\/Selena_logo-removebg-preview.png\"},\"sameAs\":[\"https:\/\/selenaquintanilla.micursoweb.es\"],\"url\":\"https:\/\/selenaquintanilla.micursoweb.es\/fr\/author\/admin\/\"}]}<\/script>\n<!-- \/ Yoast SEO Premium plugin. -->","yoast_head_json":{"title":"Frases y Citas de Selena Quintanilla | Inspiraci\u00f3n, M\u00fasica y Legado","description":"Descubre las frases m\u00e1s memorables de Selena Quintanilla: citas inspiradoras sobre sue\u00f1os, esfuerzo y humildad que siguen tocando corazones","robots":{"index":"index","follow":"follow","max-snippet":"max-snippet:-1","max-image-preview":"max-image-preview:large","max-video-preview":"max-video-preview:-1"},"canonical":"https:\/\/selenaquintanilla.micursoweb.es\/fr\/frases-y-citas-de-selena\/","og_locale":"fr_FR","og_type":"article","og_title":"Frases y Citas de Selena","og_description":"Descubre las frases m\u00e1s memorables de Selena Quintanilla: citas inspiradoras sobre sue\u00f1os, esfuerzo y humildad que siguen tocando corazones","og_url":"https:\/\/selenaquintanilla.micursoweb.es\/fr\/frases-y-citas-de-selena\/","og_site_name":"Selena La Reina del Tex-Mex","article_modified_time":"2026-01-23T16:02:13+00:00","og_image":[{"url":"https:\/\/selenaquintanilla.micursoweb.es\/wp-content\/uploads\/2025\/05\/Great-Vibes-1.png","type":"","width":"","height":""}],"twitter_card":"summary_large_image","twitter_misc":{"Dur\u00e9e de lecture estim\u00e9e":"2 minutes"},"schema":{"@context":"https:\/\/schema.org","@graph":[{"@type":"Article","@id":"https:\/\/selenaquintanilla.micursoweb.es\/frases-y-citas-de-selena\/#article","isPartOf":{"@id":"https:\/\/selenaquintanilla.micursoweb.es\/frases-y-citas-de-selena\/"},"author":{"name":"admin","@id":"https:\/\/selenaquintanilla.micursoweb.es\/#\/schema\/person\/991ad32308202052a7550b86ee0c3fc0"},"headline":"Frases y Citas de Selena","datePublished":"2025-05-04T03:46:38+00:00","dateModified":"2026-01-23T16:02:13+00:00","mainEntityOfPage":{"@id":"https:\/\/selenaquintanilla.micursoweb.es\/frases-y-citas-de-selena\/"},"wordCount":314,"publisher":{"@id":"https:\/\/selenaquintanilla.micursoweb.es\/#\/schema\/person\/991ad32308202052a7550b86ee0c3fc0"},"image":{"@id":"https:\/\/selenaquintanilla.micursoweb.es\/frases-y-citas-de-selena\/#primaryimage"},"thumbnailUrl":"https:\/\/selenaquintanilla.micursoweb.es\/wp-content\/uploads\/2025\/05\/Great-Vibes-1.png","inLanguage":"fr-FR"},{"@type":"WebPage","@id":"https:\/\/selenaquintanilla.micursoweb.es\/frases-y-citas-de-selena\/","url":"https:\/\/selenaquintanilla.micursoweb.es\/frases-y-citas-de-selena\/","name":"Frases y Citas de Selena Quintanilla | Inspiraci\u00f3n, M\u00fasica y Legado","isPartOf":{"@id":"https:\/\/selenaquintanilla.micursoweb.es\/#website"},"primaryImageOfPage":{"@id":"https:\/\/selenaquintanilla.micursoweb.es\/frases-y-citas-de-selena\/#primaryimage"},"image":{"@id":"https:\/\/selenaquintanilla.micursoweb.es\/frases-y-citas-de-selena\/#primaryimage"},"thumbnailUrl":"https:\/\/selenaquintanilla.micursoweb.es\/wp-content\/uploads\/2025\/05\/Great-Vibes-1.png","datePublished":"2025-05-04T03:46:38+00:00","dateModified":"2026-01-23T16:02:13+00:00","description":"Descubre las frases m\u00e1s memorables de Selena Quintanilla: citas inspiradoras sobre sue\u00f1os, esfuerzo y humildad que siguen tocando corazones","breadcrumb":{"@id":"https:\/\/selenaquintanilla.micursoweb.es\/frases-y-citas-de-selena\/#breadcrumb"},"inLanguage":"fr-FR","potentialAction":[{"@type":"ReadAction","target":["https:\/\/selenaquintanilla.micursoweb.es\/frases-y-citas-de-selena\/"]}]},{"@type":"ImageObject","inLanguage":"fr-FR","@id":"https:\/\/selenaquintanilla.micursoweb.es\/frases-y-citas-de-selena\/#primaryimage","url":"https:\/\/selenaquintanilla.micursoweb.es\/wp-content\/uploads\/2025\/05\/Great-Vibes-1.png","contentUrl":"https:\/\/selenaquintanilla.micursoweb.es\/wp-content\/uploads\/2025\/05\/Great-Vibes-1.png"},{"@type":"BreadcrumbList","@id":"https:\/\/selenaquintanilla.micursoweb.es\/frases-y-citas-de-selena\/#breadcrumb","itemListElement":[{"@type":"ListItem","position":1,"name":"Portada","item":"https:\/\/selenaquintanilla.micursoweb.es\/"},{"@type":"ListItem","position":2,"name":"Frases y Citas de Selena"}]},{"@type":"WebSite","@id":"https:\/\/selenaquintanilla.micursoweb.es\/#website","url":"https:\/\/selenaquintanilla.micursoweb.es\/","name":"Selena, la reine du Tex-Mex","description":"Un espace d\u00e9di\u00e9 \u00e0 la culture Tex-Mex, \u00e0 l'h\u00e9ritage de Selena Quintanilla et \u00e0 son impact musical.","publisher":{"@id":"https:\/\/selenaquintanilla.micursoweb.es\/#\/schema\/person\/991ad32308202052a7550b86ee0c3fc0"},"alternateName":"Selena","potentialAction":[{"@type":"SearchAction","target":{"@type":"EntryPoint","urlTemplate":"https:\/\/selenaquintanilla.micursoweb.es\/?s={search_term_string}"},"query-input":{"@type":"PropertyValueSpecification","valueRequired":true,"valueName":"search_term_string"}}],"inLanguage":"fr-FR"},{"@type":["Person","Organization"],"@id":"https:\/\/selenaquintanilla.micursoweb.es\/#\/schema\/person\/991ad32308202052a7550b86ee0c3fc0","name":"l'administration","image":{"@type":"ImageObject","inLanguage":"fr-FR","@id":"https:\/\/selenaquintanilla.micursoweb.es\/wp-content\/uploads\/2025\/03\/Selena_logo-removebg-preview.png","url":"https:\/\/selenaquintanilla.micursoweb.es\/wp-content\/uploads\/2025\/03\/Selena_logo-removebg-preview.png","contentUrl":"https:\/\/selenaquintanilla.micursoweb.es\/wp-content\/uploads\/2025\/03\/Selena_logo-removebg-preview.png","width":500,"height":500,"caption":"admin"},"logo":{"@id":"https:\/\/selenaquintanilla.micursoweb.es\/wp-content\/uploads\/2025\/03\/Selena_logo-removebg-preview.png"},"sameAs":["https:\/\/selenaquintanilla.micursoweb.es"],"url":"https:\/\/selenaquintanilla.micursoweb.es\/fr\/author\/admin\/"}]}},"_links":{"self":[{"href":"https:\/\/selenaquintanilla.micursoweb.es\/fr\/wp-json\/wp\/v2\/pages\/2359","targetHints":{"allow":["GET"]}}],"collection":[{"href":"https:\/\/selenaquintanilla.micursoweb.es\/fr\/wp-json\/wp\/v2\/pages"}],"about":[{"href":"https:\/\/selenaquintanilla.micursoweb.es\/fr\/wp-json\/wp\/v2\/types\/page"}],"author":[{"embeddable":true,"href":"https:\/\/selenaquintanilla.micursoweb.es\/fr\/wp-json\/wp\/v2\/users\/1"}],"replies":[{"embeddable":true,"href":"https:\/\/selenaquintanilla.micursoweb.es\/fr\/wp-json\/wp\/v2\/comments?post=2359"}],"version-history":[{"count":0,"href":"https:\/\/selenaquintanilla.micursoweb.es\/fr\/wp-json\/wp\/v2\/pages\/2359\/revisions"}],"wp:attachment":[{"href":"https:\/\/selenaquintanilla.micursoweb.es\/fr\/wp-json\/wp\/v2\/media?parent=2359"}],"curies":[{"name":"wp","href":"https:\/\/api.w.org\/{rel}","templated":true}]}}