{"id":1023,"date":"2025-04-11T15:01:58","date_gmt":"2025-04-11T13:01:58","guid":{"rendered":"https:\/\/selenaquintanilla.micursoweb.es\/?page_id=1023"},"modified":"2026-01-23T16:46:45","modified_gmt":"2026-01-23T15:46:45","slug":"influencia-musical-de-selena-quintanilla","status":"publish","type":"page","link":"https:\/\/selenaquintanilla.micursoweb.es\/fr\/influencia-musical-de-selena-quintanilla\/","title":{"rendered":"L'influence musicale de Selena Quintanilla"},"content":{"rendered":"<div data-elementor-type=\"wp-page\" data-elementor-id=\"1023\" class=\"elementor elementor-1023\" data-elementor-post-type=\"page\">\n\t\t\t\t<div class=\"elementor-element elementor-element-727cc06 e-flex e-con-boxed e-con e-parent\" data-id=\"727cc06\" data-element_type=\"container\" data-e-type=\"container\">\n\t\t\t\t\t<div class=\"e-con-inner\">\n\t\t\t\t<div class=\"elementor-element elementor-element-1204cbc elementor-widget elementor-widget-heading\" data-id=\"1204cbc\" data-element_type=\"widget\" data-e-type=\"widget\" data-widget_type=\"heading.default\">\n\t\t\t\t<div class=\"elementor-widget-container\">\n\t\t\t\t\t<h1 class=\"elementor-heading-title elementor-size-default\">L'influence musicale de Selena Quintanilla<\/h1>\t\t\t\t<\/div>\n\t\t\t\t<\/div>\n\t\t\t\t\t<\/div>\n\t\t\t\t<\/div>\n\t\t<div class=\"elementor-element elementor-element-34f8060 e-flex e-con-boxed e-con e-parent\" data-id=\"34f8060\" data-element_type=\"container\" data-e-type=\"container\">\n\t\t\t\t\t<div class=\"e-con-inner\">\n\t\t\t\t<div class=\"elementor-element elementor-element-7416202 elementor-widget elementor-widget-image\" data-id=\"7416202\" data-element_type=\"widget\" data-e-type=\"widget\" data-widget_type=\"image.default\">\n\t\t\t\t<div class=\"elementor-widget-container\">\n\t\t\t\t\t\t\t\t\t\t\t\t\t\t\t<img fetchpriority=\"high\" decoding=\"async\" width=\"320\" height=\"180\" src=\"https:\/\/selenaquintanilla.micursoweb.es\/wp-content\/uploads\/2025\/04\/Influencia.jpg\" class=\"attachment-large size-large wp-image-1790\" alt=\"Imagen de Jennifer Lopez como Selena Quintanilla en la pel\u00edcula Selena (1997) y Christian Serratos en la serie Selena: La Serie (2020), ambas representaciones reflejan la influencia musical de Selena Quintanilla y su impacto en la cultura y la m\u00fasica latina\" srcset=\"https:\/\/selenaquintanilla.micursoweb.es\/wp-content\/uploads\/2025\/04\/Influencia.jpg 320w, https:\/\/selenaquintanilla.micursoweb.es\/wp-content\/uploads\/2025\/04\/Influencia-300x169.jpg 300w\" sizes=\"(max-width: 320px) 100vw, 320px\" \/>\t\t\t\t\t\t\t\t\t\t\t\t\t\t\t<\/div>\n\t\t\t\t<\/div>\n\t\t\t\t\t<\/div>\n\t\t\t\t<\/div>\n\t\t<div class=\"elementor-element elementor-element-c9ea11c e-flex e-con-boxed e-con e-parent\" data-id=\"c9ea11c\" data-element_type=\"container\" data-e-type=\"container\">\n\t\t\t\t\t<div class=\"e-con-inner\">\n\t\t\t\t<div class=\"elementor-element elementor-element-8ace612 elementor-widget elementor-widget-text-editor\" data-id=\"8ace612\" data-element_type=\"widget\" data-e-type=\"widget\" data-widget_type=\"text-editor.default\">\n\t\t\t\t<div class=\"elementor-widget-container\">\n\t\t\t\t\t\t\t\t\t<p class=\"\" style=\"text-align: left;\" data-start=\"247\" data-end=\"660\"><span style=\"color: #000000;\">L'influence musicale de Selena Quintanilla se refl\u00e8te non seulement dans son incroyable talent et son charisme, mais aussi dans la profonde transformation qu'elle a apport\u00e9e \u00e0 la musique latine. Malgr\u00e9 sa courte vie, son h\u00e9ritage perdure, inspirant des millions de personnes \u00e0 travers le monde. Selena \u00e9tait bien plus qu'une chanteuse ; elle \u00e9tait une pionni\u00e8re qui a franchi des barri\u00e8res et ouvert des voies, laissant une marque ind\u00e9l\u00e9bile qui continue d'influencer de nouvelles g\u00e9n\u00e9rations d'artistes.<\/span><\/p><p class=\"\" style=\"text-align: left;\" data-start=\"662\" data-end=\"1087\"><span style=\"color: #333333;\">D\u00e8s son plus jeune \u00e2ge, Selena fait preuve d'une oreille privil\u00e9gi\u00e9e et d'une voix qui, bien que douce, est suffisamment forte pour s'imposer sur une sc\u00e8ne domin\u00e9e par les voix masculines. Dans un genre tel que la <strong data-start=\"853\" data-end=\"863\">Texan<\/strong>, traditionnellement dirig\u00e9s par des hommes, sa pr\u00e9sence a perturb\u00e9 les choses. Ce qui n'\u00e9tait au d\u00e9part qu'une jeune fille chantant avec sa famille lors de petits \u00e9v\u00e9nements est devenu une star internationale qui a r\u00e9\u00e9crit les r\u00e8gles du jeu.<\/span><\/p><p class=\"\" style=\"text-align: left;\" data-start=\"1089\" data-end=\"1549\"><span style=\"color: #333333;\">Ce qui distingue vraiment Selena, c'est sa capacit\u00e9 \u00e0 <strong data-start=\"1148\" data-end=\"1178\">la fusion des genres musicaux<\/strong> avec un naturel surprenant. Il a m\u00e9lang\u00e9 la musique Tejano avec de la cumbia, de la ranchera, de la pop et m\u00eame du R&amp;B, cr\u00e9ant ainsi un style unique qui s'adresse \u00e0 diff\u00e9rentes g\u00e9n\u00e9rations et cultures. Des chansons comme <em data-start=\"1370\" data-end=\"1391\">\u00abBidi Bidi Bom Bom\u00bb<\/em>, <em data-start=\"1393\" data-end=\"1411\">\u00abL'amour interdit\u00bb<\/em> y <em data-start=\"1414\" data-end=\"1430\">\u00abComme la fleur\u00bb<\/em> sont devenus non seulement des succ\u00e8s radiophoniques, mais des hymnes qui r\u00e9sonnent encore dans les mariages, les f\u00eates, les concerts et les c\u0153urs.<\/span><\/p><p class=\"\" style=\"text-align: left;\" data-start=\"1551\" data-end=\"1927\"><span style=\"color: #333333;\">Selena a une vision claire : elle veut conqu\u00e9rir le march\u00e9 anglophone. Elle \u00e9tait en train d'enregistrer son premier album enti\u00e8rement en anglais lorsque sa vie a \u00e9t\u00e9 tragiquement interrompue. Malgr\u00e9 cela, l'album <em data-start=\"1769\" data-end=\"1788\">\u00abR\u00eaver de toi\u00bb<\/em>, publi\u00e9 \u00e0 titre posthume, a connu un succ\u00e8s imm\u00e9diat. Avec lui, il \u00e9tait clair que son crossover allait \u00eatre plus que r\u00e9ussi, il allait \u00eatre historique.<\/span><\/p><p class=\"\" style=\"text-align: left;\" data-start=\"1929\" data-end=\"2323\"><span style=\"color: #333333;\">Son influence a transcend\u00e9 les g\u00e9n\u00e9rations. Des artistes tels que <strong data-start=\"1986\" data-end=\"2004\">Jennifer Lopez<\/strong> (qui a jou\u00e9 le r\u00f4le de Selena dans le film biographique de 1997), <strong data-start=\"2065\" data-end=\"2076\">Beyonc\u00e9<\/strong>, <strong data-start=\"2078\" data-end=\"2089\">Shakira<\/strong>, <strong data-start=\"2091\" data-end=\"2107\">Selena Gomez<\/strong>, <strong data-start=\"2109\" data-end=\"2120\">Karol G<\/strong>, <strong data-start=\"2122\" data-end=\"2133\">Becky G<\/strong>, et bien d'autres, ont fait de Selena leur principale source d'inspiration. Non seulement pour sa musique, mais aussi pour son \u00e9thique de travail, sa connexion avec son public et son authenticit\u00e9.<\/span><\/p><p class=\"\" style=\"text-align: left;\" data-start=\"2325\" data-end=\"2721\"><span style=\"color: #333333;\">Mais la musique n'\u00e9tait pas son seul langage. Selena s'exprimait \u00e9galement par le biais du <strong data-start=\"2404\" data-end=\"2412\">la mode<\/strong>, Elle \u00e9tait une femme de design et d'\u00e9mancipation f\u00e9minine. Ses tenues \u00e9clatantes, ses coiffures, son style unique... tout cela faisait partie d'une artiste compl\u00e8te, qui savait que l'image racontait aussi une histoire. Elle \u00e9tait une femme entrepreneur, une cr\u00e9atrice et un symbole de la fiert\u00e9 latine \u00e0 une \u00e9poque o\u00f9 peu de personnes disposaient de cet espace.<\/span><\/p><p class=\"\" style=\"text-align: left;\" data-start=\"2723\" data-end=\"3123\"><span style=\"color: #333333;\">Aujourd'hui, des d\u00e9cennies plus tard, son influence est toujours intacte. Sa musique ne vieillit pas, sa voix r\u00e9sonne encore avec fra\u00eecheur et \u00e9motion. On se souvient de Selena non seulement pour ce qu'elle a fait, mais aussi pour tout ce qu'elle a repr\u00e9sent\u00e9 : un pont entre les cultures, une voix pour les femmes latines, une \u00e9toile \u00e9ternelle qui, bien qu'elle ait disparu trop t\u00f4t, continue de briller dans chaque accord, sur chaque sc\u00e8ne et dans chaque c\u0153ur qui l'\u00e9coute.<\/span><\/p>\t\t\t\t\t\t\t\t<\/div>\n\t\t\t\t<\/div>\n\t\t\t\t\t<\/div>\n\t\t\t\t<\/div>\n\t\t\t\t<\/div>","protected":false},"excerpt":{"rendered":"<p>Influencia Musical de Selena Quintanilla La influencia musical de Selena Quintanilla no solo se refleja en su incre\u00edble talento y carisma, sino tambi\u00e9n en la profunda transformaci\u00f3n que trajo a la m\u00fasica latina. A pesar de su corta vida, su legado sigue vivo, inspirando a millones alrededor del mundo. Selena fue mucho m\u00e1s que una&hellip;&nbsp;<\/p>","protected":false},"author":1,"featured_media":0,"parent":0,"menu_order":0,"comment_status":"closed","ping_status":"closed","template":"","meta":{"neve_meta_sidebar":"","neve_meta_container":"","neve_meta_enable_content_width":"","neve_meta_content_width":0,"neve_meta_title_alignment":"","neve_meta_author_avatar":"","neve_post_elements_order":"","neve_meta_disable_header":"","neve_meta_disable_footer":"","neve_meta_disable_title":"","neve_meta_reading_time":"","footnotes":""},"class_list":["post-1023","page","type-page","status-publish","hentry"],"yoast_head":"<!-- This site is optimized with the Yoast SEO Premium plugin v26.3 (Yoast SEO v27.2) - https:\/\/yoast.com\/product\/yoast-seo-premium-wordpress\/ -->\n<title>Influencia Musical de Selena Quintanilla-Icono M\u00fasica Latina<\/title>\n<meta name=\"description\" content=\"Influencia musical de Selena Quintanilla: descubre c\u00f3mo su talento y su fusi\u00f3n de g\u00e9neros transformaron la m\u00fasica latina.\" \/>\n<meta name=\"robots\" content=\"index, follow, max-snippet:-1, max-image-preview:large, max-video-preview:-1\" \/>\n<link rel=\"canonical\" href=\"https:\/\/selenaquintanilla.micursoweb.es\/fr\/influencia-musical-de-selena-quintanilla\/\" \/>\n<meta property=\"og:locale\" content=\"fr_FR\" \/>\n<meta property=\"og:type\" content=\"article\" \/>\n<meta property=\"og:title\" content=\"Influencia Musical de Selena Quintanilla\" \/>\n<meta property=\"og:description\" content=\"Influencia musical de Selena Quintanilla: descubre c\u00f3mo su talento y su fusi\u00f3n de g\u00e9neros transformaron la m\u00fasica latina.\" \/>\n<meta property=\"og:url\" content=\"https:\/\/selenaquintanilla.micursoweb.es\/fr\/influencia-musical-de-selena-quintanilla\/\" \/>\n<meta property=\"og:site_name\" content=\"Selena La Reina del Tex-Mex\" \/>\n<meta property=\"article:modified_time\" content=\"2026-01-23T15:46:45+00:00\" \/>\n<meta property=\"og:image\" content=\"https:\/\/selenaquintanilla.micursoweb.es\/wp-content\/uploads\/2025\/04\/Influencia.jpg\" \/>\n<meta name=\"twitter:card\" content=\"summary_large_image\" \/>\n<meta name=\"twitter:label1\" content=\"Dur\u00e9e de lecture estim\u00e9e\" \/>\n\t<meta name=\"twitter:data1\" content=\"3 minutes\" \/>\n<script type=\"application\/ld+json\" class=\"yoast-schema-graph\">{\"@context\":\"https:\/\/schema.org\",\"@graph\":[{\"@type\":\"Article\",\"@id\":\"https:\/\/selenaquintanilla.micursoweb.es\/influencia-musical-de-selena-quintanilla\/#article\",\"isPartOf\":{\"@id\":\"https:\/\/selenaquintanilla.micursoweb.es\/influencia-musical-de-selena-quintanilla\/\"},\"author\":{\"name\":\"admin\",\"@id\":\"https:\/\/selenaquintanilla.micursoweb.es\/#\/schema\/person\/991ad32308202052a7550b86ee0c3fc0\"},\"headline\":\"Influencia Musical de Selena Quintanilla\",\"datePublished\":\"2025-04-11T13:01:58+00:00\",\"dateModified\":\"2026-01-23T15:46:45+00:00\",\"mainEntityOfPage\":{\"@id\":\"https:\/\/selenaquintanilla.micursoweb.es\/influencia-musical-de-selena-quintanilla\/\"},\"wordCount\":518,\"publisher\":{\"@id\":\"https:\/\/selenaquintanilla.micursoweb.es\/#\/schema\/person\/991ad32308202052a7550b86ee0c3fc0\"},\"image\":{\"@id\":\"https:\/\/selenaquintanilla.micursoweb.es\/influencia-musical-de-selena-quintanilla\/#primaryimage\"},\"thumbnailUrl\":\"https:\/\/selenaquintanilla.micursoweb.es\/wp-content\/uploads\/2025\/04\/Influencia.jpg\",\"inLanguage\":\"fr-FR\"},{\"@type\":\"WebPage\",\"@id\":\"https:\/\/selenaquintanilla.micursoweb.es\/influencia-musical-de-selena-quintanilla\/\",\"url\":\"https:\/\/selenaquintanilla.micursoweb.es\/influencia-musical-de-selena-quintanilla\/\",\"name\":\"Influencia Musical de Selena Quintanilla-Icono M\u00fasica Latina\",\"isPartOf\":{\"@id\":\"https:\/\/selenaquintanilla.micursoweb.es\/#website\"},\"primaryImageOfPage\":{\"@id\":\"https:\/\/selenaquintanilla.micursoweb.es\/influencia-musical-de-selena-quintanilla\/#primaryimage\"},\"image\":{\"@id\":\"https:\/\/selenaquintanilla.micursoweb.es\/influencia-musical-de-selena-quintanilla\/#primaryimage\"},\"thumbnailUrl\":\"https:\/\/selenaquintanilla.micursoweb.es\/wp-content\/uploads\/2025\/04\/Influencia.jpg\",\"datePublished\":\"2025-04-11T13:01:58+00:00\",\"dateModified\":\"2026-01-23T15:46:45+00:00\",\"description\":\"Influencia musical de Selena Quintanilla: descubre c\u00f3mo su talento y su fusi\u00f3n de g\u00e9neros transformaron la m\u00fasica latina.\",\"breadcrumb\":{\"@id\":\"https:\/\/selenaquintanilla.micursoweb.es\/influencia-musical-de-selena-quintanilla\/#breadcrumb\"},\"inLanguage\":\"fr-FR\",\"potentialAction\":[{\"@type\":\"ReadAction\",\"target\":[\"https:\/\/selenaquintanilla.micursoweb.es\/influencia-musical-de-selena-quintanilla\/\"]}]},{\"@type\":\"ImageObject\",\"inLanguage\":\"fr-FR\",\"@id\":\"https:\/\/selenaquintanilla.micursoweb.es\/influencia-musical-de-selena-quintanilla\/#primaryimage\",\"url\":\"https:\/\/selenaquintanilla.micursoweb.es\/wp-content\/uploads\/2025\/04\/Influencia.jpg\",\"contentUrl\":\"https:\/\/selenaquintanilla.micursoweb.es\/wp-content\/uploads\/2025\/04\/Influencia.jpg\"},{\"@type\":\"BreadcrumbList\",\"@id\":\"https:\/\/selenaquintanilla.micursoweb.es\/influencia-musical-de-selena-quintanilla\/#breadcrumb\",\"itemListElement\":[{\"@type\":\"ListItem\",\"position\":1,\"name\":\"Portada\",\"item\":\"https:\/\/selenaquintanilla.micursoweb.es\/\"},{\"@type\":\"ListItem\",\"position\":2,\"name\":\"Influencia Musical de Selena Quintanilla\"}]},{\"@type\":\"WebSite\",\"@id\":\"https:\/\/selenaquintanilla.micursoweb.es\/#website\",\"url\":\"https:\/\/selenaquintanilla.micursoweb.es\/\",\"name\":\"Selena La Reina del Tex-Mex\",\"description\":\"Un espacio dedicado a la cultura Tex-Mex, el legado de Selena Quintanilla y su impacto musical\",\"publisher\":{\"@id\":\"https:\/\/selenaquintanilla.micursoweb.es\/#\/schema\/person\/991ad32308202052a7550b86ee0c3fc0\"},\"alternateName\":\"Selena\",\"potentialAction\":[{\"@type\":\"SearchAction\",\"target\":{\"@type\":\"EntryPoint\",\"urlTemplate\":\"https:\/\/selenaquintanilla.micursoweb.es\/?s={search_term_string}\"},\"query-input\":{\"@type\":\"PropertyValueSpecification\",\"valueRequired\":true,\"valueName\":\"search_term_string\"}}],\"inLanguage\":\"fr-FR\"},{\"@type\":[\"Person\",\"Organization\"],\"@id\":\"https:\/\/selenaquintanilla.micursoweb.es\/#\/schema\/person\/991ad32308202052a7550b86ee0c3fc0\",\"name\":\"admin\",\"image\":{\"@type\":\"ImageObject\",\"inLanguage\":\"fr-FR\",\"@id\":\"https:\/\/selenaquintanilla.micursoweb.es\/wp-content\/uploads\/2025\/03\/Selena_logo-removebg-preview.png\",\"url\":\"https:\/\/selenaquintanilla.micursoweb.es\/wp-content\/uploads\/2025\/03\/Selena_logo-removebg-preview.png\",\"contentUrl\":\"https:\/\/selenaquintanilla.micursoweb.es\/wp-content\/uploads\/2025\/03\/Selena_logo-removebg-preview.png\",\"width\":500,\"height\":500,\"caption\":\"admin\"},\"logo\":{\"@id\":\"https:\/\/selenaquintanilla.micursoweb.es\/wp-content\/uploads\/2025\/03\/Selena_logo-removebg-preview.png\"},\"sameAs\":[\"https:\/\/selenaquintanilla.micursoweb.es\"],\"url\":\"https:\/\/selenaquintanilla.micursoweb.es\/fr\/author\/admin\/\"}]}<\/script>\n<!-- \/ Yoast SEO Premium plugin. -->","yoast_head_json":{"title":"Influencia Musical de Selena Quintanilla-Icono M\u00fasica Latina","description":"Influencia musical de Selena Quintanilla: descubre c\u00f3mo su talento y su fusi\u00f3n de g\u00e9neros transformaron la m\u00fasica latina.","robots":{"index":"index","follow":"follow","max-snippet":"max-snippet:-1","max-image-preview":"max-image-preview:large","max-video-preview":"max-video-preview:-1"},"canonical":"https:\/\/selenaquintanilla.micursoweb.es\/fr\/influencia-musical-de-selena-quintanilla\/","og_locale":"fr_FR","og_type":"article","og_title":"Influencia Musical de Selena Quintanilla","og_description":"Influencia musical de Selena Quintanilla: descubre c\u00f3mo su talento y su fusi\u00f3n de g\u00e9neros transformaron la m\u00fasica latina.","og_url":"https:\/\/selenaquintanilla.micursoweb.es\/fr\/influencia-musical-de-selena-quintanilla\/","og_site_name":"Selena La Reina del Tex-Mex","article_modified_time":"2026-01-23T15:46:45+00:00","og_image":[{"url":"https:\/\/selenaquintanilla.micursoweb.es\/wp-content\/uploads\/2025\/04\/Influencia.jpg","type":"","width":"","height":""}],"twitter_card":"summary_large_image","twitter_misc":{"Dur\u00e9e de lecture estim\u00e9e":"3 minutes"},"schema":{"@context":"https:\/\/schema.org","@graph":[{"@type":"Article","@id":"https:\/\/selenaquintanilla.micursoweb.es\/influencia-musical-de-selena-quintanilla\/#article","isPartOf":{"@id":"https:\/\/selenaquintanilla.micursoweb.es\/influencia-musical-de-selena-quintanilla\/"},"author":{"name":"admin","@id":"https:\/\/selenaquintanilla.micursoweb.es\/#\/schema\/person\/991ad32308202052a7550b86ee0c3fc0"},"headline":"Influencia Musical de Selena Quintanilla","datePublished":"2025-04-11T13:01:58+00:00","dateModified":"2026-01-23T15:46:45+00:00","mainEntityOfPage":{"@id":"https:\/\/selenaquintanilla.micursoweb.es\/influencia-musical-de-selena-quintanilla\/"},"wordCount":518,"publisher":{"@id":"https:\/\/selenaquintanilla.micursoweb.es\/#\/schema\/person\/991ad32308202052a7550b86ee0c3fc0"},"image":{"@id":"https:\/\/selenaquintanilla.micursoweb.es\/influencia-musical-de-selena-quintanilla\/#primaryimage"},"thumbnailUrl":"https:\/\/selenaquintanilla.micursoweb.es\/wp-content\/uploads\/2025\/04\/Influencia.jpg","inLanguage":"fr-FR"},{"@type":"WebPage","@id":"https:\/\/selenaquintanilla.micursoweb.es\/influencia-musical-de-selena-quintanilla\/","url":"https:\/\/selenaquintanilla.micursoweb.es\/influencia-musical-de-selena-quintanilla\/","name":"Influencia Musical de Selena Quintanilla-Icono M\u00fasica Latina","isPartOf":{"@id":"https:\/\/selenaquintanilla.micursoweb.es\/#website"},"primaryImageOfPage":{"@id":"https:\/\/selenaquintanilla.micursoweb.es\/influencia-musical-de-selena-quintanilla\/#primaryimage"},"image":{"@id":"https:\/\/selenaquintanilla.micursoweb.es\/influencia-musical-de-selena-quintanilla\/#primaryimage"},"thumbnailUrl":"https:\/\/selenaquintanilla.micursoweb.es\/wp-content\/uploads\/2025\/04\/Influencia.jpg","datePublished":"2025-04-11T13:01:58+00:00","dateModified":"2026-01-23T15:46:45+00:00","description":"Influencia musical de Selena Quintanilla: descubre c\u00f3mo su talento y su fusi\u00f3n de g\u00e9neros transformaron la m\u00fasica latina.","breadcrumb":{"@id":"https:\/\/selenaquintanilla.micursoweb.es\/influencia-musical-de-selena-quintanilla\/#breadcrumb"},"inLanguage":"fr-FR","potentialAction":[{"@type":"ReadAction","target":["https:\/\/selenaquintanilla.micursoweb.es\/influencia-musical-de-selena-quintanilla\/"]}]},{"@type":"ImageObject","inLanguage":"fr-FR","@id":"https:\/\/selenaquintanilla.micursoweb.es\/influencia-musical-de-selena-quintanilla\/#primaryimage","url":"https:\/\/selenaquintanilla.micursoweb.es\/wp-content\/uploads\/2025\/04\/Influencia.jpg","contentUrl":"https:\/\/selenaquintanilla.micursoweb.es\/wp-content\/uploads\/2025\/04\/Influencia.jpg"},{"@type":"BreadcrumbList","@id":"https:\/\/selenaquintanilla.micursoweb.es\/influencia-musical-de-selena-quintanilla\/#breadcrumb","itemListElement":[{"@type":"ListItem","position":1,"name":"Portada","item":"https:\/\/selenaquintanilla.micursoweb.es\/"},{"@type":"ListItem","position":2,"name":"Influencia Musical de Selena Quintanilla"}]},{"@type":"WebSite","@id":"https:\/\/selenaquintanilla.micursoweb.es\/#website","url":"https:\/\/selenaquintanilla.micursoweb.es\/","name":"Selena, la reine du Tex-Mex","description":"Un espace d\u00e9di\u00e9 \u00e0 la culture Tex-Mex, \u00e0 l'h\u00e9ritage de Selena Quintanilla et \u00e0 son impact musical.","publisher":{"@id":"https:\/\/selenaquintanilla.micursoweb.es\/#\/schema\/person\/991ad32308202052a7550b86ee0c3fc0"},"alternateName":"Selena","potentialAction":[{"@type":"SearchAction","target":{"@type":"EntryPoint","urlTemplate":"https:\/\/selenaquintanilla.micursoweb.es\/?s={search_term_string}"},"query-input":{"@type":"PropertyValueSpecification","valueRequired":true,"valueName":"search_term_string"}}],"inLanguage":"fr-FR"},{"@type":["Person","Organization"],"@id":"https:\/\/selenaquintanilla.micursoweb.es\/#\/schema\/person\/991ad32308202052a7550b86ee0c3fc0","name":"l'administration","image":{"@type":"ImageObject","inLanguage":"fr-FR","@id":"https:\/\/selenaquintanilla.micursoweb.es\/wp-content\/uploads\/2025\/03\/Selena_logo-removebg-preview.png","url":"https:\/\/selenaquintanilla.micursoweb.es\/wp-content\/uploads\/2025\/03\/Selena_logo-removebg-preview.png","contentUrl":"https:\/\/selenaquintanilla.micursoweb.es\/wp-content\/uploads\/2025\/03\/Selena_logo-removebg-preview.png","width":500,"height":500,"caption":"admin"},"logo":{"@id":"https:\/\/selenaquintanilla.micursoweb.es\/wp-content\/uploads\/2025\/03\/Selena_logo-removebg-preview.png"},"sameAs":["https:\/\/selenaquintanilla.micursoweb.es"],"url":"https:\/\/selenaquintanilla.micursoweb.es\/fr\/author\/admin\/"}]}},"_links":{"self":[{"href":"https:\/\/selenaquintanilla.micursoweb.es\/fr\/wp-json\/wp\/v2\/pages\/1023","targetHints":{"allow":["GET"]}}],"collection":[{"href":"https:\/\/selenaquintanilla.micursoweb.es\/fr\/wp-json\/wp\/v2\/pages"}],"about":[{"href":"https:\/\/selenaquintanilla.micursoweb.es\/fr\/wp-json\/wp\/v2\/types\/page"}],"author":[{"embeddable":true,"href":"https:\/\/selenaquintanilla.micursoweb.es\/fr\/wp-json\/wp\/v2\/users\/1"}],"replies":[{"embeddable":true,"href":"https:\/\/selenaquintanilla.micursoweb.es\/fr\/wp-json\/wp\/v2\/comments?post=1023"}],"version-history":[{"count":0,"href":"https:\/\/selenaquintanilla.micursoweb.es\/fr\/wp-json\/wp\/v2\/pages\/1023\/revisions"}],"wp:attachment":[{"href":"https:\/\/selenaquintanilla.micursoweb.es\/fr\/wp-json\/wp\/v2\/media?parent=1023"}],"curies":[{"name":"wp","href":"https:\/\/api.w.org\/{rel}","templated":true}]}}