{"id":2359,"date":"2025-05-04T05:46:38","date_gmt":"2025-05-04T03:46:38","guid":{"rendered":"https:\/\/selenaquintanilla.micursoweb.es\/?page_id=2359"},"modified":"2026-01-23T17:02:13","modified_gmt":"2026-01-23T16:02:13","slug":"frases-y-citas-de-selena","status":"publish","type":"page","link":"https:\/\/selenaquintanilla.micursoweb.es\/en\/frases-y-citas-de-selena\/","title":{"rendered":"Selena Quotes and Phrases"},"content":{"rendered":"<div data-elementor-type=\"wp-page\" data-elementor-id=\"2359\" class=\"elementor elementor-2359\" data-elementor-post-type=\"page\">\n\t\t\t\t<div class=\"elementor-element elementor-element-08e7fc9 e-flex e-con-boxed e-con e-parent\" data-id=\"08e7fc9\" data-element_type=\"container\" data-e-type=\"container\">\n\t\t\t\t\t<div class=\"e-con-inner\">\n\t\t\t\t<div class=\"elementor-element elementor-element-5eb81ea elementor-widget elementor-widget-heading\" data-id=\"5eb81ea\" data-element_type=\"widget\" data-e-type=\"widget\" data-widget_type=\"heading.default\">\n\t\t\t\t<div class=\"elementor-widget-container\">\n\t\t\t\t\t<h1 class=\"elementor-heading-title elementor-size-default\">Selena Quotes And Phrases<\/h1>\t\t\t\t<\/div>\n\t\t\t\t<\/div>\n\t\t\t\t\t<\/div>\n\t\t\t\t<\/div>\n\t\t<div class=\"elementor-element elementor-element-bd96520 e-flex e-con-boxed e-con e-parent\" data-id=\"bd96520\" data-element_type=\"container\" data-e-type=\"container\">\n\t\t\t\t\t<div class=\"e-con-inner\">\n\t\t\t\t<div class=\"elementor-element elementor-element-39f1b7f elementor-widget elementor-widget-image\" data-id=\"39f1b7f\" data-element_type=\"widget\" data-e-type=\"widget\" data-widget_type=\"image.default\">\n\t\t\t\t<div class=\"elementor-widget-container\">\n\t\t\t\t\t\t\t\t\t\t\t\t\t\t\t<img fetchpriority=\"high\" decoding=\"async\" width=\"500\" height=\"276\" src=\"https:\/\/selenaquintanilla.micursoweb.es\/wp-content\/uploads\/2025\/05\/Great-Vibes-1.png\" class=\"attachment-large size-large wp-image-2371\" alt=\"Frases y Citas de Selena. El \u00e9xito no llega solo, hay que luchar todos los d\u00edas\" srcset=\"https:\/\/selenaquintanilla.micursoweb.es\/wp-content\/uploads\/2025\/05\/Great-Vibes-1.png 500w, https:\/\/selenaquintanilla.micursoweb.es\/wp-content\/uploads\/2025\/05\/Great-Vibes-1-300x166.png 300w\" sizes=\"(max-width: 500px) 100vw, 500px\" \/>\t\t\t\t\t\t\t\t\t\t\t\t\t\t\t<\/div>\n\t\t\t\t<\/div>\n\t\t\t\t\t<\/div>\n\t\t\t\t<\/div>\n\t\t<div class=\"elementor-element elementor-element-7331eb0 e-flex e-con-boxed e-con e-parent\" data-id=\"7331eb0\" data-element_type=\"container\" data-e-type=\"container\">\n\t\t\t\t\t<div class=\"e-con-inner\">\n\t\t\t\t<div class=\"elementor-element elementor-element-8e4c066 elementor-widget elementor-widget-heading\" data-id=\"8e4c066\" data-element_type=\"widget\" data-e-type=\"widget\" data-widget_type=\"heading.default\">\n\t\t\t\t<div class=\"elementor-widget-container\">\n\t\t\t\t\t<h2 class=\"elementor-heading-title elementor-size-default\">Selena Quintanilla quotes and phrases that inspire you forever.<\/h2>\t\t\t\t<\/div>\n\t\t\t\t<\/div>\n\t\t\t\t\t<\/div>\n\t\t\t\t<\/div>\n\t\t<div class=\"elementor-element elementor-element-3dd9b01 e-flex e-con-boxed e-con e-parent\" data-id=\"3dd9b01\" data-element_type=\"container\" data-e-type=\"container\">\n\t\t\t\t\t<div class=\"e-con-inner\">\n\t\t\t\t<div class=\"elementor-element elementor-element-de4c13c elementor-widget elementor-widget-text-editor\" data-id=\"de4c13c\" data-element_type=\"widget\" data-e-type=\"widget\" data-widget_type=\"text-editor.default\">\n\t\t\t\t<div class=\"elementor-widget-container\">\n\t\t\t\t\t\t\t\t\t<p class=\"\" style=\"text-align: left;\" data-start=\"336\" data-end=\"647\"><span style=\"color: #333333;\"><strong data-start=\"336\" data-end=\"376\">Selena Quintanilla Quotes and Phrases<\/strong> reveal the soul of an artist who not only shone with her music, but also with her words. Throughout her life, Selena shared thoughts full of humility, strength and love for her culture. Each quote reveals her authenticity and the affection she felt for her fans.<\/span><\/p><p class=\"\" style=\"text-align: left;\" data-start=\"649\" data-end=\"887\"><span style=\"color: #333333;\">From interviews to concerts, Selena expressed deep emotions with a touching naturalness. Some phrases are still viral on social networks for their simplicity and emotional power. Through them, her essence lives on.<\/span><\/p><p class=\"\" style=\"text-align: left;\" data-start=\"889\" data-end=\"1124\"><span style=\"color: #333333;\">The most memorable quotes not only connect with his followers, but also reflect universal values such as perseverance and pride in being yourself. Many people find in his words a message that still resonates.<\/span><\/p>\t\t\t\t\t\t\t\t<\/div>\n\t\t\t\t<\/div>\n\t\t\t\t\t<\/div>\n\t\t\t\t<\/div>\n\t\t<div class=\"elementor-element elementor-element-a833863 e-flex e-con-boxed e-con e-parent\" data-id=\"a833863\" data-element_type=\"container\" data-e-type=\"container\">\n\t\t\t\t\t<div class=\"e-con-inner\">\n\t\t\t\t<div class=\"elementor-element elementor-element-f65af7c elementor-widget elementor-widget-heading\" data-id=\"f65af7c\" data-element_type=\"widget\" data-e-type=\"widget\" data-widget_type=\"heading.default\">\n\t\t\t\t<div class=\"elementor-widget-container\">\n\t\t\t\t\t<h2 class=\"elementor-heading-title elementor-size-default\">Unforgettable Quotes that define the Queen of Tex-Mex<\/h2>\t\t\t\t<\/div>\n\t\t\t\t<\/div>\n\t\t\t\t\t<\/div>\n\t\t\t\t<\/div>\n\t\t<div class=\"elementor-element elementor-element-3479fe1 e-flex e-con-boxed e-con e-parent\" data-id=\"3479fe1\" data-element_type=\"container\" data-e-type=\"container\">\n\t\t\t\t\t<div class=\"e-con-inner\">\n\t\t\t\t<div class=\"elementor-element elementor-element-c5cbbb8 elementor-widget elementor-widget-text-editor\" data-id=\"c5cbbb8\" data-element_type=\"widget\" data-e-type=\"widget\" data-widget_type=\"text-editor.default\">\n\t\t\t\t<div class=\"elementor-widget-container\">\n\t\t\t\t\t\t\t\t\t<p class=\"\" style=\"text-align: left;\" data-start=\"1189\" data-end=\"1338\"><span style=\"color: #333333;\"><strong>\"Always believe in your dreams. The impossible does not exist if you believe in you\"<\/strong>Selena said. Her conviction inspired thousands of young Latinos around the world.<\/span><\/p><p class=\"\" style=\"text-align: left;\" data-start=\"1340\" data-end=\"1486\"><span style=\"color: #333333;\"><strong>\"Don't let anyone tell you that you can't make it.\"<\/strong>she said in an interview. With that positive attitude, she broke barriers in the music industry.<\/span><\/p><p class=\"\" style=\"text-align: left;\" data-start=\"1488\" data-end=\"1620\"><span style=\"color: #333333;\">On another occasion, he said:<strong> \"Success doesn't come by itself, you have to fight every day.\"<\/strong>. This phrase reflects his work ethic and discipline.<\/span><\/p><p class=\"\" style=\"text-align: left;\" data-start=\"1622\" data-end=\"1738\"><span style=\"color: #333333;\"><strong>\"Music is a universal language. It unites people regardless of language.\"<\/strong>he commented during an awards ceremony.<\/span><\/p><p class=\"\" style=\"text-align: left;\" data-start=\"1740\" data-end=\"1870\"><span style=\"color: #333333;\"><strong>\"The most important thing is to stay humble, regardless of success.\"<\/strong>she often repeated. His simplicity was part of his enduring charm.<\/span><\/p><p class=\"\" style=\"text-align: left;\" data-start=\"1872\" data-end=\"1998\"><span style=\"color: #333333;\">These phrases are not only part of his artistic legacy, they are also guides for those seeking inspiration in everyday life.<\/span><\/p>\t\t\t\t\t\t\t\t<\/div>\n\t\t\t\t<\/div>\n\t\t\t\t\t<\/div>\n\t\t\t\t<\/div>\n\t\t\t\t<\/div>","protected":false},"excerpt":{"rendered":"<p>Frases Y Citas de Selena Frases y citas de Selena Quintanilla que inspiran para siempre Frases y citas de Selena Quintanilla revelan el alma de una artista que no solo brill\u00f3 con su m\u00fasica, sino tambi\u00e9n con sus palabras. A lo largo de su vida, Selena comparti\u00f3 pensamientos llenos de humildad, fuerza y amor por&hellip;&nbsp;<\/p>","protected":false},"author":1,"featured_media":0,"parent":0,"menu_order":0,"comment_status":"closed","ping_status":"closed","template":"","meta":{"neve_meta_sidebar":"","neve_meta_container":"","neve_meta_enable_content_width":"","neve_meta_content_width":0,"neve_meta_title_alignment":"","neve_meta_author_avatar":"","neve_post_elements_order":"","neve_meta_disable_header":"","neve_meta_disable_footer":"","neve_meta_disable_title":"","neve_meta_reading_time":"","footnotes":""},"class_list":["post-2359","page","type-page","status-publish","hentry"],"yoast_head":"<!-- This site is optimized with the Yoast SEO Premium plugin v26.3 (Yoast SEO v27.2) - https:\/\/yoast.com\/product\/yoast-seo-premium-wordpress\/ -->\n<title>Frases y Citas de Selena Quintanilla | Inspiraci\u00f3n, M\u00fasica y Legado<\/title>\n<meta name=\"description\" content=\"Descubre las frases m\u00e1s memorables de Selena Quintanilla: citas inspiradoras sobre sue\u00f1os, esfuerzo y humildad que siguen tocando corazones\" \/>\n<meta name=\"robots\" content=\"index, follow, max-snippet:-1, max-image-preview:large, max-video-preview:-1\" \/>\n<link rel=\"canonical\" href=\"https:\/\/selenaquintanilla.micursoweb.es\/en\/frases-y-citas-de-selena\/\" \/>\n<meta property=\"og:locale\" content=\"en_US\" \/>\n<meta property=\"og:type\" content=\"article\" \/>\n<meta property=\"og:title\" content=\"Frases y Citas de Selena\" \/>\n<meta property=\"og:description\" content=\"Descubre las frases m\u00e1s memorables de Selena Quintanilla: citas inspiradoras sobre sue\u00f1os, esfuerzo y humildad que siguen tocando corazones\" \/>\n<meta property=\"og:url\" content=\"https:\/\/selenaquintanilla.micursoweb.es\/en\/frases-y-citas-de-selena\/\" \/>\n<meta property=\"og:site_name\" content=\"Selena La Reina del Tex-Mex\" \/>\n<meta property=\"article:modified_time\" content=\"2026-01-23T16:02:13+00:00\" \/>\n<meta property=\"og:image\" content=\"https:\/\/selenaquintanilla.micursoweb.es\/wp-content\/uploads\/2025\/05\/Great-Vibes-1.png\" \/>\n<meta name=\"twitter:card\" content=\"summary_large_image\" \/>\n<meta name=\"twitter:label1\" content=\"Est. reading time\" \/>\n\t<meta name=\"twitter:data1\" content=\"2 minutes\" \/>\n<script type=\"application\/ld+json\" class=\"yoast-schema-graph\">{\"@context\":\"https:\/\/schema.org\",\"@graph\":[{\"@type\":\"Article\",\"@id\":\"https:\/\/selenaquintanilla.micursoweb.es\/frases-y-citas-de-selena\/#article\",\"isPartOf\":{\"@id\":\"https:\/\/selenaquintanilla.micursoweb.es\/frases-y-citas-de-selena\/\"},\"author\":{\"name\":\"admin\",\"@id\":\"https:\/\/selenaquintanilla.micursoweb.es\/#\/schema\/person\/991ad32308202052a7550b86ee0c3fc0\"},\"headline\":\"Frases y Citas de Selena\",\"datePublished\":\"2025-05-04T03:46:38+00:00\",\"dateModified\":\"2026-01-23T16:02:13+00:00\",\"mainEntityOfPage\":{\"@id\":\"https:\/\/selenaquintanilla.micursoweb.es\/frases-y-citas-de-selena\/\"},\"wordCount\":314,\"publisher\":{\"@id\":\"https:\/\/selenaquintanilla.micursoweb.es\/#\/schema\/person\/991ad32308202052a7550b86ee0c3fc0\"},\"image\":{\"@id\":\"https:\/\/selenaquintanilla.micursoweb.es\/frases-y-citas-de-selena\/#primaryimage\"},\"thumbnailUrl\":\"https:\/\/selenaquintanilla.micursoweb.es\/wp-content\/uploads\/2025\/05\/Great-Vibes-1.png\",\"inLanguage\":\"en-US\"},{\"@type\":\"WebPage\",\"@id\":\"https:\/\/selenaquintanilla.micursoweb.es\/frases-y-citas-de-selena\/\",\"url\":\"https:\/\/selenaquintanilla.micursoweb.es\/frases-y-citas-de-selena\/\",\"name\":\"Frases y Citas de Selena Quintanilla | Inspiraci\u00f3n, M\u00fasica y Legado\",\"isPartOf\":{\"@id\":\"https:\/\/selenaquintanilla.micursoweb.es\/#website\"},\"primaryImageOfPage\":{\"@id\":\"https:\/\/selenaquintanilla.micursoweb.es\/frases-y-citas-de-selena\/#primaryimage\"},\"image\":{\"@id\":\"https:\/\/selenaquintanilla.micursoweb.es\/frases-y-citas-de-selena\/#primaryimage\"},\"thumbnailUrl\":\"https:\/\/selenaquintanilla.micursoweb.es\/wp-content\/uploads\/2025\/05\/Great-Vibes-1.png\",\"datePublished\":\"2025-05-04T03:46:38+00:00\",\"dateModified\":\"2026-01-23T16:02:13+00:00\",\"description\":\"Descubre las frases m\u00e1s memorables de Selena Quintanilla: citas inspiradoras sobre sue\u00f1os, esfuerzo y humildad que siguen tocando corazones\",\"breadcrumb\":{\"@id\":\"https:\/\/selenaquintanilla.micursoweb.es\/frases-y-citas-de-selena\/#breadcrumb\"},\"inLanguage\":\"en-US\",\"potentialAction\":[{\"@type\":\"ReadAction\",\"target\":[\"https:\/\/selenaquintanilla.micursoweb.es\/frases-y-citas-de-selena\/\"]}]},{\"@type\":\"ImageObject\",\"inLanguage\":\"en-US\",\"@id\":\"https:\/\/selenaquintanilla.micursoweb.es\/frases-y-citas-de-selena\/#primaryimage\",\"url\":\"https:\/\/selenaquintanilla.micursoweb.es\/wp-content\/uploads\/2025\/05\/Great-Vibes-1.png\",\"contentUrl\":\"https:\/\/selenaquintanilla.micursoweb.es\/wp-content\/uploads\/2025\/05\/Great-Vibes-1.png\"},{\"@type\":\"BreadcrumbList\",\"@id\":\"https:\/\/selenaquintanilla.micursoweb.es\/frases-y-citas-de-selena\/#breadcrumb\",\"itemListElement\":[{\"@type\":\"ListItem\",\"position\":1,\"name\":\"Portada\",\"item\":\"https:\/\/selenaquintanilla.micursoweb.es\/\"},{\"@type\":\"ListItem\",\"position\":2,\"name\":\"Frases y Citas de Selena\"}]},{\"@type\":\"WebSite\",\"@id\":\"https:\/\/selenaquintanilla.micursoweb.es\/#website\",\"url\":\"https:\/\/selenaquintanilla.micursoweb.es\/\",\"name\":\"Selena La Reina del Tex-Mex\",\"description\":\"Un espacio dedicado a la cultura Tex-Mex, el legado de Selena Quintanilla y su impacto musical\",\"publisher\":{\"@id\":\"https:\/\/selenaquintanilla.micursoweb.es\/#\/schema\/person\/991ad32308202052a7550b86ee0c3fc0\"},\"alternateName\":\"Selena\",\"potentialAction\":[{\"@type\":\"SearchAction\",\"target\":{\"@type\":\"EntryPoint\",\"urlTemplate\":\"https:\/\/selenaquintanilla.micursoweb.es\/?s={search_term_string}\"},\"query-input\":{\"@type\":\"PropertyValueSpecification\",\"valueRequired\":true,\"valueName\":\"search_term_string\"}}],\"inLanguage\":\"en-US\"},{\"@type\":[\"Person\",\"Organization\"],\"@id\":\"https:\/\/selenaquintanilla.micursoweb.es\/#\/schema\/person\/991ad32308202052a7550b86ee0c3fc0\",\"name\":\"admin\",\"image\":{\"@type\":\"ImageObject\",\"inLanguage\":\"en-US\",\"@id\":\"https:\/\/selenaquintanilla.micursoweb.es\/wp-content\/uploads\/2025\/03\/Selena_logo-removebg-preview.png\",\"url\":\"https:\/\/selenaquintanilla.micursoweb.es\/wp-content\/uploads\/2025\/03\/Selena_logo-removebg-preview.png\",\"contentUrl\":\"https:\/\/selenaquintanilla.micursoweb.es\/wp-content\/uploads\/2025\/03\/Selena_logo-removebg-preview.png\",\"width\":500,\"height\":500,\"caption\":\"admin\"},\"logo\":{\"@id\":\"https:\/\/selenaquintanilla.micursoweb.es\/wp-content\/uploads\/2025\/03\/Selena_logo-removebg-preview.png\"},\"sameAs\":[\"https:\/\/selenaquintanilla.micursoweb.es\"],\"url\":\"https:\/\/selenaquintanilla.micursoweb.es\/en\/author\/admin\/\"}]}<\/script>\n<!-- \/ Yoast SEO Premium plugin. -->","yoast_head_json":{"title":"Frases y Citas de Selena Quintanilla | Inspiraci\u00f3n, M\u00fasica y Legado","description":"Descubre las frases m\u00e1s memorables de Selena Quintanilla: citas inspiradoras sobre sue\u00f1os, esfuerzo y humildad que siguen tocando corazones","robots":{"index":"index","follow":"follow","max-snippet":"max-snippet:-1","max-image-preview":"max-image-preview:large","max-video-preview":"max-video-preview:-1"},"canonical":"https:\/\/selenaquintanilla.micursoweb.es\/en\/frases-y-citas-de-selena\/","og_locale":"en_US","og_type":"article","og_title":"Frases y Citas de Selena","og_description":"Descubre las frases m\u00e1s memorables de Selena Quintanilla: citas inspiradoras sobre sue\u00f1os, esfuerzo y humildad que siguen tocando corazones","og_url":"https:\/\/selenaquintanilla.micursoweb.es\/en\/frases-y-citas-de-selena\/","og_site_name":"Selena La Reina del Tex-Mex","article_modified_time":"2026-01-23T16:02:13+00:00","og_image":[{"url":"https:\/\/selenaquintanilla.micursoweb.es\/wp-content\/uploads\/2025\/05\/Great-Vibes-1.png","type":"","width":"","height":""}],"twitter_card":"summary_large_image","twitter_misc":{"Est. reading time":"2 minutes"},"schema":{"@context":"https:\/\/schema.org","@graph":[{"@type":"Article","@id":"https:\/\/selenaquintanilla.micursoweb.es\/frases-y-citas-de-selena\/#article","isPartOf":{"@id":"https:\/\/selenaquintanilla.micursoweb.es\/frases-y-citas-de-selena\/"},"author":{"name":"admin","@id":"https:\/\/selenaquintanilla.micursoweb.es\/#\/schema\/person\/991ad32308202052a7550b86ee0c3fc0"},"headline":"Frases y Citas de Selena","datePublished":"2025-05-04T03:46:38+00:00","dateModified":"2026-01-23T16:02:13+00:00","mainEntityOfPage":{"@id":"https:\/\/selenaquintanilla.micursoweb.es\/frases-y-citas-de-selena\/"},"wordCount":314,"publisher":{"@id":"https:\/\/selenaquintanilla.micursoweb.es\/#\/schema\/person\/991ad32308202052a7550b86ee0c3fc0"},"image":{"@id":"https:\/\/selenaquintanilla.micursoweb.es\/frases-y-citas-de-selena\/#primaryimage"},"thumbnailUrl":"https:\/\/selenaquintanilla.micursoweb.es\/wp-content\/uploads\/2025\/05\/Great-Vibes-1.png","inLanguage":"en-US"},{"@type":"WebPage","@id":"https:\/\/selenaquintanilla.micursoweb.es\/frases-y-citas-de-selena\/","url":"https:\/\/selenaquintanilla.micursoweb.es\/frases-y-citas-de-selena\/","name":"Frases y Citas de Selena Quintanilla | Inspiraci\u00f3n, M\u00fasica y Legado","isPartOf":{"@id":"https:\/\/selenaquintanilla.micursoweb.es\/#website"},"primaryImageOfPage":{"@id":"https:\/\/selenaquintanilla.micursoweb.es\/frases-y-citas-de-selena\/#primaryimage"},"image":{"@id":"https:\/\/selenaquintanilla.micursoweb.es\/frases-y-citas-de-selena\/#primaryimage"},"thumbnailUrl":"https:\/\/selenaquintanilla.micursoweb.es\/wp-content\/uploads\/2025\/05\/Great-Vibes-1.png","datePublished":"2025-05-04T03:46:38+00:00","dateModified":"2026-01-23T16:02:13+00:00","description":"Descubre las frases m\u00e1s memorables de Selena Quintanilla: citas inspiradoras sobre sue\u00f1os, esfuerzo y humildad que siguen tocando corazones","breadcrumb":{"@id":"https:\/\/selenaquintanilla.micursoweb.es\/frases-y-citas-de-selena\/#breadcrumb"},"inLanguage":"en-US","potentialAction":[{"@type":"ReadAction","target":["https:\/\/selenaquintanilla.micursoweb.es\/frases-y-citas-de-selena\/"]}]},{"@type":"ImageObject","inLanguage":"en-US","@id":"https:\/\/selenaquintanilla.micursoweb.es\/frases-y-citas-de-selena\/#primaryimage","url":"https:\/\/selenaquintanilla.micursoweb.es\/wp-content\/uploads\/2025\/05\/Great-Vibes-1.png","contentUrl":"https:\/\/selenaquintanilla.micursoweb.es\/wp-content\/uploads\/2025\/05\/Great-Vibes-1.png"},{"@type":"BreadcrumbList","@id":"https:\/\/selenaquintanilla.micursoweb.es\/frases-y-citas-de-selena\/#breadcrumb","itemListElement":[{"@type":"ListItem","position":1,"name":"Portada","item":"https:\/\/selenaquintanilla.micursoweb.es\/"},{"@type":"ListItem","position":2,"name":"Frases y Citas de Selena"}]},{"@type":"WebSite","@id":"https:\/\/selenaquintanilla.micursoweb.es\/#website","url":"https:\/\/selenaquintanilla.micursoweb.es\/","name":"Selena The Queen of Tex-Mex","description":"A space dedicated to Tex-Mex culture, the legacy of Selena Quintanilla and her musical impact.","publisher":{"@id":"https:\/\/selenaquintanilla.micursoweb.es\/#\/schema\/person\/991ad32308202052a7550b86ee0c3fc0"},"alternateName":"Selena","potentialAction":[{"@type":"SearchAction","target":{"@type":"EntryPoint","urlTemplate":"https:\/\/selenaquintanilla.micursoweb.es\/?s={search_term_string}"},"query-input":{"@type":"PropertyValueSpecification","valueRequired":true,"valueName":"search_term_string"}}],"inLanguage":"en-US"},{"@type":["Person","Organization"],"@id":"https:\/\/selenaquintanilla.micursoweb.es\/#\/schema\/person\/991ad32308202052a7550b86ee0c3fc0","name":"admin","image":{"@type":"ImageObject","inLanguage":"en-US","@id":"https:\/\/selenaquintanilla.micursoweb.es\/wp-content\/uploads\/2025\/03\/Selena_logo-removebg-preview.png","url":"https:\/\/selenaquintanilla.micursoweb.es\/wp-content\/uploads\/2025\/03\/Selena_logo-removebg-preview.png","contentUrl":"https:\/\/selenaquintanilla.micursoweb.es\/wp-content\/uploads\/2025\/03\/Selena_logo-removebg-preview.png","width":500,"height":500,"caption":"admin"},"logo":{"@id":"https:\/\/selenaquintanilla.micursoweb.es\/wp-content\/uploads\/2025\/03\/Selena_logo-removebg-preview.png"},"sameAs":["https:\/\/selenaquintanilla.micursoweb.es"],"url":"https:\/\/selenaquintanilla.micursoweb.es\/en\/author\/admin\/"}]}},"_links":{"self":[{"href":"https:\/\/selenaquintanilla.micursoweb.es\/en\/wp-json\/wp\/v2\/pages\/2359","targetHints":{"allow":["GET"]}}],"collection":[{"href":"https:\/\/selenaquintanilla.micursoweb.es\/en\/wp-json\/wp\/v2\/pages"}],"about":[{"href":"https:\/\/selenaquintanilla.micursoweb.es\/en\/wp-json\/wp\/v2\/types\/page"}],"author":[{"embeddable":true,"href":"https:\/\/selenaquintanilla.micursoweb.es\/en\/wp-json\/wp\/v2\/users\/1"}],"replies":[{"embeddable":true,"href":"https:\/\/selenaquintanilla.micursoweb.es\/en\/wp-json\/wp\/v2\/comments?post=2359"}],"version-history":[{"count":0,"href":"https:\/\/selenaquintanilla.micursoweb.es\/en\/wp-json\/wp\/v2\/pages\/2359\/revisions"}],"wp:attachment":[{"href":"https:\/\/selenaquintanilla.micursoweb.es\/en\/wp-json\/wp\/v2\/media?parent=2359"}],"curies":[{"name":"wp","href":"https:\/\/api.w.org\/{rel}","templated":true}]}}