{"id":1514,"date":"2025-04-21T18:13:45","date_gmt":"2025-04-21T16:13:45","guid":{"rendered":"https:\/\/selenaquintanilla.micursoweb.es\/?page_id=1514"},"modified":"2026-02-01T14:25:09","modified_gmt":"2026-02-01T13:25:09","slug":"aviso-legal","status":"publish","type":"page","link":"https:\/\/selenaquintanilla.micursoweb.es\/en\/aviso-legal\/","title":{"rendered":"Legal Notice"},"content":{"rendered":"<div data-elementor-type=\"wp-page\" data-elementor-id=\"1514\" class=\"elementor elementor-1514\" data-elementor-post-type=\"page\">\n\t\t\t\t<div class=\"elementor-element elementor-element-3a61a3c e-flex e-con-boxed e-con e-parent\" data-id=\"3a61a3c\" data-element_type=\"container\" data-e-type=\"container\">\n\t\t\t\t\t<div class=\"e-con-inner\">\n\t\t\t\t<div class=\"elementor-element elementor-element-faa6dff elementor-widget elementor-widget-heading\" data-id=\"faa6dff\" data-element_type=\"widget\" data-e-type=\"widget\" data-widget_type=\"heading.default\">\n\t\t\t\t<div class=\"elementor-widget-container\">\n\t\t\t\t\t<h1 class=\"elementor-heading-title elementor-size-default\">Legal Notice<\/h1>\t\t\t\t<\/div>\n\t\t\t\t<\/div>\n\t\t\t\t\t<\/div>\n\t\t\t\t<\/div>\n\t\t<div class=\"elementor-element elementor-element-eafe019 e-flex e-con-boxed e-con e-parent\" data-id=\"eafe019\" data-element_type=\"container\" data-e-type=\"container\">\n\t\t\t\t\t<div class=\"e-con-inner\">\n\t\t\t\t<div class=\"elementor-element elementor-element-0aa84b7 elementor-widget elementor-widget-image\" data-id=\"0aa84b7\" data-element_type=\"widget\" data-e-type=\"widget\" data-widget_type=\"image.default\">\n\t\t\t\t<div class=\"elementor-widget-container\">\n\t\t\t\t\t\t\t\t\t\t\t\t\t\t\t<img fetchpriority=\"high\" decoding=\"async\" width=\"500\" height=\"250\" src=\"https:\/\/selenaquintanilla.micursoweb.es\/wp-content\/uploads\/2025\/04\/Aviso-Legal.png\" class=\"attachment-large size-large wp-image-2126\" alt=\"Aviso Legal\" srcset=\"https:\/\/selenaquintanilla.micursoweb.es\/wp-content\/uploads\/2025\/04\/Aviso-Legal.png 500w, https:\/\/selenaquintanilla.micursoweb.es\/wp-content\/uploads\/2025\/04\/Aviso-Legal-300x150.png 300w\" sizes=\"(max-width: 500px) 100vw, 500px\" \/>\t\t\t\t\t\t\t\t\t\t\t\t\t\t\t<\/div>\n\t\t\t\t<\/div>\n\t\t\t\t\t<\/div>\n\t\t\t\t<\/div>\n\t\t<div class=\"elementor-element elementor-element-c65dc61 e-flex e-con-boxed e-con e-parent\" data-id=\"c65dc61\" data-element_type=\"container\" data-e-type=\"container\">\n\t\t\t\t\t<div class=\"e-con-inner\">\n\t\t\t\t<div class=\"elementor-element elementor-element-1974a26 elementor-widget elementor-widget-text-editor\" data-id=\"1974a26\" data-element_type=\"widget\" data-e-type=\"widget\" data-widget_type=\"text-editor.default\">\n\t\t\t\t<div class=\"elementor-widget-container\">\n\t\t\t\t\t\t\t\t\t<p class=\"\" style=\"text-align: left;\" data-start=\"639\" data-end=\"834\"><span style=\"color: #333333;\">Bienvenido a https:\/\/selenaquintanilla.micursoweb.es\/ . A trav\u00e9s de este Aviso Legal te informamos sobre las condiciones de uso del sitio, la responsabilidad sobre los contenidos y la protecci\u00f3n de tus derechos como usuario.<\/span><\/p><p class=\"\" style=\"text-align: left;\" data-start=\"836\" data-end=\"923\"><span style=\"color: #333333;\">In addition, it is important to read this legal information carefully before browsing our website.<\/span><\/p>\t\t\t\t\t\t\t\t<\/div>\n\t\t\t\t<\/div>\n\t\t\t\t\t<\/div>\n\t\t\t\t<\/div>\n\t\t<div class=\"elementor-element elementor-element-d723da6 e-flex e-con-boxed e-con e-parent\" data-id=\"d723da6\" data-element_type=\"container\" data-e-type=\"container\">\n\t\t\t\t\t<div class=\"e-con-inner\">\n\t\t\t\t<div class=\"elementor-element elementor-element-6ad01f7 elementor-widget elementor-widget-heading\" data-id=\"6ad01f7\" data-element_type=\"widget\" data-e-type=\"widget\" data-widget_type=\"heading.default\">\n\t\t\t\t<div class=\"elementor-widget-container\">\n\t\t\t\t\t<h2 class=\"elementor-heading-title elementor-size-default\">Legal Notice: Ownership of the website<\/h2>\t\t\t\t<\/div>\n\t\t\t\t<\/div>\n\t\t\t\t\t<\/div>\n\t\t\t\t<\/div>\n\t\t<div class=\"elementor-element elementor-element-7b2f6a0 e-flex e-con-boxed e-con e-parent\" data-id=\"7b2f6a0\" data-element_type=\"container\" data-e-type=\"container\">\n\t\t\t\t\t<div class=\"e-con-inner\">\n\t\t\t\t<div class=\"elementor-element elementor-element-b1f7221 elementor-widget elementor-widget-text-editor\" data-id=\"b1f7221\" data-element_type=\"widget\" data-e-type=\"widget\" data-widget_type=\"text-editor.default\">\n\t\t\t\t<div class=\"elementor-widget-container\">\n\t\t\t\t\t\t\t\t\t<p class=\"\" style=\"text-align: left;\" data-start=\"217\" data-end=\"440\"><span style=\"color: #333333;\">El presente sitio web, https:\/\/selenaquintanilla.micursoweb.es\/, es un proyecto acad\u00e9mico creado con fines exclusivamente formativos y de aprendizaje. Adem\u00e1s, no representa a ninguna entidad legal registrada ni persigue objetivos comerciales.<\/span><\/p><p class=\"\" style=\"text-align: left;\" data-start=\"442\" data-end=\"687\"><span style=\"color: #333333;\">If you wish to contact us or have any questions related to this site, you can easily do so through the form available on the contact page. In this way, we will offer you a quick and personalized response.<\/span><\/p><p class=\"\" style=\"text-align: left;\" data-start=\"689\" data-end=\"921\"><span style=\"color: #333333;\">This legal information establishes the rules of access, use and navigation conditions that all users must respect while visiting the portal. In this way we guarantee a clear, safe and transparent environment for the community.<\/span><\/p>\t\t\t\t\t\t\t\t<\/div>\n\t\t\t\t<\/div>\n\t\t\t\t\t<\/div>\n\t\t\t\t<\/div>\n\t\t<div class=\"elementor-element elementor-element-e098788 e-flex e-con-boxed e-con e-parent\" data-id=\"e098788\" data-element_type=\"container\" data-e-type=\"container\">\n\t\t\t\t\t<div class=\"e-con-inner\">\n\t\t\t\t<div class=\"elementor-element elementor-element-f067de5 elementor-widget elementor-widget-heading\" data-id=\"f067de5\" data-element_type=\"widget\" data-e-type=\"widget\" data-widget_type=\"heading.default\">\n\t\t\t\t<div class=\"elementor-widget-container\">\n\t\t\t\t\t<h2 class=\"elementor-heading-title elementor-size-default\">Terms and conditions of use<\/h2>\t\t\t\t<\/div>\n\t\t\t\t<\/div>\n\t\t\t\t\t<\/div>\n\t\t\t\t<\/div>\n\t\t<div class=\"elementor-element elementor-element-d298c73 e-flex e-con-boxed e-con e-parent\" data-id=\"d298c73\" data-element_type=\"container\" data-e-type=\"container\">\n\t\t\t\t\t<div class=\"e-con-inner\">\n\t\t\t\t<div class=\"elementor-element elementor-element-275fd5c elementor-widget elementor-widget-text-editor\" data-id=\"275fd5c\" data-element_type=\"widget\" data-e-type=\"widget\" data-widget_type=\"text-editor.default\">\n\t\t\t\t<div class=\"elementor-widget-container\">\n\t\t\t\t\t\t\t\t\t<p class=\"\" style=\"text-align: left;\" data-start=\"1325\" data-end=\"1573\"><span style=\"color: #333333;\">El acceso y uso de https:\/\/selenaquintanilla.micursoweb.es\/ atribuyen la condici\u00f3n de usuario e implican la aceptaci\u00f3n plena de todas las cl\u00e1usulas.<\/span><span style=\"color: #333333;\">The user agrees to make proper use of the site, respecting the law and the rights of third parties.<\/span><\/p><p class=\"\" style=\"text-align: left;\" data-start=\"1575\" data-end=\"1696\"><span style=\"color: #333333;\">Queda prohibido el uso del sitio para fines il\u00edcitos, lesivos o que puedan da\u00f1ar la imagen de https:\/\/selenaquintanilla.micursoweb.es\/ o de terceros.<\/span><\/p>\t\t\t\t\t\t\t\t<\/div>\n\t\t\t\t<\/div>\n\t\t\t\t\t<\/div>\n\t\t\t\t<\/div>\n\t\t<div class=\"elementor-element elementor-element-3ffb841 e-flex e-con-boxed e-con e-parent\" data-id=\"3ffb841\" data-element_type=\"container\" data-e-type=\"container\">\n\t\t\t\t\t<div class=\"e-con-inner\">\n\t\t\t\t<div class=\"elementor-element elementor-element-df5bc63 elementor-widget elementor-widget-heading\" data-id=\"df5bc63\" data-element_type=\"widget\" data-e-type=\"widget\" data-widget_type=\"heading.default\">\n\t\t\t\t<div class=\"elementor-widget-container\">\n\t\t\t\t\t<h2 class=\"elementor-heading-title elementor-size-default\">Responsibility for contents<\/h2>\t\t\t\t<\/div>\n\t\t\t\t<\/div>\n\t\t\t\t\t<\/div>\n\t\t\t\t<\/div>\n\t\t<div class=\"elementor-element elementor-element-333b2db e-flex e-con-boxed e-con e-parent\" data-id=\"333b2db\" data-element_type=\"container\" data-e-type=\"container\">\n\t\t\t\t\t<div class=\"e-con-inner\">\n\t\t\t\t<div class=\"elementor-element elementor-element-6432dde elementor-widget elementor-widget-text-editor\" data-id=\"6432dde\" data-element_type=\"widget\" data-e-type=\"widget\" data-widget_type=\"text-editor.default\">\n\t\t\t\t<div class=\"elementor-widget-container\">\n\t\t\t\t\t\t\t\t\t<p class=\"\" style=\"text-align: left;\" data-start=\"2133\" data-end=\"2385\"><span style=\"color: #333333;\">Mi curso web is not responsible for any errors or omissions in the contents, nor for any damages arising from the use of the published information.<\/span><br data-start=\"2277\" data-end=\"2280\" \/><span style=\"color: #333333;\">We are also not responsible for the legality of other third party websites that may be linked to.<\/span><\/p><p class=\"\" style=\"text-align: left;\" data-start=\"2387\" data-end=\"2525\"><span style=\"color: #333333;\">We reserve the right to modify or delete content without prior notice, in order to maintain the quality and updating of the information.<\/span><\/p>\t\t\t\t\t\t\t\t<\/div>\n\t\t\t\t<\/div>\n\t\t\t\t\t<\/div>\n\t\t\t\t<\/div>\n\t\t<div class=\"elementor-element elementor-element-8318163 e-flex e-con-boxed e-con e-parent\" data-id=\"8318163\" data-element_type=\"container\" data-e-type=\"container\">\n\t\t\t\t\t<div class=\"e-con-inner\">\n\t\t\t\t<div class=\"elementor-element elementor-element-e327a8e elementor-widget elementor-widget-heading\" data-id=\"e327a8e\" data-element_type=\"widget\" data-e-type=\"widget\" data-widget_type=\"heading.default\">\n\t\t\t\t<div class=\"elementor-widget-container\">\n\t\t\t\t\t<h2 class=\"elementor-heading-title elementor-size-default\">External links<\/h2>\t\t\t\t<\/div>\n\t\t\t\t<\/div>\n\t\t\t\t\t<\/div>\n\t\t\t\t<\/div>\n\t\t<div class=\"elementor-element elementor-element-df47501 e-flex e-con-boxed e-con e-parent\" data-id=\"df47501\" data-element_type=\"container\" data-e-type=\"container\">\n\t\t\t\t\t<div class=\"e-con-inner\">\n\t\t\t\t<div class=\"elementor-element elementor-element-8c5a706 elementor-widget elementor-widget-text-editor\" data-id=\"8c5a706\" data-element_type=\"widget\" data-e-type=\"widget\" data-widget_type=\"text-editor.default\">\n\t\t\t\t<div class=\"elementor-widget-container\">\n\t\t\t\t\t\t\t\t\t<p class=\"\" style=\"text-align: left;\" data-start=\"2548\" data-end=\"2743\"><span style=\"color: #333333;\">This website may contain links to other sites that are not managed by Mi Curso Web.<\/span><br data-start=\"2642\" data-end=\"2645\" \/><span style=\"color: #333333;\">We are not responsible for the content or privacy policies of these external sites.<\/span><\/p><p class=\"\" style=\"text-align: left;\" data-start=\"2745\" data-end=\"2821\"><span style=\"color: #333333;\">We recommend you review their own terms and policies when accessing them.<\/span><\/p>\t\t\t\t\t\t\t\t<\/div>\n\t\t\t\t<\/div>\n\t\t\t\t\t<\/div>\n\t\t\t\t<\/div>\n\t\t<div class=\"elementor-element elementor-element-cca2e75 e-flex e-con-boxed e-con e-parent\" data-id=\"cca2e75\" data-element_type=\"container\" data-e-type=\"container\">\n\t\t\t\t\t<div class=\"e-con-inner\">\n\t\t\t\t<div class=\"elementor-element elementor-element-60fc818 elementor-widget elementor-widget-heading\" data-id=\"60fc818\" data-element_type=\"widget\" data-e-type=\"widget\" data-widget_type=\"heading.default\">\n\t\t\t\t<div class=\"elementor-widget-container\">\n\t\t\t\t\t<h2 class=\"elementor-heading-title elementor-size-default\">Modifications to the Legal Notice<\/h2>\t\t\t\t<\/div>\n\t\t\t\t<\/div>\n\t\t\t\t\t<\/div>\n\t\t\t\t<\/div>\n\t\t<div class=\"elementor-element elementor-element-107e0bb e-flex e-con-boxed e-con e-parent\" data-id=\"107e0bb\" data-element_type=\"container\" data-e-type=\"container\">\n\t\t\t\t\t<div class=\"e-con-inner\">\n\t\t\t\t<div class=\"elementor-element elementor-element-c5108d6 elementor-widget elementor-widget-text-editor\" data-id=\"c5108d6\" data-element_type=\"widget\" data-e-type=\"widget\" data-widget_type=\"text-editor.default\">\n\t\t\t\t<div class=\"elementor-widget-container\">\n\t\t\t\t\t\t\t\t\t<p class=\"\" style=\"text-align: left;\" data-start=\"2858\" data-end=\"3015\"><span style=\"color: #333333;\">We reserve the right to update this Legal Notice at any time.<\/span><br data-start=\"2936\" data-end=\"2939\" \/><span style=\"color: #333333;\">Any changes will become effective upon publication on this page.<\/span><\/p><p class=\"\" style=\"text-align: left;\" data-start=\"3017\" data-end=\"3121\"><span style=\"color: #333333;\">We advise you to review this Legal Notice periodically to be informed of its current conditions.<\/span><\/p><p class=\"\" style=\"text-align: left;\" data-start=\"3123\" data-end=\"3165\"><span style=\"color: #333333;\">Last update: April 14, 2025.<\/span><\/p><p class=\"\" style=\"text-align: left;\" data-start=\"3167\" data-end=\"3295\"><span style=\"color: #333333;\">To learn more about how we handle your personal data, please visit our<\/span> <a href=\"https:\/\/selenaquintanilla.micursoweb.es\/en\/politica-de-privacidad\/\" rel=\"noopener\" data-start=\"3245\" data-end=\"3294\">Privacy Policy<\/a>.<\/p>\t\t\t\t\t\t\t\t<\/div>\n\t\t\t\t<\/div>\n\t\t\t\t\t<\/div>\n\t\t\t\t<\/div>\n\t\t\t\t<\/div>","protected":false},"excerpt":{"rendered":"<p>Aviso Legal Bienvenido a https:\/\/selenaquintanilla.micursoweb.es\/ . A trav\u00e9s de este Aviso Legal te informamos sobre las condiciones de uso del sitio, la responsabilidad sobre los contenidos y la protecci\u00f3n de tus derechos como usuario. Adem\u00e1s, es importante leer atentamente esta informaci\u00f3n legal antes de navegar por nuestro sitio web. Aviso Legal: Titularidad del sitio web&hellip;&nbsp;<\/p>","protected":false},"author":4,"featured_media":0,"parent":0,"menu_order":0,"comment_status":"closed","ping_status":"closed","template":"","meta":{"neve_meta_sidebar":"","neve_meta_container":"","neve_meta_enable_content_width":"","neve_meta_content_width":0,"neve_meta_title_alignment":"","neve_meta_author_avatar":"","neve_post_elements_order":"","neve_meta_disable_header":"","neve_meta_disable_footer":"","neve_meta_disable_title":"","neve_meta_reading_time":"","footnotes":""},"class_list":["post-1514","page","type-page","status-publish","hentry"],"yoast_head":"<!-- This site is optimized with the Yoast SEO Premium plugin v26.3 (Yoast SEO v27.2) - https:\/\/yoast.com\/product\/yoast-seo-premium-wordpress\/ -->\n<title>Aviso Legal-T\u00e9rminos y Condiciones-Selena, la Reina del Tex-Mex<\/title>\n<meta name=\"description\" content=\"Lee el Aviso Legal de Selena, la Reina del Tex-Mex, para conocer los t\u00e9rminos y condiciones de uso, as\u00ed como nuestra pol\u00edtica de privacidad\" \/>\n<meta name=\"robots\" content=\"index, follow, max-snippet:-1, max-image-preview:large, max-video-preview:-1\" \/>\n<link rel=\"canonical\" href=\"https:\/\/selenaquintanilla.micursoweb.es\/en\/aviso-legal\/\" \/>\n<meta property=\"og:locale\" content=\"en_US\" \/>\n<meta property=\"og:type\" content=\"article\" \/>\n<meta property=\"og:title\" content=\"Aviso Legal\" \/>\n<meta property=\"og:description\" content=\"Lee el Aviso Legal de Selena, la Reina del Tex-Mex, para conocer los t\u00e9rminos y condiciones de uso, as\u00ed como nuestra pol\u00edtica de privacidad\" \/>\n<meta property=\"og:url\" content=\"https:\/\/selenaquintanilla.micursoweb.es\/en\/aviso-legal\/\" \/>\n<meta property=\"og:site_name\" content=\"Selena La Reina del Tex-Mex\" \/>\n<meta property=\"article:modified_time\" content=\"2026-02-01T13:25:09+00:00\" \/>\n<meta property=\"og:image\" content=\"https:\/\/selenaquintanilla.micursoweb.es\/wp-content\/uploads\/2025\/04\/Aviso-Legal.png\" \/>\n\t<meta property=\"og:image:width\" content=\"500\" \/>\n\t<meta property=\"og:image:height\" content=\"250\" \/>\n\t<meta property=\"og:image:type\" content=\"image\/png\" \/>\n<meta name=\"twitter:card\" content=\"summary_large_image\" \/>\n<meta name=\"twitter:label1\" content=\"Est. reading time\" \/>\n\t<meta name=\"twitter:data1\" content=\"3 minutes\" \/>\n<script type=\"application\/ld+json\" class=\"yoast-schema-graph\">{\"@context\":\"https:\/\/schema.org\",\"@graph\":[{\"@type\":\"WebPage\",\"@id\":\"https:\/\/selenaquintanilla.micursoweb.es\/aviso-legal\/\",\"url\":\"https:\/\/selenaquintanilla.micursoweb.es\/aviso-legal\/\",\"name\":\"Aviso Legal-T\u00e9rminos y Condiciones-Selena, la Reina del Tex-Mex\",\"isPartOf\":{\"@id\":\"https:\/\/selenaquintanilla.micursoweb.es\/#website\"},\"primaryImageOfPage\":{\"@id\":\"https:\/\/selenaquintanilla.micursoweb.es\/aviso-legal\/#primaryimage\"},\"image\":{\"@id\":\"https:\/\/selenaquintanilla.micursoweb.es\/aviso-legal\/#primaryimage\"},\"thumbnailUrl\":\"https:\/\/selenaquintanilla.micursoweb.es\/wp-content\/uploads\/2025\/04\/Aviso-Legal.png\",\"datePublished\":\"2025-04-21T16:13:45+00:00\",\"dateModified\":\"2026-02-01T13:25:09+00:00\",\"description\":\"Lee el Aviso Legal de Selena, la Reina del Tex-Mex, para conocer los t\u00e9rminos y condiciones de uso, as\u00ed como nuestra pol\u00edtica de privacidad\",\"breadcrumb\":{\"@id\":\"https:\/\/selenaquintanilla.micursoweb.es\/aviso-legal\/#breadcrumb\"},\"inLanguage\":\"en-US\",\"potentialAction\":[{\"@type\":\"ReadAction\",\"target\":[\"https:\/\/selenaquintanilla.micursoweb.es\/aviso-legal\/\"]}]},{\"@type\":\"ImageObject\",\"inLanguage\":\"en-US\",\"@id\":\"https:\/\/selenaquintanilla.micursoweb.es\/aviso-legal\/#primaryimage\",\"url\":\"https:\/\/selenaquintanilla.micursoweb.es\/wp-content\/uploads\/2025\/04\/Aviso-Legal.png\",\"contentUrl\":\"https:\/\/selenaquintanilla.micursoweb.es\/wp-content\/uploads\/2025\/04\/Aviso-Legal.png\"},{\"@type\":\"BreadcrumbList\",\"@id\":\"https:\/\/selenaquintanilla.micursoweb.es\/aviso-legal\/#breadcrumb\",\"itemListElement\":[{\"@type\":\"ListItem\",\"position\":1,\"name\":\"Portada\",\"item\":\"https:\/\/selenaquintanilla.micursoweb.es\/\"},{\"@type\":\"ListItem\",\"position\":2,\"name\":\"Aviso Legal\"}]},{\"@type\":\"WebSite\",\"@id\":\"https:\/\/selenaquintanilla.micursoweb.es\/#website\",\"url\":\"https:\/\/selenaquintanilla.micursoweb.es\/\",\"name\":\"Selena La Reina del Tex-Mex\",\"description\":\"Un espacio dedicado a la cultura Tex-Mex, el legado de Selena Quintanilla y su impacto musical\",\"publisher\":{\"@id\":\"https:\/\/selenaquintanilla.micursoweb.es\/#\/schema\/person\/991ad32308202052a7550b86ee0c3fc0\"},\"alternateName\":\"Selena\",\"potentialAction\":[{\"@type\":\"SearchAction\",\"target\":{\"@type\":\"EntryPoint\",\"urlTemplate\":\"https:\/\/selenaquintanilla.micursoweb.es\/?s={search_term_string}\"},\"query-input\":{\"@type\":\"PropertyValueSpecification\",\"valueRequired\":true,\"valueName\":\"search_term_string\"}}],\"inLanguage\":\"en-US\"},{\"@type\":[\"Person\",\"Organization\"],\"@id\":\"https:\/\/selenaquintanilla.micursoweb.es\/#\/schema\/person\/991ad32308202052a7550b86ee0c3fc0\",\"name\":\"admin\",\"image\":{\"@type\":\"ImageObject\",\"inLanguage\":\"en-US\",\"@id\":\"https:\/\/selenaquintanilla.micursoweb.es\/wp-content\/uploads\/2025\/03\/Selena_logo-removebg-preview.png\",\"url\":\"https:\/\/selenaquintanilla.micursoweb.es\/wp-content\/uploads\/2025\/03\/Selena_logo-removebg-preview.png\",\"contentUrl\":\"https:\/\/selenaquintanilla.micursoweb.es\/wp-content\/uploads\/2025\/03\/Selena_logo-removebg-preview.png\",\"width\":500,\"height\":500,\"caption\":\"admin\"},\"logo\":{\"@id\":\"https:\/\/selenaquintanilla.micursoweb.es\/wp-content\/uploads\/2025\/03\/Selena_logo-removebg-preview.png\"},\"sameAs\":[\"https:\/\/selenaquintanilla.micursoweb.es\"]}]}<\/script>\n<!-- \/ Yoast SEO Premium plugin. -->","yoast_head_json":{"title":"Aviso Legal-T\u00e9rminos y Condiciones-Selena, la Reina del Tex-Mex","description":"Lee el Aviso Legal de Selena, la Reina del Tex-Mex, para conocer los t\u00e9rminos y condiciones de uso, as\u00ed como nuestra pol\u00edtica de privacidad","robots":{"index":"index","follow":"follow","max-snippet":"max-snippet:-1","max-image-preview":"max-image-preview:large","max-video-preview":"max-video-preview:-1"},"canonical":"https:\/\/selenaquintanilla.micursoweb.es\/en\/aviso-legal\/","og_locale":"en_US","og_type":"article","og_title":"Aviso Legal","og_description":"Lee el Aviso Legal de Selena, la Reina del Tex-Mex, para conocer los t\u00e9rminos y condiciones de uso, as\u00ed como nuestra pol\u00edtica de privacidad","og_url":"https:\/\/selenaquintanilla.micursoweb.es\/en\/aviso-legal\/","og_site_name":"Selena La Reina del Tex-Mex","article_modified_time":"2026-02-01T13:25:09+00:00","og_image":[{"width":500,"height":250,"url":"https:\/\/selenaquintanilla.micursoweb.es\/wp-content\/uploads\/2025\/04\/Aviso-Legal.png","type":"image\/png"}],"twitter_card":"summary_large_image","twitter_misc":{"Est. reading time":"3 minutes"},"schema":{"@context":"https:\/\/schema.org","@graph":[{"@type":"WebPage","@id":"https:\/\/selenaquintanilla.micursoweb.es\/aviso-legal\/","url":"https:\/\/selenaquintanilla.micursoweb.es\/aviso-legal\/","name":"Aviso Legal-T\u00e9rminos y Condiciones-Selena, la Reina del Tex-Mex","isPartOf":{"@id":"https:\/\/selenaquintanilla.micursoweb.es\/#website"},"primaryImageOfPage":{"@id":"https:\/\/selenaquintanilla.micursoweb.es\/aviso-legal\/#primaryimage"},"image":{"@id":"https:\/\/selenaquintanilla.micursoweb.es\/aviso-legal\/#primaryimage"},"thumbnailUrl":"https:\/\/selenaquintanilla.micursoweb.es\/wp-content\/uploads\/2025\/04\/Aviso-Legal.png","datePublished":"2025-04-21T16:13:45+00:00","dateModified":"2026-02-01T13:25:09+00:00","description":"Lee el Aviso Legal de Selena, la Reina del Tex-Mex, para conocer los t\u00e9rminos y condiciones de uso, as\u00ed como nuestra pol\u00edtica de privacidad","breadcrumb":{"@id":"https:\/\/selenaquintanilla.micursoweb.es\/aviso-legal\/#breadcrumb"},"inLanguage":"en-US","potentialAction":[{"@type":"ReadAction","target":["https:\/\/selenaquintanilla.micursoweb.es\/aviso-legal\/"]}]},{"@type":"ImageObject","inLanguage":"en-US","@id":"https:\/\/selenaquintanilla.micursoweb.es\/aviso-legal\/#primaryimage","url":"https:\/\/selenaquintanilla.micursoweb.es\/wp-content\/uploads\/2025\/04\/Aviso-Legal.png","contentUrl":"https:\/\/selenaquintanilla.micursoweb.es\/wp-content\/uploads\/2025\/04\/Aviso-Legal.png"},{"@type":"BreadcrumbList","@id":"https:\/\/selenaquintanilla.micursoweb.es\/aviso-legal\/#breadcrumb","itemListElement":[{"@type":"ListItem","position":1,"name":"Portada","item":"https:\/\/selenaquintanilla.micursoweb.es\/"},{"@type":"ListItem","position":2,"name":"Aviso Legal"}]},{"@type":"WebSite","@id":"https:\/\/selenaquintanilla.micursoweb.es\/#website","url":"https:\/\/selenaquintanilla.micursoweb.es\/","name":"Selena The Queen of Tex-Mex","description":"A space dedicated to Tex-Mex culture, the legacy of Selena Quintanilla and her musical impact.","publisher":{"@id":"https:\/\/selenaquintanilla.micursoweb.es\/#\/schema\/person\/991ad32308202052a7550b86ee0c3fc0"},"alternateName":"Selena","potentialAction":[{"@type":"SearchAction","target":{"@type":"EntryPoint","urlTemplate":"https:\/\/selenaquintanilla.micursoweb.es\/?s={search_term_string}"},"query-input":{"@type":"PropertyValueSpecification","valueRequired":true,"valueName":"search_term_string"}}],"inLanguage":"en-US"},{"@type":["Person","Organization"],"@id":"https:\/\/selenaquintanilla.micursoweb.es\/#\/schema\/person\/991ad32308202052a7550b86ee0c3fc0","name":"admin","image":{"@type":"ImageObject","inLanguage":"en-US","@id":"https:\/\/selenaquintanilla.micursoweb.es\/wp-content\/uploads\/2025\/03\/Selena_logo-removebg-preview.png","url":"https:\/\/selenaquintanilla.micursoweb.es\/wp-content\/uploads\/2025\/03\/Selena_logo-removebg-preview.png","contentUrl":"https:\/\/selenaquintanilla.micursoweb.es\/wp-content\/uploads\/2025\/03\/Selena_logo-removebg-preview.png","width":500,"height":500,"caption":"admin"},"logo":{"@id":"https:\/\/selenaquintanilla.micursoweb.es\/wp-content\/uploads\/2025\/03\/Selena_logo-removebg-preview.png"},"sameAs":["https:\/\/selenaquintanilla.micursoweb.es"]}]}},"_links":{"self":[{"href":"https:\/\/selenaquintanilla.micursoweb.es\/en\/wp-json\/wp\/v2\/pages\/1514","targetHints":{"allow":["GET"]}}],"collection":[{"href":"https:\/\/selenaquintanilla.micursoweb.es\/en\/wp-json\/wp\/v2\/pages"}],"about":[{"href":"https:\/\/selenaquintanilla.micursoweb.es\/en\/wp-json\/wp\/v2\/types\/page"}],"author":[{"embeddable":true,"href":"https:\/\/selenaquintanilla.micursoweb.es\/en\/wp-json\/wp\/v2\/users\/4"}],"replies":[{"embeddable":true,"href":"https:\/\/selenaquintanilla.micursoweb.es\/en\/wp-json\/wp\/v2\/comments?post=1514"}],"version-history":[{"count":0,"href":"https:\/\/selenaquintanilla.micursoweb.es\/en\/wp-json\/wp\/v2\/pages\/1514\/revisions"}],"wp:attachment":[{"href":"https:\/\/selenaquintanilla.micursoweb.es\/en\/wp-json\/wp\/v2\/media?parent=1514"}],"curies":[{"name":"wp","href":"https:\/\/api.w.org\/{rel}","templated":true}]}}