{"id":1506,"date":"2025-04-21T18:08:30","date_gmt":"2025-04-21T16:08:30","guid":{"rendered":"https:\/\/selenaquintanilla.micursoweb.es\/?page_id=1506"},"modified":"2026-02-01T14:45:34","modified_gmt":"2026-02-01T13:45:34","slug":"politica-de-cookies","status":"publish","type":"page","link":"https:\/\/selenaquintanilla.micursoweb.es\/en\/politica-de-cookies\/","title":{"rendered":"Cookies Policy"},"content":{"rendered":"<div data-elementor-type=\"wp-page\" data-elementor-id=\"1506\" class=\"elementor elementor-1506\" data-elementor-post-type=\"page\">\n\t\t\t\t<div class=\"elementor-element elementor-element-da466e2 e-flex e-con-boxed e-con e-parent\" data-id=\"da466e2\" data-element_type=\"container\" data-e-type=\"container\">\n\t\t\t\t\t<div class=\"e-con-inner\">\n\t\t\t\t<div class=\"elementor-element elementor-element-f5f0943 elementor-widget elementor-widget-heading\" data-id=\"f5f0943\" data-element_type=\"widget\" data-e-type=\"widget\" data-widget_type=\"heading.default\">\n\t\t\t\t<div class=\"elementor-widget-container\">\n\t\t\t\t\t<h1 class=\"elementor-heading-title elementor-size-default\">Cookies Policy<\/h1>\t\t\t\t<\/div>\n\t\t\t\t<\/div>\n\t\t\t\t\t<\/div>\n\t\t\t\t<\/div>\n\t\t<div class=\"elementor-element elementor-element-ccc04bd e-flex e-con-boxed e-con e-parent\" data-id=\"ccc04bd\" data-element_type=\"container\" data-e-type=\"container\">\n\t\t\t\t\t<div class=\"e-con-inner\">\n\t\t\t\t<div class=\"elementor-element elementor-element-6814f23 elementor-widget elementor-widget-image\" data-id=\"6814f23\" data-element_type=\"widget\" data-e-type=\"widget\" data-widget_type=\"image.default\">\n\t\t\t\t<div class=\"elementor-widget-container\">\n\t\t\t\t\t\t\t\t\t\t\t\t\t\t\t<img decoding=\"async\" width=\"240\" height=\"180\" src=\"https:\/\/selenaquintanilla.micursoweb.es\/wp-content\/uploads\/2025\/04\/galletas.jpg\" class=\"attachment-large size-large wp-image-2115\" alt=\"Pol\u00edtica de cookies\" \/>\t\t\t\t\t\t\t\t\t\t\t\t\t\t\t<\/div>\n\t\t\t\t<\/div>\n\t\t\t\t\t<\/div>\n\t\t\t\t<\/div>\n\t\t<div class=\"elementor-element elementor-element-1b622df e-flex e-con-boxed e-con e-parent\" data-id=\"1b622df\" data-element_type=\"container\" data-e-type=\"container\">\n\t\t\t\t\t<div class=\"e-con-inner\">\n\t\t\t\t<div class=\"elementor-element elementor-element-4ec496f elementor-widget elementor-widget-heading\" data-id=\"4ec496f\" data-element_type=\"widget\" data-e-type=\"widget\" data-widget_type=\"heading.default\">\n\t\t\t\t<div class=\"elementor-widget-container\">\n\t\t\t\t\t<h2 class=\"elementor-heading-title elementor-size-default\">Cookies Policy<\/h2>\t\t\t\t<\/div>\n\t\t\t\t<\/div>\n\t\t\t\t\t<\/div>\n\t\t\t\t<\/div>\n\t\t<div class=\"elementor-element elementor-element-e66c759 e-flex e-con-boxed e-con e-parent\" data-id=\"e66c759\" data-element_type=\"container\" data-e-type=\"container\">\n\t\t\t\t\t<div class=\"e-con-inner\">\n\t\t\t\t<div class=\"elementor-element elementor-element-fe561c2 elementor-widget elementor-widget-text-editor\" data-id=\"fe561c2\" data-element_type=\"widget\" data-e-type=\"widget\" data-widget_type=\"text-editor.default\">\n\t\t\t\t<div class=\"elementor-widget-container\">\n\t\t\t\t\t\t\t\t\t<p class=\"\" style=\"text-align: left;\" data-start=\"430\" data-end=\"824\"><span style=\"color: #333333;\">Cookies Policy: At <a href=\"https:\/\/selenaquintanilla.micursoweb.es\/en\/\">https:\/\/selenaquintanilla.micursoweb.es\/<\/a>\u00a0We value your privacy and transparency in the use of your data. Therefore, we want to explain clearly how we use cookies on our website. Cookies are small text files that are stored on your device when you access our pages. These files allow us to recognize your browser and improve your browsing experience.<\/span><\/p><p class=\"\" style=\"text-align: left;\" data-start=\"826\" data-end=\"1116\"><span style=\"color: #333333;\">By using https:\/\/selenaquintanilla.micursoweb.es\/, you agree to the use of cookies in accordance with this policy. Cookies help us to offer you a more efficient service, tailored to your preferences and needs. They also allow us to analyze browsing behavior to improve our content and services.<\/span><\/p>\t\t\t\t\t\t\t\t<\/div>\n\t\t\t\t<\/div>\n\t\t\t\t\t<\/div>\n\t\t\t\t<\/div>\n\t\t<div class=\"elementor-element elementor-element-0b6f233 e-flex e-con-boxed e-con e-parent\" data-id=\"0b6f233\" data-element_type=\"container\" data-e-type=\"container\">\n\t\t\t\t\t<div class=\"e-con-inner\">\n\t\t\t\t<div class=\"elementor-element elementor-element-00e82ba elementor-widget elementor-widget-heading\" data-id=\"00e82ba\" data-element_type=\"widget\" data-e-type=\"widget\" data-widget_type=\"heading.default\">\n\t\t\t\t<div class=\"elementor-widget-container\">\n\t\t\t\t\t<h2 class=\"elementor-heading-title elementor-size-default\">What types of cookies do we use?<\/h2>\t\t\t\t<\/div>\n\t\t\t\t<\/div>\n\t\t\t\t\t<\/div>\n\t\t\t\t<\/div>\n\t\t<div class=\"elementor-element elementor-element-c148e47 e-flex e-con-boxed e-con e-parent\" data-id=\"c148e47\" data-element_type=\"container\" data-e-type=\"container\">\n\t\t\t\t\t<div class=\"e-con-inner\">\n\t\t\t\t<div class=\"elementor-element elementor-element-fac56ce elementor-widget elementor-widget-text-editor\" data-id=\"fac56ce\" data-element_type=\"widget\" data-e-type=\"widget\" data-widget_type=\"text-editor.default\">\n\t\t\t\t<div class=\"elementor-widget-container\">\n\t\t\t\t\t\t\t\t\t<p class=\"\" style=\"text-align: left;\" data-start=\"1156\" data-end=\"1289\"><span style=\"color: #333333;\">Cookies Policy: We use different types of cookies on our site. Below, we explain what they are and their purpose:<\/span><\/p><ul data-start=\"1291\" data-end=\"2119\"><li class=\"\" style=\"text-align: left;\" data-start=\"1291\" data-end=\"1476\"><p class=\"\" data-start=\"1293\" data-end=\"1476\"><span style=\"color: #333333;\"><strong data-start=\"1293\" data-end=\"1315\">Essential Cookies<\/strong>These are necessary for the basic operation of the website. Without them, you would not be able to access certain functions, such as login or secure browsing.<\/span><\/p><\/li><li class=\"\" style=\"text-align: left;\" data-start=\"1477\" data-end=\"1663\"><p class=\"\" data-start=\"1479\" data-end=\"1663\"><span style=\"color: #333333;\"><strong data-start=\"1479\" data-end=\"1505\">Performance cookies<\/strong>They collect information about how you use our site. They allow us to identify areas for improvement, optimize content and provide you with a better experience.<\/span><\/p><\/li><li class=\"\" style=\"text-align: left;\" data-start=\"1664\" data-end=\"1805\"><p class=\"\" data-start=\"1666\" data-end=\"1805\"><span style=\"color: #333333;\"><strong data-start=\"1666\" data-end=\"1694\">Functionality Cookies<\/strong>They allow us to remember your preferences, such as language or region, to offer you a more personalized service.<\/span><\/p><\/li><li class=\"\" style=\"text-align: left;\" data-start=\"1806\" data-end=\"1990\"><p class=\"\" data-start=\"1808\" data-end=\"1990\"><span style=\"color: #333333;\"><strong data-start=\"1808\" data-end=\"1833\">Advertising Cookies<\/strong>These cookies show ads that are relevant to you, both on our site and on other sites. They also help limit the number of times you see an ad.<\/span><\/p><\/li><li class=\"\" data-start=\"1991\" data-end=\"2119\"><p class=\"\" style=\"text-align: left;\" data-start=\"1993\" data-end=\"2119\"><span style=\"color: #333333;\"><strong data-start=\"1993\" data-end=\"2016\">Third party cookies<\/strong>They belong to external services, such as social networks, video platforms or analytical tools.<\/span><\/p><\/li><\/ul>\t\t\t\t\t\t\t\t<\/div>\n\t\t\t\t<\/div>\n\t\t\t\t\t<\/div>\n\t\t\t\t<\/div>\n\t\t<div class=\"elementor-element elementor-element-de6b0f5 e-flex e-con-boxed e-con e-parent\" data-id=\"de6b0f5\" data-element_type=\"container\" data-e-type=\"container\">\n\t\t\t\t\t<div class=\"e-con-inner\">\n\t\t\t\t<div class=\"elementor-element elementor-element-31b3ea6 elementor-widget elementor-widget-heading\" data-id=\"31b3ea6\" data-element_type=\"widget\" data-e-type=\"widget\" data-widget_type=\"heading.default\">\n\t\t\t\t<div class=\"elementor-widget-container\">\n\t\t\t\t\t<h2 class=\"elementor-heading-title elementor-size-default\">How can you manage cookies?<\/h2>\t\t\t\t<\/div>\n\t\t\t\t<\/div>\n\t\t\t\t\t<\/div>\n\t\t\t\t<\/div>\n\t\t<div class=\"elementor-element elementor-element-d4cb104 e-flex e-con-boxed e-con e-parent\" data-id=\"d4cb104\" data-element_type=\"container\" data-e-type=\"container\">\n\t\t\t\t\t<div class=\"e-con-inner\">\n\t\t\t\t<div class=\"elementor-element elementor-element-925833e elementor-widget elementor-widget-text-editor\" data-id=\"925833e\" data-element_type=\"widget\" data-e-type=\"widget\" data-widget_type=\"text-editor.default\">\n\t\t\t\t<div class=\"elementor-widget-container\">\n\t\t\t\t\t\t\t\t\t<p class=\"\" style=\"text-align: left;\" data-start=\"2161\" data-end=\"2402\"><span style=\"color: #333333;\">Cookies Policy: You can manage your cookie preferences easily. When accessing My Web Course, you have the option to accept or reject the use of cookies through the consent banner that appears on your first visit.<\/span><\/p><p class=\"\" style=\"text-align: left;\" data-start=\"2404\" data-end=\"2668\"><span style=\"color: #333333;\">In addition, you can set your browser to refuse all cookies or to alert you when a cookie is being sent. Please note that if you disable some cookies, certain features of the site may not be available or may not function properly.<\/span><\/p><p class=\"\" style=\"text-align: left;\" data-start=\"2670\" data-end=\"2899\"><span style=\"color: #333333;\">Each browser offers different options for managing cookies. We recommend you visit the help section of your browser for detailed instructions on how to control the cookies installed on your device.<\/span><\/p>\t\t\t\t\t\t\t\t<\/div>\n\t\t\t\t<\/div>\n\t\t\t\t\t<\/div>\n\t\t\t\t<\/div>\n\t\t<div class=\"elementor-element elementor-element-74bf159 e-flex e-con-boxed e-con e-parent\" data-id=\"74bf159\" data-element_type=\"container\" data-e-type=\"container\">\n\t\t\t\t\t<div class=\"e-con-inner\">\n\t\t\t\t<div class=\"elementor-element elementor-element-0c56f72 elementor-widget elementor-widget-heading\" data-id=\"0c56f72\" data-element_type=\"widget\" data-e-type=\"widget\" data-widget_type=\"heading.default\">\n\t\t\t\t<div class=\"elementor-widget-container\">\n\t\t\t\t\t<h2 class=\"elementor-heading-title elementor-size-default\">Changes in our Cookies Policy<\/h2>\t\t\t\t<\/div>\n\t\t\t\t<\/div>\n\t\t\t\t\t<\/div>\n\t\t\t\t<\/div>\n\t\t<div class=\"elementor-element elementor-element-b13387e e-flex e-con-boxed e-con e-parent\" data-id=\"b13387e\" data-element_type=\"container\" data-e-type=\"container\">\n\t\t\t\t\t<div class=\"e-con-inner\">\n\t\t\t\t<div class=\"elementor-element elementor-element-92a30d1 elementor-widget elementor-widget-text-editor\" data-id=\"92a30d1\" data-element_type=\"widget\" data-e-type=\"widget\" data-widget_type=\"text-editor.default\">\n\t\t\t\t<div class=\"elementor-widget-container\">\n\t\t\t\t\t\t\t\t\t<p class=\"\" style=\"text-align: left;\" data-start=\"2944\" data-end=\"3263\"><span style=\"color: #333333;\">Cookie Policy: We reserve the right to update this policy at any time. If we make significant changes, we will inform you via our website or other available means of communication. We advise you to check this page periodically to be aware of any changes.<\/span><\/p><p class=\"\" style=\"text-align: left;\" data-start=\"3265\" data-end=\"3355\"><span style=\"color: #333333;\">The date of the last update of this Cookie Policy is April 14, 2025.<\/span><\/p><p class=\"\" style=\"text-align: left;\" data-start=\"3357\" data-end=\"3487\"><span style=\"color: #333333;\">For more information about how we treat your personal data, please see our<\/span><span style=\"color: #00ccff;\"><a style=\"color: #00ccff;\" href=\"https:\/\/selenaquintanilla.micursoweb.es\/en\/politica-de-privacidad\/\"> Privacy Policy.<\/a><\/span><\/p>\t\t\t\t\t\t\t\t<\/div>\n\t\t\t\t<\/div>\n\t\t\t\t\t<\/div>\n\t\t\t\t<\/div>\n\t\t\t\t<\/div>","protected":false},"excerpt":{"rendered":"<p>Pol\u00edtica de Cookies Pol\u00edtica de Cookies Pol\u00edtica de Cookies: En https:\/\/selenaquintanilla.micursoweb.es\/\u00a0valoramos tu privacidad y la transparencia en el uso de tus datos. Por ello, queremos explicarte de forma clara c\u00f3mo utilizamos las cookies en nuestro sitio web. Las cookies son peque\u00f1os archivos de texto que se almacenan en tu dispositivo al acceder a nuestras p\u00e1ginas.&hellip;&nbsp;<\/p>","protected":false},"author":4,"featured_media":0,"parent":0,"menu_order":0,"comment_status":"closed","ping_status":"closed","template":"","meta":{"neve_meta_sidebar":"","neve_meta_container":"","neve_meta_enable_content_width":"","neve_meta_content_width":0,"neve_meta_title_alignment":"","neve_meta_author_avatar":"","neve_post_elements_order":"","neve_meta_disable_header":"","neve_meta_disable_footer":"","neve_meta_disable_title":"","neve_meta_reading_time":"","footnotes":""},"class_list":["post-1506","page","type-page","status-publish","hentry"],"yoast_head":"<!-- This site is optimized with the Yoast SEO Premium plugin v26.3 (Yoast SEO v27.2) - https:\/\/yoast.com\/product\/yoast-seo-premium-wordpress\/ -->\n<title>Pol\u00edtica de Cookies - Selena La Reina del Tex-Mex<\/title>\n<meta name=\"description\" content=\"Consulta nuestra Pol\u00edtica de Cookies para entender c\u00f3mo utilizamos las cookies en nuestro sitio web y mejorar tu experiencia de navegaci\u00f3n.\" \/>\n<meta name=\"robots\" content=\"index, follow, max-snippet:-1, max-image-preview:large, max-video-preview:-1\" \/>\n<link rel=\"canonical\" href=\"https:\/\/selenaquintanilla.micursoweb.es\/en\/politica-de-cookies\/\" \/>\n<meta property=\"og:locale\" content=\"en_US\" \/>\n<meta property=\"og:type\" content=\"article\" \/>\n<meta property=\"og:title\" content=\"Pol\u00edtica de Cookies\" \/>\n<meta property=\"og:description\" content=\"Consulta nuestra Pol\u00edtica de Cookies para entender c\u00f3mo utilizamos las cookies en nuestro sitio web y mejorar tu experiencia de navegaci\u00f3n.\" \/>\n<meta property=\"og:url\" content=\"https:\/\/selenaquintanilla.micursoweb.es\/en\/politica-de-cookies\/\" \/>\n<meta property=\"og:site_name\" content=\"Selena La Reina del Tex-Mex\" \/>\n<meta property=\"article:modified_time\" content=\"2026-02-01T13:45:34+00:00\" \/>\n<meta property=\"og:image\" content=\"https:\/\/selenaquintanilla.micursoweb.es\/wp-content\/uploads\/2025\/04\/galletas.jpg\" \/>\n\t<meta property=\"og:image:width\" content=\"240\" \/>\n\t<meta property=\"og:image:height\" content=\"180\" \/>\n\t<meta property=\"og:image:type\" content=\"image\/jpeg\" \/>\n<meta name=\"twitter:card\" content=\"summary_large_image\" \/>\n<meta name=\"twitter:label1\" content=\"Est. reading time\" \/>\n\t<meta name=\"twitter:data1\" content=\"3 minutes\" \/>\n<script type=\"application\/ld+json\" class=\"yoast-schema-graph\">{\"@context\":\"https:\/\/schema.org\",\"@graph\":[{\"@type\":\"WebPage\",\"@id\":\"https:\/\/selenaquintanilla.micursoweb.es\/politica-de-cookies\/\",\"url\":\"https:\/\/selenaquintanilla.micursoweb.es\/politica-de-cookies\/\",\"name\":\"Pol\u00edtica de Cookies - Selena La Reina del Tex-Mex\",\"isPartOf\":{\"@id\":\"https:\/\/selenaquintanilla.micursoweb.es\/#website\"},\"primaryImageOfPage\":{\"@id\":\"https:\/\/selenaquintanilla.micursoweb.es\/politica-de-cookies\/#primaryimage\"},\"image\":{\"@id\":\"https:\/\/selenaquintanilla.micursoweb.es\/politica-de-cookies\/#primaryimage\"},\"thumbnailUrl\":\"https:\/\/selenaquintanilla.micursoweb.es\/wp-content\/uploads\/2025\/04\/galletas.jpg\",\"datePublished\":\"2025-04-21T16:08:30+00:00\",\"dateModified\":\"2026-02-01T13:45:34+00:00\",\"description\":\"Consulta nuestra Pol\u00edtica de Cookies para entender c\u00f3mo utilizamos las cookies en nuestro sitio web y mejorar tu experiencia de navegaci\u00f3n.\",\"breadcrumb\":{\"@id\":\"https:\/\/selenaquintanilla.micursoweb.es\/politica-de-cookies\/#breadcrumb\"},\"inLanguage\":\"en-US\",\"potentialAction\":[{\"@type\":\"ReadAction\",\"target\":[\"https:\/\/selenaquintanilla.micursoweb.es\/politica-de-cookies\/\"]}]},{\"@type\":\"ImageObject\",\"inLanguage\":\"en-US\",\"@id\":\"https:\/\/selenaquintanilla.micursoweb.es\/politica-de-cookies\/#primaryimage\",\"url\":\"https:\/\/selenaquintanilla.micursoweb.es\/wp-content\/uploads\/2025\/04\/galletas.jpg\",\"contentUrl\":\"https:\/\/selenaquintanilla.micursoweb.es\/wp-content\/uploads\/2025\/04\/galletas.jpg\"},{\"@type\":\"BreadcrumbList\",\"@id\":\"https:\/\/selenaquintanilla.micursoweb.es\/politica-de-cookies\/#breadcrumb\",\"itemListElement\":[{\"@type\":\"ListItem\",\"position\":1,\"name\":\"Portada\",\"item\":\"https:\/\/selenaquintanilla.micursoweb.es\/\"},{\"@type\":\"ListItem\",\"position\":2,\"name\":\"Pol\u00edtica de Cookies\"}]},{\"@type\":\"WebSite\",\"@id\":\"https:\/\/selenaquintanilla.micursoweb.es\/#website\",\"url\":\"https:\/\/selenaquintanilla.micursoweb.es\/\",\"name\":\"Selena La Reina del Tex-Mex\",\"description\":\"Un espacio dedicado a la cultura Tex-Mex, el legado de Selena Quintanilla y su impacto musical\",\"publisher\":{\"@id\":\"https:\/\/selenaquintanilla.micursoweb.es\/#\/schema\/person\/991ad32308202052a7550b86ee0c3fc0\"},\"alternateName\":\"Selena\",\"potentialAction\":[{\"@type\":\"SearchAction\",\"target\":{\"@type\":\"EntryPoint\",\"urlTemplate\":\"https:\/\/selenaquintanilla.micursoweb.es\/?s={search_term_string}\"},\"query-input\":{\"@type\":\"PropertyValueSpecification\",\"valueRequired\":true,\"valueName\":\"search_term_string\"}}],\"inLanguage\":\"en-US\"},{\"@type\":[\"Person\",\"Organization\"],\"@id\":\"https:\/\/selenaquintanilla.micursoweb.es\/#\/schema\/person\/991ad32308202052a7550b86ee0c3fc0\",\"name\":\"admin\",\"image\":{\"@type\":\"ImageObject\",\"inLanguage\":\"en-US\",\"@id\":\"https:\/\/selenaquintanilla.micursoweb.es\/wp-content\/uploads\/2025\/03\/Selena_logo-removebg-preview.png\",\"url\":\"https:\/\/selenaquintanilla.micursoweb.es\/wp-content\/uploads\/2025\/03\/Selena_logo-removebg-preview.png\",\"contentUrl\":\"https:\/\/selenaquintanilla.micursoweb.es\/wp-content\/uploads\/2025\/03\/Selena_logo-removebg-preview.png\",\"width\":500,\"height\":500,\"caption\":\"admin\"},\"logo\":{\"@id\":\"https:\/\/selenaquintanilla.micursoweb.es\/wp-content\/uploads\/2025\/03\/Selena_logo-removebg-preview.png\"},\"sameAs\":[\"https:\/\/selenaquintanilla.micursoweb.es\"]}]}<\/script>\n<!-- \/ Yoast SEO Premium plugin. -->","yoast_head_json":{"title":"Pol\u00edtica de Cookies - Selena La Reina del Tex-Mex","description":"Consulta nuestra Pol\u00edtica de Cookies para entender c\u00f3mo utilizamos las cookies en nuestro sitio web y mejorar tu experiencia de navegaci\u00f3n.","robots":{"index":"index","follow":"follow","max-snippet":"max-snippet:-1","max-image-preview":"max-image-preview:large","max-video-preview":"max-video-preview:-1"},"canonical":"https:\/\/selenaquintanilla.micursoweb.es\/en\/politica-de-cookies\/","og_locale":"en_US","og_type":"article","og_title":"Pol\u00edtica de Cookies","og_description":"Consulta nuestra Pol\u00edtica de Cookies para entender c\u00f3mo utilizamos las cookies en nuestro sitio web y mejorar tu experiencia de navegaci\u00f3n.","og_url":"https:\/\/selenaquintanilla.micursoweb.es\/en\/politica-de-cookies\/","og_site_name":"Selena La Reina del Tex-Mex","article_modified_time":"2026-02-01T13:45:34+00:00","og_image":[{"width":240,"height":180,"url":"https:\/\/selenaquintanilla.micursoweb.es\/wp-content\/uploads\/2025\/04\/galletas.jpg","type":"image\/jpeg"}],"twitter_card":"summary_large_image","twitter_misc":{"Est. reading time":"3 minutes"},"schema":{"@context":"https:\/\/schema.org","@graph":[{"@type":"WebPage","@id":"https:\/\/selenaquintanilla.micursoweb.es\/politica-de-cookies\/","url":"https:\/\/selenaquintanilla.micursoweb.es\/politica-de-cookies\/","name":"Pol\u00edtica de Cookies - Selena La Reina del Tex-Mex","isPartOf":{"@id":"https:\/\/selenaquintanilla.micursoweb.es\/#website"},"primaryImageOfPage":{"@id":"https:\/\/selenaquintanilla.micursoweb.es\/politica-de-cookies\/#primaryimage"},"image":{"@id":"https:\/\/selenaquintanilla.micursoweb.es\/politica-de-cookies\/#primaryimage"},"thumbnailUrl":"https:\/\/selenaquintanilla.micursoweb.es\/wp-content\/uploads\/2025\/04\/galletas.jpg","datePublished":"2025-04-21T16:08:30+00:00","dateModified":"2026-02-01T13:45:34+00:00","description":"Consulta nuestra Pol\u00edtica de Cookies para entender c\u00f3mo utilizamos las cookies en nuestro sitio web y mejorar tu experiencia de navegaci\u00f3n.","breadcrumb":{"@id":"https:\/\/selenaquintanilla.micursoweb.es\/politica-de-cookies\/#breadcrumb"},"inLanguage":"en-US","potentialAction":[{"@type":"ReadAction","target":["https:\/\/selenaquintanilla.micursoweb.es\/politica-de-cookies\/"]}]},{"@type":"ImageObject","inLanguage":"en-US","@id":"https:\/\/selenaquintanilla.micursoweb.es\/politica-de-cookies\/#primaryimage","url":"https:\/\/selenaquintanilla.micursoweb.es\/wp-content\/uploads\/2025\/04\/galletas.jpg","contentUrl":"https:\/\/selenaquintanilla.micursoweb.es\/wp-content\/uploads\/2025\/04\/galletas.jpg"},{"@type":"BreadcrumbList","@id":"https:\/\/selenaquintanilla.micursoweb.es\/politica-de-cookies\/#breadcrumb","itemListElement":[{"@type":"ListItem","position":1,"name":"Portada","item":"https:\/\/selenaquintanilla.micursoweb.es\/"},{"@type":"ListItem","position":2,"name":"Pol\u00edtica de Cookies"}]},{"@type":"WebSite","@id":"https:\/\/selenaquintanilla.micursoweb.es\/#website","url":"https:\/\/selenaquintanilla.micursoweb.es\/","name":"Selena The Queen of Tex-Mex","description":"A space dedicated to Tex-Mex culture, the legacy of Selena Quintanilla and her musical impact.","publisher":{"@id":"https:\/\/selenaquintanilla.micursoweb.es\/#\/schema\/person\/991ad32308202052a7550b86ee0c3fc0"},"alternateName":"Selena","potentialAction":[{"@type":"SearchAction","target":{"@type":"EntryPoint","urlTemplate":"https:\/\/selenaquintanilla.micursoweb.es\/?s={search_term_string}"},"query-input":{"@type":"PropertyValueSpecification","valueRequired":true,"valueName":"search_term_string"}}],"inLanguage":"en-US"},{"@type":["Person","Organization"],"@id":"https:\/\/selenaquintanilla.micursoweb.es\/#\/schema\/person\/991ad32308202052a7550b86ee0c3fc0","name":"admin","image":{"@type":"ImageObject","inLanguage":"en-US","@id":"https:\/\/selenaquintanilla.micursoweb.es\/wp-content\/uploads\/2025\/03\/Selena_logo-removebg-preview.png","url":"https:\/\/selenaquintanilla.micursoweb.es\/wp-content\/uploads\/2025\/03\/Selena_logo-removebg-preview.png","contentUrl":"https:\/\/selenaquintanilla.micursoweb.es\/wp-content\/uploads\/2025\/03\/Selena_logo-removebg-preview.png","width":500,"height":500,"caption":"admin"},"logo":{"@id":"https:\/\/selenaquintanilla.micursoweb.es\/wp-content\/uploads\/2025\/03\/Selena_logo-removebg-preview.png"},"sameAs":["https:\/\/selenaquintanilla.micursoweb.es"]}]}},"_links":{"self":[{"href":"https:\/\/selenaquintanilla.micursoweb.es\/en\/wp-json\/wp\/v2\/pages\/1506","targetHints":{"allow":["GET"]}}],"collection":[{"href":"https:\/\/selenaquintanilla.micursoweb.es\/en\/wp-json\/wp\/v2\/pages"}],"about":[{"href":"https:\/\/selenaquintanilla.micursoweb.es\/en\/wp-json\/wp\/v2\/types\/page"}],"author":[{"embeddable":true,"href":"https:\/\/selenaquintanilla.micursoweb.es\/en\/wp-json\/wp\/v2\/users\/4"}],"replies":[{"embeddable":true,"href":"https:\/\/selenaquintanilla.micursoweb.es\/en\/wp-json\/wp\/v2\/comments?post=1506"}],"version-history":[{"count":0,"href":"https:\/\/selenaquintanilla.micursoweb.es\/en\/wp-json\/wp\/v2\/pages\/1506\/revisions"}],"wp:attachment":[{"href":"https:\/\/selenaquintanilla.micursoweb.es\/en\/wp-json\/wp\/v2\/media?parent=1506"}],"curies":[{"name":"wp","href":"https:\/\/api.w.org\/{rel}","templated":true}]}}