{"id":1495,"date":"2025-04-21T17:55:30","date_gmt":"2025-04-21T15:55:30","guid":{"rendered":"https:\/\/selenaquintanilla.micursoweb.es\/?page_id=1495"},"modified":"2026-02-01T14:47:33","modified_gmt":"2026-02-01T13:47:33","slug":"politica-de-privacidad","status":"publish","type":"page","link":"https:\/\/selenaquintanilla.micursoweb.es\/en\/politica-de-privacidad\/","title":{"rendered":"Privacy Policy"},"content":{"rendered":"<div data-elementor-type=\"wp-page\" data-elementor-id=\"1495\" class=\"elementor elementor-1495\" data-elementor-post-type=\"page\">\n\t\t\t\t<div class=\"elementor-element elementor-element-c362106 e-flex e-con-boxed e-con e-parent\" data-id=\"c362106\" data-element_type=\"container\" data-e-type=\"container\">\n\t\t\t\t\t<div class=\"e-con-inner\">\n\t\t\t\t<div class=\"elementor-element elementor-element-79fbbf9 elementor-widget elementor-widget-heading\" data-id=\"79fbbf9\" data-element_type=\"widget\" data-e-type=\"widget\" data-widget_type=\"heading.default\">\n\t\t\t\t<div class=\"elementor-widget-container\">\n\t\t\t\t\t<h1 class=\"elementor-heading-title elementor-size-default\">Privacy Policy<\/h1>\t\t\t\t<\/div>\n\t\t\t\t<\/div>\n\t\t\t\t\t<\/div>\n\t\t\t\t<\/div>\n\t\t<div class=\"elementor-element elementor-element-7438ca0 e-flex e-con-boxed e-con e-parent\" data-id=\"7438ca0\" data-element_type=\"container\" data-e-type=\"container\">\n\t\t\t\t\t<div class=\"e-con-inner\">\n\t\t\t\t<div class=\"elementor-element elementor-element-3d5c27a elementor-widget__width-initial elementor-widget elementor-widget-image\" data-id=\"3d5c27a\" data-element_type=\"widget\" data-e-type=\"widget\" data-widget_type=\"image.default\">\n\t\t\t\t<div class=\"elementor-widget-container\">\n\t\t\t\t\t\t\t\t\t\t\t\t\t\t\t<img decoding=\"async\" src=\"https:\/\/selenaquintanilla.micursoweb.es\/wp-content\/uploads\/2025\/04\/Politica-de-Privacidad.png\" title=\"\" alt=\"Pol\u00edtica de Privacidad\" loading=\"lazy\" \/>\t\t\t\t\t\t\t\t\t\t\t\t\t\t\t<\/div>\n\t\t\t\t<\/div>\n\t\t\t\t\t<\/div>\n\t\t\t\t<\/div>\n\t\t<div class=\"elementor-element elementor-element-6be6749 e-flex e-con-boxed e-con e-parent\" data-id=\"6be6749\" data-element_type=\"container\" data-e-type=\"container\">\n\t\t\t\t\t<div class=\"e-con-inner\">\n\t\t\t\t<div class=\"elementor-element elementor-element-80bef95 elementor-widget elementor-widget-heading\" data-id=\"80bef95\" data-element_type=\"widget\" data-e-type=\"widget\" data-widget_type=\"heading.default\">\n\t\t\t\t<div class=\"elementor-widget-container\">\n\t\t\t\t\t<h2 class=\"elementor-heading-title elementor-size-default\">Privacy Policy\n<\/h2>\t\t\t\t<\/div>\n\t\t\t\t<\/div>\n\t\t\t\t\t<\/div>\n\t\t\t\t<\/div>\n\t\t<div class=\"elementor-element elementor-element-01119d3 e-flex e-con-boxed e-con e-parent\" data-id=\"01119d3\" data-element_type=\"container\" data-e-type=\"container\">\n\t\t\t\t\t<div class=\"e-con-inner\">\n\t\t\t\t<div class=\"elementor-element elementor-element-952b6e0 elementor-widget elementor-widget-text-editor\" data-id=\"952b6e0\" data-element_type=\"widget\" data-e-type=\"widget\" data-widget_type=\"text-editor.default\">\n\t\t\t\t<div class=\"elementor-widget-container\">\n\t\t\t\t\t\t\t\t\t<p class=\"\" style=\"text-align: left;\" data-start=\"524\" data-end=\"756\"><span style=\"color: #333333;\">At <a href=\"https:\/\/selenaquintanilla.micursoweb.es\/en\/\">https:\/\/selenaquintanilla.micursoweb.es\/<\/a>\u00a0we take the protection of your personal information very seriously. This Privacy Policy explains how we collect, use and protect your information when you browse our site.<\/span><\/p><p class=\"\" style=\"text-align: left;\" data-start=\"760\" data-end=\"1012\"><span style=\"color: #333333;\">We respect your right to privacy and are committed to ensuring that any information you provide to us is treated securely and confidentially. By using our website, you agree to the terms described in this Privacy Policy.<\/span><\/p>\t\t\t\t\t\t\t\t<\/div>\n\t\t\t\t<\/div>\n\t\t\t\t\t<\/div>\n\t\t\t\t<\/div>\n\t\t<div class=\"elementor-element elementor-element-fe4efd6 e-flex e-con-boxed e-con e-parent\" data-id=\"fe4efd6\" data-element_type=\"container\" data-e-type=\"container\">\n\t\t\t\t\t<div class=\"e-con-inner\">\n\t\t\t\t<div class=\"elementor-element elementor-element-b71661c elementor-widget elementor-widget-heading\" data-id=\"b71661c\" data-element_type=\"widget\" data-e-type=\"widget\" data-widget_type=\"heading.default\">\n\t\t\t\t<div class=\"elementor-widget-container\">\n\t\t\t\t\t<h2 class=\"elementor-heading-title elementor-size-default\">Information we collect<\/h2>\t\t\t\t<\/div>\n\t\t\t\t<\/div>\n\t\t\t\t\t<\/div>\n\t\t\t\t<\/div>\n\t\t<div class=\"elementor-element elementor-element-edbd2ff e-flex e-con-boxed e-con e-parent\" data-id=\"edbd2ff\" data-element_type=\"container\" data-e-type=\"container\">\n\t\t\t\t\t<div class=\"e-con-inner\">\n\t\t\t\t<div class=\"elementor-element elementor-element-5a487fd elementor-widget elementor-widget-text-editor\" data-id=\"5a487fd\" data-element_type=\"widget\" data-e-type=\"widget\" data-widget_type=\"text-editor.default\">\n\t\t\t\t<div class=\"elementor-widget-container\">\n\t\t\t\t\t\t\t\t\t<p class=\"\" style=\"text-align: left;\" data-start=\"1416\" data-end=\"1684\"><span style=\"color: #333333;\">We collect personal data when you fill out forms, submit inquiries or interact on our site.<\/span><br data-start=\"1520\" data-end=\"1523\" \/><span style=\"color: #333333;\">This information may include your name, email address and message. We also collect data automatically, such as your IP address or the browser you use.<\/span><\/p><p class=\"\" style=\"text-align: left;\" data-start=\"1686\" data-end=\"1750\"><span style=\"color: #333333;\">Estos datos nos ayudan a mejorar tu experiencia en https:\/\/selenaquintanilla.micursoweb.es\/.<\/span><\/p>\t\t\t\t\t\t\t\t<\/div>\n\t\t\t\t<\/div>\n\t\t\t\t\t<\/div>\n\t\t\t\t<\/div>\n\t\t<div class=\"elementor-element elementor-element-52cebd9 e-flex e-con-boxed e-con e-parent\" data-id=\"52cebd9\" data-element_type=\"container\" data-e-type=\"container\">\n\t\t\t\t\t<div class=\"e-con-inner\">\n\t\t\t\t<div class=\"elementor-element elementor-element-78776c0 elementor-widget elementor-widget-heading\" data-id=\"78776c0\" data-element_type=\"widget\" data-e-type=\"widget\" data-widget_type=\"heading.default\">\n\t\t\t\t<div class=\"elementor-widget-container\">\n\t\t\t\t\t<h2 class=\"elementor-heading-title elementor-size-default\">Use of your personal data<\/h2>\t\t\t\t<\/div>\n\t\t\t\t<\/div>\n\t\t\t\t\t<\/div>\n\t\t\t\t<\/div>\n\t\t<div class=\"elementor-element elementor-element-593fb4f e-flex e-con-boxed e-con e-parent\" data-id=\"593fb4f\" data-element_type=\"container\" data-e-type=\"container\">\n\t\t\t\t\t<div class=\"e-con-inner\">\n\t\t\t\t<div class=\"elementor-element elementor-element-d4ab634 elementor-widget elementor-widget-text-editor\" data-id=\"d4ab634\" data-element_type=\"widget\" data-e-type=\"widget\" data-widget_type=\"text-editor.default\">\n\t\t\t\t<div class=\"elementor-widget-container\">\n\t\t\t\t\t\t\t\t\t<p class=\"\" style=\"text-align: left;\" data-start=\"1784\" data-end=\"2007\"><span style=\"color: #333333;\">We use the information collected to respond to your inquiries, send you relevant information and personalize your experience on our website.<\/span><br data-start=\"1925\" data-end=\"1928\" \/><span style=\"color: #333333;\">We never sell or give your data to third parties without your explicit consent.<\/span><\/p><p class=\"\" style=\"text-align: left;\" data-start=\"2009\" data-end=\"2097\"><span style=\"color: #333333;\">We only share information if we are required to do so by law or to comply with legal obligations.<\/span><\/p>\t\t\t\t\t\t\t\t<\/div>\n\t\t\t\t<\/div>\n\t\t\t\t\t<\/div>\n\t\t\t\t<\/div>\n\t\t<div class=\"elementor-element elementor-element-cd4d813 e-flex e-con-boxed e-con e-parent\" data-id=\"cd4d813\" data-element_type=\"container\" data-e-type=\"container\">\n\t\t\t\t\t<div class=\"e-con-inner\">\n\t\t\t\t<div class=\"elementor-element elementor-element-8faa501 elementor-widget elementor-widget-heading\" data-id=\"8faa501\" data-element_type=\"widget\" data-e-type=\"widget\" data-widget_type=\"heading.default\">\n\t\t\t\t<div class=\"elementor-widget-container\">\n\t\t\t\t\t<h2 class=\"elementor-heading-title elementor-size-default\">Security measures implemented\n<\/h2>\t\t\t\t<\/div>\n\t\t\t\t<\/div>\n\t\t\t\t\t<\/div>\n\t\t\t\t<\/div>\n\t\t<div class=\"elementor-element elementor-element-143508e e-flex e-con-boxed e-con e-parent\" data-id=\"143508e\" data-element_type=\"container\" data-e-type=\"container\">\n\t\t\t\t\t<div class=\"e-con-inner\">\n\t\t\t\t<div class=\"elementor-element elementor-element-2b2ddb7 elementor-widget elementor-widget-text-editor\" data-id=\"2b2ddb7\" data-element_type=\"widget\" data-e-type=\"widget\" data-widget_type=\"text-editor.default\">\n\t\t\t\t<div class=\"elementor-widget-container\">\n\t\t\t\t\t\t\t\t\t<p class=\"\" style=\"text-align: left;\" data-start=\"2138\" data-end=\"2304\"><span style=\"color: #333333;\">At www.micursoweb.es we apply technical and organizational measures to protect your data.<\/span><br data-start=\"2221\" data-end=\"2224\"><span style=\"color: #333333;\">The site has a secure connection (HTTPS) and restricted access control.<\/span><\/p>\n<p class=\"\" style=\"text-align: left;\" data-start=\"2306\" data-end=\"2403\"><span style=\"color: #333333;\">We are constantly working to keep our systems updated against possible risks.<\/span><\/p>\n<p class=\"\" style=\"text-align: left;\" data-start=\"2405\" data-end=\"2491\"><span style=\"color: #333333;\">We recommend keeping your devices up to date and using strong passwords.<\/span><\/p>\t\t\t\t\t\t\t\t<\/div>\n\t\t\t\t<\/div>\n\t\t\t\t\t<\/div>\n\t\t\t\t<\/div>\n\t\t<div class=\"elementor-element elementor-element-e02964f e-flex e-con-boxed e-con e-parent\" data-id=\"e02964f\" data-element_type=\"container\" data-e-type=\"container\">\n\t\t\t\t\t<div class=\"e-con-inner\">\n\t\t\t\t<div class=\"elementor-element elementor-element-8dce590 elementor-widget elementor-widget-heading\" data-id=\"8dce590\" data-element_type=\"widget\" data-e-type=\"widget\" data-widget_type=\"heading.default\">\n\t\t\t\t<div class=\"elementor-widget-container\">\n\t\t\t\t\t<h2 class=\"elementor-heading-title elementor-size-default\">User rights\n<\/h2>\t\t\t\t<\/div>\n\t\t\t\t<\/div>\n\t\t\t\t\t<\/div>\n\t\t\t\t<\/div>\n\t\t<div class=\"elementor-element elementor-element-0f088cd e-flex e-con-boxed e-con e-parent\" data-id=\"0f088cd\" data-element_type=\"container\" data-e-type=\"container\">\n\t\t\t\t\t<div class=\"e-con-inner\">\n\t\t\t\t<div class=\"elementor-element elementor-element-7355b29 elementor-widget elementor-widget-text-editor\" data-id=\"7355b29\" data-element_type=\"widget\" data-e-type=\"widget\" data-widget_type=\"text-editor.default\">\n\t\t\t\t<div class=\"elementor-widget-container\">\n\t\t\t\t\t\t\t\t\t<p class=\"\" style=\"text-align: left;\" data-start=\"2522\" data-end=\"2717\"><span style=\"color: #333333;\">You may at any time request access to, correction or deletion of your personal data.<\/span><br data-start=\"2620\" data-end=\"2623\"><span style=\"color: #333333;\">You also have the right to limit their processing or request portability of the information.<\/span><\/p>\n<p class=\"\" style=\"text-align: left;\" data-start=\"2719\" data-end=\"2839\"><span style=\"color: #333333;\">To exercise these rights, please contact us using the form available on the contact page.<\/span><\/p>\n<p class=\"\" style=\"text-align: left;\" data-start=\"2841\" data-end=\"2908\"><span style=\"color: #333333;\">We will respond to your request within the deadlines established by law.<\/span><\/p>\t\t\t\t\t\t\t\t<\/div>\n\t\t\t\t<\/div>\n\t\t\t\t\t<\/div>\n\t\t\t\t<\/div>\n\t\t<div class=\"elementor-element elementor-element-9996426 e-flex e-con-boxed e-con e-parent\" data-id=\"9996426\" data-element_type=\"container\" data-e-type=\"container\">\n\t\t\t\t\t<div class=\"e-con-inner\">\n\t\t\t\t<div class=\"elementor-element elementor-element-6b77630 elementor-widget elementor-widget-heading\" data-id=\"6b77630\" data-element_type=\"widget\" data-e-type=\"widget\" data-widget_type=\"heading.default\">\n\t\t\t\t<div class=\"elementor-widget-container\">\n\t\t\t\t\t<h2 class=\"elementor-heading-title elementor-size-default\">Changes to our Privacy Policy\n<\/h2>\t\t\t\t<\/div>\n\t\t\t\t<\/div>\n\t\t\t\t\t<\/div>\n\t\t\t\t<\/div>\n\t\t<div class=\"elementor-element elementor-element-6395cbf e-flex e-con-boxed e-con e-parent\" data-id=\"6395cbf\" data-element_type=\"container\" data-e-type=\"container\">\n\t\t\t\t\t<div class=\"e-con-inner\">\n\t\t\t\t<div class=\"elementor-element elementor-element-5686dc5 elementor-widget elementor-widget-text-editor\" data-id=\"5686dc5\" data-element_type=\"widget\" data-e-type=\"widget\" data-widget_type=\"text-editor.default\">\n\t\t\t\t<div class=\"elementor-widget-container\">\n\t\t\t\t\t\t\t\t\t<p class=\"\" style=\"text-align: left;\" data-start=\"2951\" data-end=\"3150\"><span style=\"color: #333333;\">We may update this Privacy Policy to comply with legal changes or to improve our services.<\/span><br data-start=\"3070\" data-end=\"3073\" \/><span style=\"color: #333333;\">We will inform you of any important changes through this page.<\/span><\/p><p class=\"\" style=\"text-align: left;\" data-start=\"3152\" data-end=\"3227\"><span style=\"color: #333333;\">We recommend that you review the policy regularly to stay informed.<\/span><\/p><p class=\"\" style=\"text-align: left;\" data-start=\"3229\" data-end=\"3271\"><span style=\"color: #333333;\">Last update: April 14, 2025.<\/span><\/p><p class=\"\" style=\"text-align: left;\" data-start=\"3273\" data-end=\"3367\"><span style=\"color: #333333;\">For more details about cookies, see our<\/span> <span style=\"color: #00ccff;\"><a style=\"color: #00ccff;\" href=\"https:\/\/selenaquintanilla.micursoweb.es\/en\/politica-de-cookies\/\" rel=\"noopener\" data-start=\"3323\" data-end=\"3366\">Cookies Policy<\/a>.<\/span><\/p>\t\t\t\t\t\t\t\t<\/div>\n\t\t\t\t<\/div>\n\t\t\t\t\t<\/div>\n\t\t\t\t<\/div>\n\t\t\t\t<\/div>","protected":false},"excerpt":{"rendered":"<p>Pol\u00edtica de Privacidad Pol\u00edtica de Privacidad En https:\/\/selenaquintanilla.micursoweb.es\/\u00a0nos tomamos muy en serio la protecci\u00f3n de tus datos personales. Esta Pol\u00edtica de Privacidad explica c\u00f3mo recopilamos, utilizamos y protegemos tu informaci\u00f3n cuando navegas por nuestro sitio. Respetamos tu derecho a la privacidad y nos comprometemos a garantizar que todos los datos que nos proporciones sean tratados&hellip;&nbsp;<\/p>","protected":false},"author":4,"featured_media":0,"parent":0,"menu_order":0,"comment_status":"closed","ping_status":"closed","template":"","meta":{"neve_meta_sidebar":"","neve_meta_container":"","neve_meta_enable_content_width":"","neve_meta_content_width":0,"neve_meta_title_alignment":"","neve_meta_author_avatar":"","neve_post_elements_order":"","neve_meta_disable_header":"","neve_meta_disable_footer":"","neve_meta_disable_title":"","neve_meta_reading_time":"","footnotes":""},"class_list":["post-1495","page","type-page","status-publish","hentry"],"yoast_head":"<!-- This site is optimized with the Yoast SEO Premium plugin v26.3 (Yoast SEO v27.2) - https:\/\/yoast.com\/product\/yoast-seo-premium-wordpress\/ -->\n<title>Pol\u00edtica de Privacidad: Protecci\u00f3n de Datos en www.micursoweb.es<\/title>\n<meta name=\"description\" content=\"Consulta la Pol\u00edtica de Privacidad de Mi Curso Web. Protegemos tus datos personales con transparencia, seguridad y compromiso\" \/>\n<meta name=\"robots\" content=\"index, follow, max-snippet:-1, max-image-preview:large, max-video-preview:-1\" \/>\n<link rel=\"canonical\" href=\"https:\/\/selenaquintanilla.micursoweb.es\/en\/politica-de-privacidad\/\" \/>\n<meta property=\"og:locale\" content=\"en_US\" \/>\n<meta property=\"og:type\" content=\"article\" \/>\n<meta property=\"og:title\" content=\"Pol\u00edtica de Privacidad\" \/>\n<meta property=\"og:description\" content=\"Consulta la Pol\u00edtica de Privacidad de Mi Curso Web. Protegemos tus datos personales con transparencia, seguridad y compromiso\" \/>\n<meta property=\"og:url\" content=\"https:\/\/selenaquintanilla.micursoweb.es\/en\/politica-de-privacidad\/\" \/>\n<meta property=\"og:site_name\" content=\"Selena La Reina del Tex-Mex\" \/>\n<meta property=\"article:modified_time\" content=\"2026-02-01T13:47:33+00:00\" \/>\n<meta property=\"og:image\" content=\"https:\/\/selenaquintanilla.micursoweb.es\/wp-content\/uploads\/2025\/04\/Politica-de-Privacidad.png\" \/>\n<meta name=\"twitter:card\" content=\"summary_large_image\" \/>\n<meta name=\"twitter:label1\" content=\"Est. reading time\" \/>\n\t<meta name=\"twitter:data1\" content=\"2 minutes\" \/>\n<script type=\"application\/ld+json\" class=\"yoast-schema-graph\">{\"@context\":\"https:\/\/schema.org\",\"@graph\":[{\"@type\":\"WebPage\",\"@id\":\"https:\/\/selenaquintanilla.micursoweb.es\/politica-de-privacidad\/\",\"url\":\"https:\/\/selenaquintanilla.micursoweb.es\/politica-de-privacidad\/\",\"name\":\"Pol\u00edtica de Privacidad: Protecci\u00f3n de Datos en www.micursoweb.es\",\"isPartOf\":{\"@id\":\"https:\/\/selenaquintanilla.micursoweb.es\/#website\"},\"primaryImageOfPage\":{\"@id\":\"https:\/\/selenaquintanilla.micursoweb.es\/politica-de-privacidad\/#primaryimage\"},\"image\":{\"@id\":\"https:\/\/selenaquintanilla.micursoweb.es\/politica-de-privacidad\/#primaryimage\"},\"thumbnailUrl\":\"https:\/\/selenaquintanilla.micursoweb.es\/wp-content\/uploads\/2025\/04\/Politica-de-Privacidad.png\",\"datePublished\":\"2025-04-21T15:55:30+00:00\",\"dateModified\":\"2026-02-01T13:47:33+00:00\",\"description\":\"Consulta la Pol\u00edtica de Privacidad de Mi Curso Web. Protegemos tus datos personales con transparencia, seguridad y compromiso\",\"breadcrumb\":{\"@id\":\"https:\/\/selenaquintanilla.micursoweb.es\/politica-de-privacidad\/#breadcrumb\"},\"inLanguage\":\"en-US\",\"potentialAction\":[{\"@type\":\"ReadAction\",\"target\":[\"https:\/\/selenaquintanilla.micursoweb.es\/politica-de-privacidad\/\"]}]},{\"@type\":\"ImageObject\",\"inLanguage\":\"en-US\",\"@id\":\"https:\/\/selenaquintanilla.micursoweb.es\/politica-de-privacidad\/#primaryimage\",\"url\":\"https:\/\/selenaquintanilla.micursoweb.es\/wp-content\/uploads\/2025\/04\/Politica-de-Privacidad.png\",\"contentUrl\":\"https:\/\/selenaquintanilla.micursoweb.es\/wp-content\/uploads\/2025\/04\/Politica-de-Privacidad.png\"},{\"@type\":\"BreadcrumbList\",\"@id\":\"https:\/\/selenaquintanilla.micursoweb.es\/politica-de-privacidad\/#breadcrumb\",\"itemListElement\":[{\"@type\":\"ListItem\",\"position\":1,\"name\":\"Portada\",\"item\":\"https:\/\/selenaquintanilla.micursoweb.es\/\"},{\"@type\":\"ListItem\",\"position\":2,\"name\":\"Pol\u00edtica de Privacidad\"}]},{\"@type\":\"WebSite\",\"@id\":\"https:\/\/selenaquintanilla.micursoweb.es\/#website\",\"url\":\"https:\/\/selenaquintanilla.micursoweb.es\/\",\"name\":\"Selena La Reina del Tex-Mex\",\"description\":\"Un espacio dedicado a la cultura Tex-Mex, el legado de Selena Quintanilla y su impacto musical\",\"publisher\":{\"@id\":\"https:\/\/selenaquintanilla.micursoweb.es\/#\/schema\/person\/991ad32308202052a7550b86ee0c3fc0\"},\"alternateName\":\"Selena\",\"potentialAction\":[{\"@type\":\"SearchAction\",\"target\":{\"@type\":\"EntryPoint\",\"urlTemplate\":\"https:\/\/selenaquintanilla.micursoweb.es\/?s={search_term_string}\"},\"query-input\":{\"@type\":\"PropertyValueSpecification\",\"valueRequired\":true,\"valueName\":\"search_term_string\"}}],\"inLanguage\":\"en-US\"},{\"@type\":[\"Person\",\"Organization\"],\"@id\":\"https:\/\/selenaquintanilla.micursoweb.es\/#\/schema\/person\/991ad32308202052a7550b86ee0c3fc0\",\"name\":\"admin\",\"image\":{\"@type\":\"ImageObject\",\"inLanguage\":\"en-US\",\"@id\":\"https:\/\/selenaquintanilla.micursoweb.es\/wp-content\/uploads\/2025\/03\/Selena_logo-removebg-preview.png\",\"url\":\"https:\/\/selenaquintanilla.micursoweb.es\/wp-content\/uploads\/2025\/03\/Selena_logo-removebg-preview.png\",\"contentUrl\":\"https:\/\/selenaquintanilla.micursoweb.es\/wp-content\/uploads\/2025\/03\/Selena_logo-removebg-preview.png\",\"width\":500,\"height\":500,\"caption\":\"admin\"},\"logo\":{\"@id\":\"https:\/\/selenaquintanilla.micursoweb.es\/wp-content\/uploads\/2025\/03\/Selena_logo-removebg-preview.png\"},\"sameAs\":[\"https:\/\/selenaquintanilla.micursoweb.es\"]}]}<\/script>\n<!-- \/ Yoast SEO Premium plugin. -->","yoast_head_json":{"title":"Pol\u00edtica de Privacidad: Protecci\u00f3n de Datos en www.micursoweb.es","description":"Consulta la Pol\u00edtica de Privacidad de Mi Curso Web. Protegemos tus datos personales con transparencia, seguridad y compromiso","robots":{"index":"index","follow":"follow","max-snippet":"max-snippet:-1","max-image-preview":"max-image-preview:large","max-video-preview":"max-video-preview:-1"},"canonical":"https:\/\/selenaquintanilla.micursoweb.es\/en\/politica-de-privacidad\/","og_locale":"en_US","og_type":"article","og_title":"Pol\u00edtica de Privacidad","og_description":"Consulta la Pol\u00edtica de Privacidad de Mi Curso Web. Protegemos tus datos personales con transparencia, seguridad y compromiso","og_url":"https:\/\/selenaquintanilla.micursoweb.es\/en\/politica-de-privacidad\/","og_site_name":"Selena La Reina del Tex-Mex","article_modified_time":"2026-02-01T13:47:33+00:00","og_image":[{"url":"https:\/\/selenaquintanilla.micursoweb.es\/wp-content\/uploads\/2025\/04\/Politica-de-Privacidad.png","type":"","width":"","height":""}],"twitter_card":"summary_large_image","twitter_misc":{"Est. reading time":"2 minutes"},"schema":{"@context":"https:\/\/schema.org","@graph":[{"@type":"WebPage","@id":"https:\/\/selenaquintanilla.micursoweb.es\/politica-de-privacidad\/","url":"https:\/\/selenaquintanilla.micursoweb.es\/politica-de-privacidad\/","name":"Pol\u00edtica de Privacidad: Protecci\u00f3n de Datos en www.micursoweb.es","isPartOf":{"@id":"https:\/\/selenaquintanilla.micursoweb.es\/#website"},"primaryImageOfPage":{"@id":"https:\/\/selenaquintanilla.micursoweb.es\/politica-de-privacidad\/#primaryimage"},"image":{"@id":"https:\/\/selenaquintanilla.micursoweb.es\/politica-de-privacidad\/#primaryimage"},"thumbnailUrl":"https:\/\/selenaquintanilla.micursoweb.es\/wp-content\/uploads\/2025\/04\/Politica-de-Privacidad.png","datePublished":"2025-04-21T15:55:30+00:00","dateModified":"2026-02-01T13:47:33+00:00","description":"Consulta la Pol\u00edtica de Privacidad de Mi Curso Web. Protegemos tus datos personales con transparencia, seguridad y compromiso","breadcrumb":{"@id":"https:\/\/selenaquintanilla.micursoweb.es\/politica-de-privacidad\/#breadcrumb"},"inLanguage":"en-US","potentialAction":[{"@type":"ReadAction","target":["https:\/\/selenaquintanilla.micursoweb.es\/politica-de-privacidad\/"]}]},{"@type":"ImageObject","inLanguage":"en-US","@id":"https:\/\/selenaquintanilla.micursoweb.es\/politica-de-privacidad\/#primaryimage","url":"https:\/\/selenaquintanilla.micursoweb.es\/wp-content\/uploads\/2025\/04\/Politica-de-Privacidad.png","contentUrl":"https:\/\/selenaquintanilla.micursoweb.es\/wp-content\/uploads\/2025\/04\/Politica-de-Privacidad.png"},{"@type":"BreadcrumbList","@id":"https:\/\/selenaquintanilla.micursoweb.es\/politica-de-privacidad\/#breadcrumb","itemListElement":[{"@type":"ListItem","position":1,"name":"Portada","item":"https:\/\/selenaquintanilla.micursoweb.es\/"},{"@type":"ListItem","position":2,"name":"Pol\u00edtica de Privacidad"}]},{"@type":"WebSite","@id":"https:\/\/selenaquintanilla.micursoweb.es\/#website","url":"https:\/\/selenaquintanilla.micursoweb.es\/","name":"Selena The Queen of Tex-Mex","description":"A space dedicated to Tex-Mex culture, the legacy of Selena Quintanilla and her musical impact.","publisher":{"@id":"https:\/\/selenaquintanilla.micursoweb.es\/#\/schema\/person\/991ad32308202052a7550b86ee0c3fc0"},"alternateName":"Selena","potentialAction":[{"@type":"SearchAction","target":{"@type":"EntryPoint","urlTemplate":"https:\/\/selenaquintanilla.micursoweb.es\/?s={search_term_string}"},"query-input":{"@type":"PropertyValueSpecification","valueRequired":true,"valueName":"search_term_string"}}],"inLanguage":"en-US"},{"@type":["Person","Organization"],"@id":"https:\/\/selenaquintanilla.micursoweb.es\/#\/schema\/person\/991ad32308202052a7550b86ee0c3fc0","name":"admin","image":{"@type":"ImageObject","inLanguage":"en-US","@id":"https:\/\/selenaquintanilla.micursoweb.es\/wp-content\/uploads\/2025\/03\/Selena_logo-removebg-preview.png","url":"https:\/\/selenaquintanilla.micursoweb.es\/wp-content\/uploads\/2025\/03\/Selena_logo-removebg-preview.png","contentUrl":"https:\/\/selenaquintanilla.micursoweb.es\/wp-content\/uploads\/2025\/03\/Selena_logo-removebg-preview.png","width":500,"height":500,"caption":"admin"},"logo":{"@id":"https:\/\/selenaquintanilla.micursoweb.es\/wp-content\/uploads\/2025\/03\/Selena_logo-removebg-preview.png"},"sameAs":["https:\/\/selenaquintanilla.micursoweb.es"]}]}},"_links":{"self":[{"href":"https:\/\/selenaquintanilla.micursoweb.es\/en\/wp-json\/wp\/v2\/pages\/1495","targetHints":{"allow":["GET"]}}],"collection":[{"href":"https:\/\/selenaquintanilla.micursoweb.es\/en\/wp-json\/wp\/v2\/pages"}],"about":[{"href":"https:\/\/selenaquintanilla.micursoweb.es\/en\/wp-json\/wp\/v2\/types\/page"}],"author":[{"embeddable":true,"href":"https:\/\/selenaquintanilla.micursoweb.es\/en\/wp-json\/wp\/v2\/users\/4"}],"replies":[{"embeddable":true,"href":"https:\/\/selenaquintanilla.micursoweb.es\/en\/wp-json\/wp\/v2\/comments?post=1495"}],"version-history":[{"count":0,"href":"https:\/\/selenaquintanilla.micursoweb.es\/en\/wp-json\/wp\/v2\/pages\/1495\/revisions"}],"wp:attachment":[{"href":"https:\/\/selenaquintanilla.micursoweb.es\/en\/wp-json\/wp\/v2\/media?parent=1495"}],"curies":[{"name":"wp","href":"https:\/\/api.w.org\/{rel}","templated":true}]}}