{"id":1456,"date":"2025-04-21T17:12:02","date_gmt":"2025-04-21T15:12:02","guid":{"rendered":"https:\/\/selenaquintanilla.micursoweb.es\/?page_id=1456"},"modified":"2026-01-23T16:34:22","modified_gmt":"2026-01-23T15:34:22","slug":"mas-sobre-selena","status":"publish","type":"page","link":"https:\/\/selenaquintanilla.micursoweb.es\/en\/mas-sobre-selena\/","title":{"rendered":"More About Selena"},"content":{"rendered":"<div data-elementor-type=\"wp-page\" data-elementor-id=\"1456\" class=\"elementor elementor-1456\" data-elementor-post-type=\"page\">\n\t\t\t\t<div class=\"elementor-element elementor-element-dc0ae4d e-flex e-con-boxed e-con e-parent\" data-id=\"dc0ae4d\" data-element_type=\"container\" data-e-type=\"container\">\n\t\t\t\t\t<div class=\"e-con-inner\">\n\t\t\t\t<div class=\"elementor-element elementor-element-8353b6a elementor-widget elementor-widget-heading\" data-id=\"8353b6a\" data-element_type=\"widget\" data-e-type=\"widget\" data-widget_type=\"heading.default\">\n\t\t\t\t<div class=\"elementor-widget-container\">\n\t\t\t\t\t<h1 class=\"elementor-heading-title elementor-size-default\">More About Selena<\/h1>\t\t\t\t<\/div>\n\t\t\t\t<\/div>\n\t\t\t\t\t<\/div>\n\t\t\t\t<\/div>\n\t\t<div class=\"elementor-element elementor-element-ef54597 e-flex e-con-boxed e-con e-parent\" data-id=\"ef54597\" data-element_type=\"container\" data-e-type=\"container\">\n\t\t\t\t\t<div class=\"e-con-inner\">\n\t\t\t\t<div class=\"elementor-element elementor-element-098fb90 elementor-widget elementor-widget-text-editor\" data-id=\"098fb90\" data-element_type=\"widget\" data-e-type=\"widget\" data-widget_type=\"text-editor.default\">\n\t\t\t\t<div class=\"elementor-widget-container\">\n\t\t\t\t\t\t\t\t\t<p style=\"text-align: left;\"><span style=\"color: #333333;\"><span style=\"vertical-align: inherit;\"><span style=\"vertical-align: inherit;\"><span style=\"vertical-align: inherit;\"><span style=\"vertical-align: inherit;\"><span style=\"vertical-align: inherit;\"><span style=\"vertical-align: inherit;\"><span style=\"vertical-align: inherit;\"><span style=\"vertical-align: inherit;\">M\u00e1s all\u00e1 de su m\u00fasica, Selena Quintanilla dej\u00f3 una huella profunda en la cultura, el empoderamiento femenino y la comunidad latina. En esta secci\u00f3n exploramos su legado, c\u00f3mo inspir\u00f3 a generaciones, los reconocimientos que recibi\u00f3, su influencia musical, y algunos lugares ic\u00f3nicos que mantienen viva su memoria.<\/span><\/span><\/span><\/span><\/span><\/span><\/span><\/span><\/span><\/p>\t\t\t\t\t\t\t\t<\/div>\n\t\t\t\t<\/div>\n\t\t\t\t\t<\/div>\n\t\t\t\t<\/div>\n\t\t<div class=\"elementor-element elementor-element-40a1c6d e-flex e-con-boxed e-con e-parent\" data-id=\"40a1c6d\" data-element_type=\"container\" data-e-type=\"container\">\n\t\t\t\t\t<div class=\"e-con-inner\">\n\t\t\t\t<div class=\"elementor-element elementor-element-fa0bfc0 elementor-widget elementor-widget-text-editor\" data-id=\"fa0bfc0\" data-element_type=\"widget\" data-e-type=\"widget\" data-widget_type=\"text-editor.default\">\n\t\t\t\t<div class=\"elementor-widget-container\">\n\t\t\t\t\t\t\t\t\t<ul><li><h4><a href=\"https:\/\/selenaquintanilla.micursoweb.es\/en\/legado-y-reconocimientos\/\"><span style=\"color: #800080;\">Legado Y Reconocimientos<\/span><\/a><\/h4><\/li><li><h4><a href=\"https:\/\/selenaquintanilla.micursoweb.es\/en\/influencia-musical-de-selena-quintanilla\/\"><span style=\"color: #800080;\">Musical Influence of Selena Quintanilla<\/span><\/a><\/h4><\/li><li><h4><a href=\"https:\/\/selenaquintanilla.micursoweb.es\/en\/selena-y-el-empoderamiento-femenino\/\"><span style=\"color: #800080;\">Selena and Female Empowerment<\/span><\/a><\/h4><\/li><li><h4><span style=\"color: #800080;\">Places of Interest<\/span><\/h4><\/li><li><h4><span style=\"color: #800080;\">Selena Quotes and Phrases<\/span><\/h4><\/li><\/ul>\t\t\t\t\t\t\t\t<\/div>\n\t\t\t\t<\/div>\n\t\t\t\t\t<\/div>\n\t\t\t\t<\/div>\n\t\t<div class=\"elementor-element elementor-element-0fd4827 e-flex e-con-boxed e-con e-parent\" data-id=\"0fd4827\" data-element_type=\"container\" data-e-type=\"container\">\n\t\t\t\t\t<div class=\"e-con-inner\">\n\t\t\t\t<div class=\"elementor-element elementor-element-b775b00 elementor-widget elementor-widget-image\" data-id=\"b775b00\" data-element_type=\"widget\" data-e-type=\"widget\" data-widget_type=\"image.default\">\n\t\t\t\t<div class=\"elementor-widget-container\">\n\t\t\t\t\t\t\t\t\t\t\t\t\t\t\t<img fetchpriority=\"high\" decoding=\"async\" width=\"320\" height=\"180\" src=\"https:\/\/selenaquintanilla.micursoweb.es\/wp-content\/uploads\/2025\/04\/th-1-2.jpg\" class=\"attachment-large size-large wp-image-1484\" alt=\"Imagen en homenaje a Selena Quintanilla, conocida como &quot;La Reina del Tex-Mex&quot;. A la izquierda, hay rosas blancas y un fondo negro elegante. En el centro, el texto dice &quot;Remembering Selena&quot; en letras blancas, con su nombre en una firma estilizada, seguido de los a\u00f1os &quot;1971-1995&quot;. A la derecha, aparece una fotograf\u00eda de Selena sonriendo, con maquillaje impecable y labios rojos caracter\u00edsticos. Selena fue una cantante, compositora, modelo y dise\u00f1adora de moda mexicoamericana, reconocida por romper barreras en la m\u00fasica latina y ser un \u00edcono cultural incluso despu\u00e9s de su tr\u00e1gica muerte\" srcset=\"https:\/\/selenaquintanilla.micursoweb.es\/wp-content\/uploads\/2025\/04\/th-1-2.jpg 320w, https:\/\/selenaquintanilla.micursoweb.es\/wp-content\/uploads\/2025\/04\/th-1-2-300x169.jpg 300w\" sizes=\"(max-width: 320px) 100vw, 320px\" \/>\t\t\t\t\t\t\t\t\t\t\t\t\t\t\t<\/div>\n\t\t\t\t<\/div>\n\t\t\t\t\t<\/div>\n\t\t\t\t<\/div>\n\t\t<div class=\"elementor-element elementor-element-ad4566e e-flex e-con-boxed e-con e-parent\" data-id=\"ad4566e\" data-element_type=\"container\" data-e-type=\"container\">\n\t\t\t\t\t<div class=\"e-con-inner\">\n\t\t\t\t<div class=\"elementor-element elementor-element-d205303 elementor-widget elementor-widget-text-editor\" data-id=\"d205303\" data-element_type=\"widget\" data-e-type=\"widget\" data-widget_type=\"text-editor.default\">\n\t\t\t\t<div class=\"elementor-widget-container\">\n\t\t\t\t\t\t\t\t\t<p class=\"\" style=\"text-align: left;\" data-start=\"166\" data-end=\"677\"><span style=\"color: #333333;\">Conocida como \u00abLa Reina del Tex-Mex\u00bb, no solo conquist\u00f3 la industria musical con su talento y carisma, sino que tambi\u00e9n se convirti\u00f3 en un s\u00edmbolo de orgullo para la comunidad latina. Desde muy joven, Selena mostr\u00f3 una pasi\u00f3n inigualable por la m\u00fasica, logrando fusionar el pop, el tejano y el cumbia de una manera \u00fanica que rompi\u00f3 fronteras culturales. Su legado trasciende su m\u00fasica, ya que abri\u00f3 camino a nuevas generaciones de artistas latinos en un mercado predominantemente anglosaj\u00f3n.<\/span><\/p><p class=\"\" style=\"text-align: left;\" data-start=\"679\" data-end=\"1128\"><span style=\"color: #333333;\">M\u00e1s all\u00e1 de sus \u00e9xitos en el escenario, fue una figura de empoderamiento femenino. Demostr\u00f3 que las mujeres pod\u00edan liderar en g\u00e9neros musicales tradicionalmente dominados por hombres, al mismo tiempo que impulsaba su faceta como empresaria en el mundo de la moda y los cosm\u00e9ticos. Su tr\u00e1gica muerte en 1995 conmocion\u00f3 al mundo, pero su influencia contin\u00faa viva, celebrada a trav\u00e9s de homenajes, pel\u00edculas, museos y numerosos premios p\u00f3stumos.<\/span><\/p><p class=\"\" style=\"text-align: left;\" data-start=\"1130\" data-end=\"1540\"><span style=\"color: #333333;\">Hoy en d\u00eda, el nombre de Selena sigue representando sue\u00f1os, perseverancia y amor por la cultura latina. Desde su \u00e1lbum ic\u00f3nico \u00abAmor Prohibido\u00bb hasta el homenaje de su estrella en el Paseo de la Fama de Hollywood, su impacto es innegable. Lugares como el Museo Selena en Corpus Christi mantienen viva su memoria, atrayendo a fans de todas partes del mundo que buscan conocer m\u00e1s sobre su vida, m\u00fasica y legado.<\/span><\/p><p class=\"\" style=\"text-align: left;\" data-start=\"1542\" data-end=\"1746\"><span style=\"color: #333333;\">Recordar a Selena es celebrar la pasi\u00f3n, el talento y el esp\u00edritu de una artista que, aunque se fue demasiado pronto, dej\u00f3 una huella imborrable en la historia de la m\u00fasica y en los corazones de millones.<\/span><\/p>\t\t\t\t\t\t\t\t<\/div>\n\t\t\t\t<\/div>\n\t\t\t\t\t<\/div>\n\t\t\t\t<\/div>\n\t\t\t\t<\/div>","protected":false},"excerpt":{"rendered":"<p>M\u00e1s Sobre Selena M\u00e1s all\u00e1 de su m\u00fasica, Selena Quintanilla dej\u00f3 una huella profunda en la cultura, el empoderamiento femenino y la comunidad latina. En esta secci\u00f3n exploramos su legado, c\u00f3mo inspir\u00f3 a generaciones, los reconocimientos que recibi\u00f3, su influencia musical, y algunos lugares ic\u00f3nicos que mantienen viva su memoria. Legado Y Reconocimientos Influencia Musical&hellip;&nbsp;<\/p>","protected":false},"author":1,"featured_media":0,"parent":0,"menu_order":0,"comment_status":"closed","ping_status":"closed","template":"","meta":{"neve_meta_sidebar":"","neve_meta_container":"","neve_meta_enable_content_width":"","neve_meta_content_width":0,"neve_meta_title_alignment":"","neve_meta_author_avatar":"","neve_post_elements_order":"","neve_meta_disable_header":"","neve_meta_disable_footer":"","neve_meta_disable_title":"","neve_meta_reading_time":"","footnotes":""},"class_list":["post-1456","page","type-page","status-publish","hentry"],"yoast_head":"<!-- This site is optimized with the Yoast SEO Premium plugin v26.3 (Yoast SEO v27.2) - https:\/\/yoast.com\/product\/yoast-seo-premium-wordpress\/ -->\n<title>M\u00e1s sobre Selena: Descubre su legado, m\u00fasica e impacto cultural<\/title>\n<meta name=\"description\" content=\"Explora el legado de Selena, su empoderamiento, sus reconocimientos y los lugares de inter\u00e9s que celebran su impacto cultural y musical\" \/>\n<meta name=\"robots\" content=\"index, follow, max-snippet:-1, max-image-preview:large, max-video-preview:-1\" \/>\n<link rel=\"canonical\" href=\"https:\/\/selenaquintanilla.micursoweb.es\/en\/mas-sobre-selena\/\" \/>\n<meta property=\"og:locale\" content=\"en_US\" \/>\n<meta property=\"og:type\" content=\"article\" \/>\n<meta property=\"og:title\" content=\"M\u00e1s Sobre Selena\" \/>\n<meta property=\"og:description\" content=\"Explora el legado de Selena, su empoderamiento, sus reconocimientos y los lugares de inter\u00e9s que celebran su impacto cultural y musical\" \/>\n<meta property=\"og:url\" content=\"https:\/\/selenaquintanilla.micursoweb.es\/en\/mas-sobre-selena\/\" \/>\n<meta property=\"og:site_name\" content=\"Selena La Reina del Tex-Mex\" \/>\n<meta property=\"article:modified_time\" content=\"2026-01-23T15:34:22+00:00\" \/>\n<meta property=\"og:image\" content=\"https:\/\/selenaquintanilla.micursoweb.es\/wp-content\/uploads\/2025\/04\/th-1-2.jpg\" \/>\n<meta name=\"twitter:card\" content=\"summary_large_image\" \/>\n<meta name=\"twitter:label1\" content=\"Est. reading time\" \/>\n\t<meta name=\"twitter:data1\" content=\"2 minutes\" \/>\n<script type=\"application\/ld+json\" class=\"yoast-schema-graph\">{\"@context\":\"https:\/\/schema.org\",\"@graph\":[{\"@type\":\"Article\",\"@id\":\"https:\/\/selenaquintanilla.micursoweb.es\/mas-sobre-selena\/#article\",\"isPartOf\":{\"@id\":\"https:\/\/selenaquintanilla.micursoweb.es\/mas-sobre-selena\/\"},\"author\":{\"name\":\"admin\",\"@id\":\"https:\/\/selenaquintanilla.micursoweb.es\/#\/schema\/person\/991ad32308202052a7550b86ee0c3fc0\"},\"headline\":\"M\u00e1s Sobre Selena\",\"datePublished\":\"2025-04-21T15:12:02+00:00\",\"dateModified\":\"2026-01-23T15:34:22+00:00\",\"mainEntityOfPage\":{\"@id\":\"https:\/\/selenaquintanilla.micursoweb.es\/mas-sobre-selena\/\"},\"wordCount\":360,\"publisher\":{\"@id\":\"https:\/\/selenaquintanilla.micursoweb.es\/#\/schema\/person\/991ad32308202052a7550b86ee0c3fc0\"},\"image\":{\"@id\":\"https:\/\/selenaquintanilla.micursoweb.es\/mas-sobre-selena\/#primaryimage\"},\"thumbnailUrl\":\"https:\/\/selenaquintanilla.micursoweb.es\/wp-content\/uploads\/2025\/04\/th-1-2.jpg\",\"inLanguage\":\"en-US\"},{\"@type\":\"WebPage\",\"@id\":\"https:\/\/selenaquintanilla.micursoweb.es\/mas-sobre-selena\/\",\"url\":\"https:\/\/selenaquintanilla.micursoweb.es\/mas-sobre-selena\/\",\"name\":\"M\u00e1s sobre Selena: Descubre su legado, m\u00fasica e impacto cultural\",\"isPartOf\":{\"@id\":\"https:\/\/selenaquintanilla.micursoweb.es\/#website\"},\"primaryImageOfPage\":{\"@id\":\"https:\/\/selenaquintanilla.micursoweb.es\/mas-sobre-selena\/#primaryimage\"},\"image\":{\"@id\":\"https:\/\/selenaquintanilla.micursoweb.es\/mas-sobre-selena\/#primaryimage\"},\"thumbnailUrl\":\"https:\/\/selenaquintanilla.micursoweb.es\/wp-content\/uploads\/2025\/04\/th-1-2.jpg\",\"datePublished\":\"2025-04-21T15:12:02+00:00\",\"dateModified\":\"2026-01-23T15:34:22+00:00\",\"description\":\"Explora el legado de Selena, su empoderamiento, sus reconocimientos y los lugares de inter\u00e9s que celebran su impacto cultural y musical\",\"breadcrumb\":{\"@id\":\"https:\/\/selenaquintanilla.micursoweb.es\/mas-sobre-selena\/#breadcrumb\"},\"inLanguage\":\"en-US\",\"potentialAction\":[{\"@type\":\"ReadAction\",\"target\":[\"https:\/\/selenaquintanilla.micursoweb.es\/mas-sobre-selena\/\"]}]},{\"@type\":\"ImageObject\",\"inLanguage\":\"en-US\",\"@id\":\"https:\/\/selenaquintanilla.micursoweb.es\/mas-sobre-selena\/#primaryimage\",\"url\":\"https:\/\/selenaquintanilla.micursoweb.es\/wp-content\/uploads\/2025\/04\/th-1-2.jpg\",\"contentUrl\":\"https:\/\/selenaquintanilla.micursoweb.es\/wp-content\/uploads\/2025\/04\/th-1-2.jpg\"},{\"@type\":\"BreadcrumbList\",\"@id\":\"https:\/\/selenaquintanilla.micursoweb.es\/mas-sobre-selena\/#breadcrumb\",\"itemListElement\":[{\"@type\":\"ListItem\",\"position\":1,\"name\":\"Portada\",\"item\":\"https:\/\/selenaquintanilla.micursoweb.es\/\"},{\"@type\":\"ListItem\",\"position\":2,\"name\":\"M\u00e1s Sobre Selena\"}]},{\"@type\":\"WebSite\",\"@id\":\"https:\/\/selenaquintanilla.micursoweb.es\/#website\",\"url\":\"https:\/\/selenaquintanilla.micursoweb.es\/\",\"name\":\"Selena La Reina del Tex-Mex\",\"description\":\"Un espacio dedicado a la cultura Tex-Mex, el legado de Selena Quintanilla y su impacto musical\",\"publisher\":{\"@id\":\"https:\/\/selenaquintanilla.micursoweb.es\/#\/schema\/person\/991ad32308202052a7550b86ee0c3fc0\"},\"alternateName\":\"Selena\",\"potentialAction\":[{\"@type\":\"SearchAction\",\"target\":{\"@type\":\"EntryPoint\",\"urlTemplate\":\"https:\/\/selenaquintanilla.micursoweb.es\/?s={search_term_string}\"},\"query-input\":{\"@type\":\"PropertyValueSpecification\",\"valueRequired\":true,\"valueName\":\"search_term_string\"}}],\"inLanguage\":\"en-US\"},{\"@type\":[\"Person\",\"Organization\"],\"@id\":\"https:\/\/selenaquintanilla.micursoweb.es\/#\/schema\/person\/991ad32308202052a7550b86ee0c3fc0\",\"name\":\"admin\",\"image\":{\"@type\":\"ImageObject\",\"inLanguage\":\"en-US\",\"@id\":\"https:\/\/selenaquintanilla.micursoweb.es\/wp-content\/uploads\/2025\/03\/Selena_logo-removebg-preview.png\",\"url\":\"https:\/\/selenaquintanilla.micursoweb.es\/wp-content\/uploads\/2025\/03\/Selena_logo-removebg-preview.png\",\"contentUrl\":\"https:\/\/selenaquintanilla.micursoweb.es\/wp-content\/uploads\/2025\/03\/Selena_logo-removebg-preview.png\",\"width\":500,\"height\":500,\"caption\":\"admin\"},\"logo\":{\"@id\":\"https:\/\/selenaquintanilla.micursoweb.es\/wp-content\/uploads\/2025\/03\/Selena_logo-removebg-preview.png\"},\"sameAs\":[\"https:\/\/selenaquintanilla.micursoweb.es\"],\"url\":\"https:\/\/selenaquintanilla.micursoweb.es\/en\/author\/admin\/\"}]}<\/script>\n<!-- \/ Yoast SEO Premium plugin. -->","yoast_head_json":{"title":"M\u00e1s sobre Selena: Descubre su legado, m\u00fasica e impacto cultural","description":"Explora el legado de Selena, su empoderamiento, sus reconocimientos y los lugares de inter\u00e9s que celebran su impacto cultural y musical","robots":{"index":"index","follow":"follow","max-snippet":"max-snippet:-1","max-image-preview":"max-image-preview:large","max-video-preview":"max-video-preview:-1"},"canonical":"https:\/\/selenaquintanilla.micursoweb.es\/en\/mas-sobre-selena\/","og_locale":"en_US","og_type":"article","og_title":"M\u00e1s Sobre Selena","og_description":"Explora el legado de Selena, su empoderamiento, sus reconocimientos y los lugares de inter\u00e9s que celebran su impacto cultural y musical","og_url":"https:\/\/selenaquintanilla.micursoweb.es\/en\/mas-sobre-selena\/","og_site_name":"Selena La Reina del Tex-Mex","article_modified_time":"2026-01-23T15:34:22+00:00","og_image":[{"url":"https:\/\/selenaquintanilla.micursoweb.es\/wp-content\/uploads\/2025\/04\/th-1-2.jpg","type":"","width":"","height":""}],"twitter_card":"summary_large_image","twitter_misc":{"Est. reading time":"2 minutes"},"schema":{"@context":"https:\/\/schema.org","@graph":[{"@type":"Article","@id":"https:\/\/selenaquintanilla.micursoweb.es\/mas-sobre-selena\/#article","isPartOf":{"@id":"https:\/\/selenaquintanilla.micursoweb.es\/mas-sobre-selena\/"},"author":{"name":"admin","@id":"https:\/\/selenaquintanilla.micursoweb.es\/#\/schema\/person\/991ad32308202052a7550b86ee0c3fc0"},"headline":"M\u00e1s Sobre Selena","datePublished":"2025-04-21T15:12:02+00:00","dateModified":"2026-01-23T15:34:22+00:00","mainEntityOfPage":{"@id":"https:\/\/selenaquintanilla.micursoweb.es\/mas-sobre-selena\/"},"wordCount":360,"publisher":{"@id":"https:\/\/selenaquintanilla.micursoweb.es\/#\/schema\/person\/991ad32308202052a7550b86ee0c3fc0"},"image":{"@id":"https:\/\/selenaquintanilla.micursoweb.es\/mas-sobre-selena\/#primaryimage"},"thumbnailUrl":"https:\/\/selenaquintanilla.micursoweb.es\/wp-content\/uploads\/2025\/04\/th-1-2.jpg","inLanguage":"en-US"},{"@type":"WebPage","@id":"https:\/\/selenaquintanilla.micursoweb.es\/mas-sobre-selena\/","url":"https:\/\/selenaquintanilla.micursoweb.es\/mas-sobre-selena\/","name":"M\u00e1s sobre Selena: Descubre su legado, m\u00fasica e impacto cultural","isPartOf":{"@id":"https:\/\/selenaquintanilla.micursoweb.es\/#website"},"primaryImageOfPage":{"@id":"https:\/\/selenaquintanilla.micursoweb.es\/mas-sobre-selena\/#primaryimage"},"image":{"@id":"https:\/\/selenaquintanilla.micursoweb.es\/mas-sobre-selena\/#primaryimage"},"thumbnailUrl":"https:\/\/selenaquintanilla.micursoweb.es\/wp-content\/uploads\/2025\/04\/th-1-2.jpg","datePublished":"2025-04-21T15:12:02+00:00","dateModified":"2026-01-23T15:34:22+00:00","description":"Explora el legado de Selena, su empoderamiento, sus reconocimientos y los lugares de inter\u00e9s que celebran su impacto cultural y musical","breadcrumb":{"@id":"https:\/\/selenaquintanilla.micursoweb.es\/mas-sobre-selena\/#breadcrumb"},"inLanguage":"en-US","potentialAction":[{"@type":"ReadAction","target":["https:\/\/selenaquintanilla.micursoweb.es\/mas-sobre-selena\/"]}]},{"@type":"ImageObject","inLanguage":"en-US","@id":"https:\/\/selenaquintanilla.micursoweb.es\/mas-sobre-selena\/#primaryimage","url":"https:\/\/selenaquintanilla.micursoweb.es\/wp-content\/uploads\/2025\/04\/th-1-2.jpg","contentUrl":"https:\/\/selenaquintanilla.micursoweb.es\/wp-content\/uploads\/2025\/04\/th-1-2.jpg"},{"@type":"BreadcrumbList","@id":"https:\/\/selenaquintanilla.micursoweb.es\/mas-sobre-selena\/#breadcrumb","itemListElement":[{"@type":"ListItem","position":1,"name":"Portada","item":"https:\/\/selenaquintanilla.micursoweb.es\/"},{"@type":"ListItem","position":2,"name":"M\u00e1s Sobre Selena"}]},{"@type":"WebSite","@id":"https:\/\/selenaquintanilla.micursoweb.es\/#website","url":"https:\/\/selenaquintanilla.micursoweb.es\/","name":"Selena The Queen of Tex-Mex","description":"A space dedicated to Tex-Mex culture, the legacy of Selena Quintanilla and her musical impact.","publisher":{"@id":"https:\/\/selenaquintanilla.micursoweb.es\/#\/schema\/person\/991ad32308202052a7550b86ee0c3fc0"},"alternateName":"Selena","potentialAction":[{"@type":"SearchAction","target":{"@type":"EntryPoint","urlTemplate":"https:\/\/selenaquintanilla.micursoweb.es\/?s={search_term_string}"},"query-input":{"@type":"PropertyValueSpecification","valueRequired":true,"valueName":"search_term_string"}}],"inLanguage":"en-US"},{"@type":["Person","Organization"],"@id":"https:\/\/selenaquintanilla.micursoweb.es\/#\/schema\/person\/991ad32308202052a7550b86ee0c3fc0","name":"admin","image":{"@type":"ImageObject","inLanguage":"en-US","@id":"https:\/\/selenaquintanilla.micursoweb.es\/wp-content\/uploads\/2025\/03\/Selena_logo-removebg-preview.png","url":"https:\/\/selenaquintanilla.micursoweb.es\/wp-content\/uploads\/2025\/03\/Selena_logo-removebg-preview.png","contentUrl":"https:\/\/selenaquintanilla.micursoweb.es\/wp-content\/uploads\/2025\/03\/Selena_logo-removebg-preview.png","width":500,"height":500,"caption":"admin"},"logo":{"@id":"https:\/\/selenaquintanilla.micursoweb.es\/wp-content\/uploads\/2025\/03\/Selena_logo-removebg-preview.png"},"sameAs":["https:\/\/selenaquintanilla.micursoweb.es"],"url":"https:\/\/selenaquintanilla.micursoweb.es\/en\/author\/admin\/"}]}},"_links":{"self":[{"href":"https:\/\/selenaquintanilla.micursoweb.es\/en\/wp-json\/wp\/v2\/pages\/1456","targetHints":{"allow":["GET"]}}],"collection":[{"href":"https:\/\/selenaquintanilla.micursoweb.es\/en\/wp-json\/wp\/v2\/pages"}],"about":[{"href":"https:\/\/selenaquintanilla.micursoweb.es\/en\/wp-json\/wp\/v2\/types\/page"}],"author":[{"embeddable":true,"href":"https:\/\/selenaquintanilla.micursoweb.es\/en\/wp-json\/wp\/v2\/users\/1"}],"replies":[{"embeddable":true,"href":"https:\/\/selenaquintanilla.micursoweb.es\/en\/wp-json\/wp\/v2\/comments?post=1456"}],"version-history":[{"count":0,"href":"https:\/\/selenaquintanilla.micursoweb.es\/en\/wp-json\/wp\/v2\/pages\/1456\/revisions"}],"wp:attachment":[{"href":"https:\/\/selenaquintanilla.micursoweb.es\/en\/wp-json\/wp\/v2\/media?parent=1456"}],"curies":[{"name":"wp","href":"https:\/\/api.w.org\/{rel}","templated":true}]}}