{"id":1023,"date":"2025-04-11T15:01:58","date_gmt":"2025-04-11T13:01:58","guid":{"rendered":"https:\/\/selenaquintanilla.micursoweb.es\/?page_id=1023"},"modified":"2026-01-23T16:46:45","modified_gmt":"2026-01-23T15:46:45","slug":"influencia-musical-de-selena-quintanilla","status":"publish","type":"page","link":"https:\/\/selenaquintanilla.micursoweb.es\/en\/influencia-musical-de-selena-quintanilla\/","title":{"rendered":"Musical Influence of Selena Quintanilla"},"content":{"rendered":"<div data-elementor-type=\"wp-page\" data-elementor-id=\"1023\" class=\"elementor elementor-1023\" data-elementor-post-type=\"page\">\n\t\t\t\t<div class=\"elementor-element elementor-element-727cc06 e-flex e-con-boxed e-con e-parent\" data-id=\"727cc06\" data-element_type=\"container\" data-e-type=\"container\">\n\t\t\t\t\t<div class=\"e-con-inner\">\n\t\t\t\t<div class=\"elementor-element elementor-element-1204cbc elementor-widget elementor-widget-heading\" data-id=\"1204cbc\" data-element_type=\"widget\" data-e-type=\"widget\" data-widget_type=\"heading.default\">\n\t\t\t\t<div class=\"elementor-widget-container\">\n\t\t\t\t\t<h1 class=\"elementor-heading-title elementor-size-default\">Musical Influence of Selena Quintanilla<\/h1>\t\t\t\t<\/div>\n\t\t\t\t<\/div>\n\t\t\t\t\t<\/div>\n\t\t\t\t<\/div>\n\t\t<div class=\"elementor-element elementor-element-34f8060 e-flex e-con-boxed e-con e-parent\" data-id=\"34f8060\" data-element_type=\"container\" data-e-type=\"container\">\n\t\t\t\t\t<div class=\"e-con-inner\">\n\t\t\t\t<div class=\"elementor-element elementor-element-7416202 elementor-widget elementor-widget-image\" data-id=\"7416202\" data-element_type=\"widget\" data-e-type=\"widget\" data-widget_type=\"image.default\">\n\t\t\t\t<div class=\"elementor-widget-container\">\n\t\t\t\t\t\t\t\t\t\t\t\t\t\t\t<img fetchpriority=\"high\" decoding=\"async\" width=\"320\" height=\"180\" src=\"https:\/\/selenaquintanilla.micursoweb.es\/wp-content\/uploads\/2025\/04\/Influencia.jpg\" class=\"attachment-large size-large wp-image-1790\" alt=\"Imagen de Jennifer Lopez como Selena Quintanilla en la pel\u00edcula Selena (1997) y Christian Serratos en la serie Selena: La Serie (2020), ambas representaciones reflejan la influencia musical de Selena Quintanilla y su impacto en la cultura y la m\u00fasica latina\" srcset=\"https:\/\/selenaquintanilla.micursoweb.es\/wp-content\/uploads\/2025\/04\/Influencia.jpg 320w, https:\/\/selenaquintanilla.micursoweb.es\/wp-content\/uploads\/2025\/04\/Influencia-300x169.jpg 300w\" sizes=\"(max-width: 320px) 100vw, 320px\" \/>\t\t\t\t\t\t\t\t\t\t\t\t\t\t\t<\/div>\n\t\t\t\t<\/div>\n\t\t\t\t\t<\/div>\n\t\t\t\t<\/div>\n\t\t<div class=\"elementor-element elementor-element-c9ea11c e-flex e-con-boxed e-con e-parent\" data-id=\"c9ea11c\" data-element_type=\"container\" data-e-type=\"container\">\n\t\t\t\t\t<div class=\"e-con-inner\">\n\t\t\t\t<div class=\"elementor-element elementor-element-8ace612 elementor-widget elementor-widget-text-editor\" data-id=\"8ace612\" data-element_type=\"widget\" data-e-type=\"widget\" data-widget_type=\"text-editor.default\">\n\t\t\t\t<div class=\"elementor-widget-container\">\n\t\t\t\t\t\t\t\t\t<p class=\"\" style=\"text-align: left;\" data-start=\"247\" data-end=\"660\"><span style=\"color: #000000;\">Selena Quintanilla's musical influence is reflected not only in her incredible talent and charisma, but also in the profound transformation she brought to Latin music. Despite her short life, her legacy lives on, inspiring millions around the world. Selena was much more than a singer; she was a pioneer who broke barriers and blazed trails, leaving an indelible mark that continues to influence new generations of artists.<\/span><\/p><p class=\"\" style=\"text-align: left;\" data-start=\"662\" data-end=\"1087\"><span style=\"color: #333333;\">From a very young age, Selena showed a privileged ear and a voice that, although sweet, was strong enough to impose itself on a stage dominated by male voices. In a genre like the <strong data-start=\"853\" data-end=\"863\">Texan<\/strong>, traditionally led by men, her presence was disruptive. What started as a girl singing with her family at small events became an international star who rewrote the rules of the game.<\/span><\/p><p class=\"\" style=\"text-align: left;\" data-start=\"1089\" data-end=\"1549\"><span style=\"color: #333333;\">What truly distinguished Selena was her ability to <strong data-start=\"1148\" data-end=\"1178\">fusing musical genres<\/strong> with a surprising naturalness. He mixed Tejano music with cumbia, ranchera, pop and even R&amp;B, creating a unique style that connected with different generations and cultures. Songs like <em data-start=\"1370\" data-end=\"1391\">\"Bidi Bidi Bom Bom Bom\"<\/em>, <em data-start=\"1393\" data-end=\"1411\">\"Forbidden Love\"<\/em> y <em data-start=\"1414\" data-end=\"1430\">\"Like The Flower\"<\/em> became not only radio hits, but anthems that still resonate in weddings, parties, concerts and hearts.<\/span><\/p><p class=\"\" style=\"text-align: left;\" data-start=\"1551\" data-end=\"1927\"><span style=\"color: #333333;\">Selena had a clear vision: she wanted to conquer the Anglo-Saxon market as well. She was in the midst of recording her first album entirely in English when her life was tragically cut short. Even so, the album <em data-start=\"1769\" data-end=\"1788\">\"Dreaming of You\"<\/em>, released posthumously, was an instant success. With it, it was clear that his crossover was going to be more than successful; it was going to be historic.<\/span><\/p><p class=\"\" style=\"text-align: left;\" data-start=\"1929\" data-end=\"2323\"><span style=\"color: #333333;\">His influence has transcended generations. Artists such as <strong data-start=\"1986\" data-end=\"2004\">Jennifer Lopez<\/strong> (who played Selena in the 1997 biopic), <strong data-start=\"2065\" data-end=\"2076\">Beyonc\u00e9<\/strong>, <strong data-start=\"2078\" data-end=\"2089\">Shakira<\/strong>, <strong data-start=\"2091\" data-end=\"2107\">Selena Gomez<\/strong>, <strong data-start=\"2109\" data-end=\"2120\">Karol G<\/strong>, <strong data-start=\"2122\" data-end=\"2133\">Becky G<\/strong>, among many others, have pointed to Selena as a key source of inspiration. Not only for her music, but also for her work ethic, her connection with the audience and her authenticity.<\/span><\/p><p class=\"\" style=\"text-align: left;\" data-start=\"2325\" data-end=\"2721\"><span style=\"color: #333333;\">But music was not her only language. Selena also spoke through the <strong data-start=\"2404\" data-end=\"2412\">fashion<\/strong>, She was a woman of design and female empowerment. Her bright outfits, her hairstyles, her unique style... everything was part of a complete artist, who knew that the image also told a story. She was a woman entrepreneur, designer, and symbol of Latin pride at a time when few had that space.<\/span><\/p><p class=\"\" style=\"text-align: left;\" data-start=\"2723\" data-end=\"3123\"><span style=\"color: #333333;\">Today, decades later, her influence remains intact. Her music doesn't age; her voice still rings with freshness and emotion. Selena is remembered not only for what she did, but for all that she represented: a bridge between cultures, a voice for Latin women, an eternal star that, although she faded too soon, continues to shine in every chord, on every stage, and in every heart that listens to her.<\/span><\/p>\t\t\t\t\t\t\t\t<\/div>\n\t\t\t\t<\/div>\n\t\t\t\t\t<\/div>\n\t\t\t\t<\/div>\n\t\t\t\t<\/div>","protected":false},"excerpt":{"rendered":"<p>Influencia Musical de Selena Quintanilla La influencia musical de Selena Quintanilla no solo se refleja en su incre\u00edble talento y carisma, sino tambi\u00e9n en la profunda transformaci\u00f3n que trajo a la m\u00fasica latina. A pesar de su corta vida, su legado sigue vivo, inspirando a millones alrededor del mundo. Selena fue mucho m\u00e1s que una&hellip;&nbsp;<\/p>","protected":false},"author":1,"featured_media":0,"parent":0,"menu_order":0,"comment_status":"closed","ping_status":"closed","template":"","meta":{"neve_meta_sidebar":"","neve_meta_container":"","neve_meta_enable_content_width":"","neve_meta_content_width":0,"neve_meta_title_alignment":"","neve_meta_author_avatar":"","neve_post_elements_order":"","neve_meta_disable_header":"","neve_meta_disable_footer":"","neve_meta_disable_title":"","neve_meta_reading_time":"","footnotes":""},"class_list":["post-1023","page","type-page","status-publish","hentry"],"yoast_head":"<!-- This site is optimized with the Yoast SEO Premium plugin v26.3 (Yoast SEO v27.2) - https:\/\/yoast.com\/product\/yoast-seo-premium-wordpress\/ -->\n<title>Influencia Musical de Selena Quintanilla-Icono M\u00fasica Latina<\/title>\n<meta name=\"description\" content=\"Influencia musical de Selena Quintanilla: descubre c\u00f3mo su talento y su fusi\u00f3n de g\u00e9neros transformaron la m\u00fasica latina.\" \/>\n<meta name=\"robots\" content=\"index, follow, max-snippet:-1, max-image-preview:large, max-video-preview:-1\" \/>\n<link rel=\"canonical\" href=\"https:\/\/selenaquintanilla.micursoweb.es\/en\/influencia-musical-de-selena-quintanilla\/\" \/>\n<meta property=\"og:locale\" content=\"en_US\" \/>\n<meta property=\"og:type\" content=\"article\" \/>\n<meta property=\"og:title\" content=\"Influencia Musical de Selena Quintanilla\" \/>\n<meta property=\"og:description\" content=\"Influencia musical de Selena Quintanilla: descubre c\u00f3mo su talento y su fusi\u00f3n de g\u00e9neros transformaron la m\u00fasica latina.\" \/>\n<meta property=\"og:url\" content=\"https:\/\/selenaquintanilla.micursoweb.es\/en\/influencia-musical-de-selena-quintanilla\/\" \/>\n<meta property=\"og:site_name\" content=\"Selena La Reina del Tex-Mex\" \/>\n<meta property=\"article:modified_time\" content=\"2026-01-23T15:46:45+00:00\" \/>\n<meta property=\"og:image\" content=\"https:\/\/selenaquintanilla.micursoweb.es\/wp-content\/uploads\/2025\/04\/Influencia.jpg\" \/>\n<meta name=\"twitter:card\" content=\"summary_large_image\" \/>\n<meta name=\"twitter:label1\" content=\"Est. reading time\" \/>\n\t<meta name=\"twitter:data1\" content=\"3 minutes\" \/>\n<script type=\"application\/ld+json\" class=\"yoast-schema-graph\">{\"@context\":\"https:\/\/schema.org\",\"@graph\":[{\"@type\":\"Article\",\"@id\":\"https:\/\/selenaquintanilla.micursoweb.es\/influencia-musical-de-selena-quintanilla\/#article\",\"isPartOf\":{\"@id\":\"https:\/\/selenaquintanilla.micursoweb.es\/influencia-musical-de-selena-quintanilla\/\"},\"author\":{\"name\":\"admin\",\"@id\":\"https:\/\/selenaquintanilla.micursoweb.es\/#\/schema\/person\/991ad32308202052a7550b86ee0c3fc0\"},\"headline\":\"Influencia Musical de Selena Quintanilla\",\"datePublished\":\"2025-04-11T13:01:58+00:00\",\"dateModified\":\"2026-01-23T15:46:45+00:00\",\"mainEntityOfPage\":{\"@id\":\"https:\/\/selenaquintanilla.micursoweb.es\/influencia-musical-de-selena-quintanilla\/\"},\"wordCount\":518,\"publisher\":{\"@id\":\"https:\/\/selenaquintanilla.micursoweb.es\/#\/schema\/person\/991ad32308202052a7550b86ee0c3fc0\"},\"image\":{\"@id\":\"https:\/\/selenaquintanilla.micursoweb.es\/influencia-musical-de-selena-quintanilla\/#primaryimage\"},\"thumbnailUrl\":\"https:\/\/selenaquintanilla.micursoweb.es\/wp-content\/uploads\/2025\/04\/Influencia.jpg\",\"inLanguage\":\"en-US\"},{\"@type\":\"WebPage\",\"@id\":\"https:\/\/selenaquintanilla.micursoweb.es\/influencia-musical-de-selena-quintanilla\/\",\"url\":\"https:\/\/selenaquintanilla.micursoweb.es\/influencia-musical-de-selena-quintanilla\/\",\"name\":\"Influencia Musical de Selena Quintanilla-Icono M\u00fasica Latina\",\"isPartOf\":{\"@id\":\"https:\/\/selenaquintanilla.micursoweb.es\/#website\"},\"primaryImageOfPage\":{\"@id\":\"https:\/\/selenaquintanilla.micursoweb.es\/influencia-musical-de-selena-quintanilla\/#primaryimage\"},\"image\":{\"@id\":\"https:\/\/selenaquintanilla.micursoweb.es\/influencia-musical-de-selena-quintanilla\/#primaryimage\"},\"thumbnailUrl\":\"https:\/\/selenaquintanilla.micursoweb.es\/wp-content\/uploads\/2025\/04\/Influencia.jpg\",\"datePublished\":\"2025-04-11T13:01:58+00:00\",\"dateModified\":\"2026-01-23T15:46:45+00:00\",\"description\":\"Influencia musical de Selena Quintanilla: descubre c\u00f3mo su talento y su fusi\u00f3n de g\u00e9neros transformaron la m\u00fasica latina.\",\"breadcrumb\":{\"@id\":\"https:\/\/selenaquintanilla.micursoweb.es\/influencia-musical-de-selena-quintanilla\/#breadcrumb\"},\"inLanguage\":\"en-US\",\"potentialAction\":[{\"@type\":\"ReadAction\",\"target\":[\"https:\/\/selenaquintanilla.micursoweb.es\/influencia-musical-de-selena-quintanilla\/\"]}]},{\"@type\":\"ImageObject\",\"inLanguage\":\"en-US\",\"@id\":\"https:\/\/selenaquintanilla.micursoweb.es\/influencia-musical-de-selena-quintanilla\/#primaryimage\",\"url\":\"https:\/\/selenaquintanilla.micursoweb.es\/wp-content\/uploads\/2025\/04\/Influencia.jpg\",\"contentUrl\":\"https:\/\/selenaquintanilla.micursoweb.es\/wp-content\/uploads\/2025\/04\/Influencia.jpg\"},{\"@type\":\"BreadcrumbList\",\"@id\":\"https:\/\/selenaquintanilla.micursoweb.es\/influencia-musical-de-selena-quintanilla\/#breadcrumb\",\"itemListElement\":[{\"@type\":\"ListItem\",\"position\":1,\"name\":\"Portada\",\"item\":\"https:\/\/selenaquintanilla.micursoweb.es\/\"},{\"@type\":\"ListItem\",\"position\":2,\"name\":\"Influencia Musical de Selena Quintanilla\"}]},{\"@type\":\"WebSite\",\"@id\":\"https:\/\/selenaquintanilla.micursoweb.es\/#website\",\"url\":\"https:\/\/selenaquintanilla.micursoweb.es\/\",\"name\":\"Selena La Reina del Tex-Mex\",\"description\":\"Un espacio dedicado a la cultura Tex-Mex, el legado de Selena Quintanilla y su impacto musical\",\"publisher\":{\"@id\":\"https:\/\/selenaquintanilla.micursoweb.es\/#\/schema\/person\/991ad32308202052a7550b86ee0c3fc0\"},\"alternateName\":\"Selena\",\"potentialAction\":[{\"@type\":\"SearchAction\",\"target\":{\"@type\":\"EntryPoint\",\"urlTemplate\":\"https:\/\/selenaquintanilla.micursoweb.es\/?s={search_term_string}\"},\"query-input\":{\"@type\":\"PropertyValueSpecification\",\"valueRequired\":true,\"valueName\":\"search_term_string\"}}],\"inLanguage\":\"en-US\"},{\"@type\":[\"Person\",\"Organization\"],\"@id\":\"https:\/\/selenaquintanilla.micursoweb.es\/#\/schema\/person\/991ad32308202052a7550b86ee0c3fc0\",\"name\":\"admin\",\"image\":{\"@type\":\"ImageObject\",\"inLanguage\":\"en-US\",\"@id\":\"https:\/\/selenaquintanilla.micursoweb.es\/wp-content\/uploads\/2025\/03\/Selena_logo-removebg-preview.png\",\"url\":\"https:\/\/selenaquintanilla.micursoweb.es\/wp-content\/uploads\/2025\/03\/Selena_logo-removebg-preview.png\",\"contentUrl\":\"https:\/\/selenaquintanilla.micursoweb.es\/wp-content\/uploads\/2025\/03\/Selena_logo-removebg-preview.png\",\"width\":500,\"height\":500,\"caption\":\"admin\"},\"logo\":{\"@id\":\"https:\/\/selenaquintanilla.micursoweb.es\/wp-content\/uploads\/2025\/03\/Selena_logo-removebg-preview.png\"},\"sameAs\":[\"https:\/\/selenaquintanilla.micursoweb.es\"],\"url\":\"https:\/\/selenaquintanilla.micursoweb.es\/en\/author\/admin\/\"}]}<\/script>\n<!-- \/ Yoast SEO Premium plugin. -->","yoast_head_json":{"title":"Influencia Musical de Selena Quintanilla-Icono M\u00fasica Latina","description":"Influencia musical de Selena Quintanilla: descubre c\u00f3mo su talento y su fusi\u00f3n de g\u00e9neros transformaron la m\u00fasica latina.","robots":{"index":"index","follow":"follow","max-snippet":"max-snippet:-1","max-image-preview":"max-image-preview:large","max-video-preview":"max-video-preview:-1"},"canonical":"https:\/\/selenaquintanilla.micursoweb.es\/en\/influencia-musical-de-selena-quintanilla\/","og_locale":"en_US","og_type":"article","og_title":"Influencia Musical de Selena Quintanilla","og_description":"Influencia musical de Selena Quintanilla: descubre c\u00f3mo su talento y su fusi\u00f3n de g\u00e9neros transformaron la m\u00fasica latina.","og_url":"https:\/\/selenaquintanilla.micursoweb.es\/en\/influencia-musical-de-selena-quintanilla\/","og_site_name":"Selena La Reina del Tex-Mex","article_modified_time":"2026-01-23T15:46:45+00:00","og_image":[{"url":"https:\/\/selenaquintanilla.micursoweb.es\/wp-content\/uploads\/2025\/04\/Influencia.jpg","type":"","width":"","height":""}],"twitter_card":"summary_large_image","twitter_misc":{"Est. reading time":"3 minutes"},"schema":{"@context":"https:\/\/schema.org","@graph":[{"@type":"Article","@id":"https:\/\/selenaquintanilla.micursoweb.es\/influencia-musical-de-selena-quintanilla\/#article","isPartOf":{"@id":"https:\/\/selenaquintanilla.micursoweb.es\/influencia-musical-de-selena-quintanilla\/"},"author":{"name":"admin","@id":"https:\/\/selenaquintanilla.micursoweb.es\/#\/schema\/person\/991ad32308202052a7550b86ee0c3fc0"},"headline":"Influencia Musical de Selena Quintanilla","datePublished":"2025-04-11T13:01:58+00:00","dateModified":"2026-01-23T15:46:45+00:00","mainEntityOfPage":{"@id":"https:\/\/selenaquintanilla.micursoweb.es\/influencia-musical-de-selena-quintanilla\/"},"wordCount":518,"publisher":{"@id":"https:\/\/selenaquintanilla.micursoweb.es\/#\/schema\/person\/991ad32308202052a7550b86ee0c3fc0"},"image":{"@id":"https:\/\/selenaquintanilla.micursoweb.es\/influencia-musical-de-selena-quintanilla\/#primaryimage"},"thumbnailUrl":"https:\/\/selenaquintanilla.micursoweb.es\/wp-content\/uploads\/2025\/04\/Influencia.jpg","inLanguage":"en-US"},{"@type":"WebPage","@id":"https:\/\/selenaquintanilla.micursoweb.es\/influencia-musical-de-selena-quintanilla\/","url":"https:\/\/selenaquintanilla.micursoweb.es\/influencia-musical-de-selena-quintanilla\/","name":"Influencia Musical de Selena Quintanilla-Icono M\u00fasica Latina","isPartOf":{"@id":"https:\/\/selenaquintanilla.micursoweb.es\/#website"},"primaryImageOfPage":{"@id":"https:\/\/selenaquintanilla.micursoweb.es\/influencia-musical-de-selena-quintanilla\/#primaryimage"},"image":{"@id":"https:\/\/selenaquintanilla.micursoweb.es\/influencia-musical-de-selena-quintanilla\/#primaryimage"},"thumbnailUrl":"https:\/\/selenaquintanilla.micursoweb.es\/wp-content\/uploads\/2025\/04\/Influencia.jpg","datePublished":"2025-04-11T13:01:58+00:00","dateModified":"2026-01-23T15:46:45+00:00","description":"Influencia musical de Selena Quintanilla: descubre c\u00f3mo su talento y su fusi\u00f3n de g\u00e9neros transformaron la m\u00fasica latina.","breadcrumb":{"@id":"https:\/\/selenaquintanilla.micursoweb.es\/influencia-musical-de-selena-quintanilla\/#breadcrumb"},"inLanguage":"en-US","potentialAction":[{"@type":"ReadAction","target":["https:\/\/selenaquintanilla.micursoweb.es\/influencia-musical-de-selena-quintanilla\/"]}]},{"@type":"ImageObject","inLanguage":"en-US","@id":"https:\/\/selenaquintanilla.micursoweb.es\/influencia-musical-de-selena-quintanilla\/#primaryimage","url":"https:\/\/selenaquintanilla.micursoweb.es\/wp-content\/uploads\/2025\/04\/Influencia.jpg","contentUrl":"https:\/\/selenaquintanilla.micursoweb.es\/wp-content\/uploads\/2025\/04\/Influencia.jpg"},{"@type":"BreadcrumbList","@id":"https:\/\/selenaquintanilla.micursoweb.es\/influencia-musical-de-selena-quintanilla\/#breadcrumb","itemListElement":[{"@type":"ListItem","position":1,"name":"Portada","item":"https:\/\/selenaquintanilla.micursoweb.es\/"},{"@type":"ListItem","position":2,"name":"Influencia Musical de Selena Quintanilla"}]},{"@type":"WebSite","@id":"https:\/\/selenaquintanilla.micursoweb.es\/#website","url":"https:\/\/selenaquintanilla.micursoweb.es\/","name":"Selena The Queen of Tex-Mex","description":"A space dedicated to Tex-Mex culture, the legacy of Selena Quintanilla and her musical impact.","publisher":{"@id":"https:\/\/selenaquintanilla.micursoweb.es\/#\/schema\/person\/991ad32308202052a7550b86ee0c3fc0"},"alternateName":"Selena","potentialAction":[{"@type":"SearchAction","target":{"@type":"EntryPoint","urlTemplate":"https:\/\/selenaquintanilla.micursoweb.es\/?s={search_term_string}"},"query-input":{"@type":"PropertyValueSpecification","valueRequired":true,"valueName":"search_term_string"}}],"inLanguage":"en-US"},{"@type":["Person","Organization"],"@id":"https:\/\/selenaquintanilla.micursoweb.es\/#\/schema\/person\/991ad32308202052a7550b86ee0c3fc0","name":"admin","image":{"@type":"ImageObject","inLanguage":"en-US","@id":"https:\/\/selenaquintanilla.micursoweb.es\/wp-content\/uploads\/2025\/03\/Selena_logo-removebg-preview.png","url":"https:\/\/selenaquintanilla.micursoweb.es\/wp-content\/uploads\/2025\/03\/Selena_logo-removebg-preview.png","contentUrl":"https:\/\/selenaquintanilla.micursoweb.es\/wp-content\/uploads\/2025\/03\/Selena_logo-removebg-preview.png","width":500,"height":500,"caption":"admin"},"logo":{"@id":"https:\/\/selenaquintanilla.micursoweb.es\/wp-content\/uploads\/2025\/03\/Selena_logo-removebg-preview.png"},"sameAs":["https:\/\/selenaquintanilla.micursoweb.es"],"url":"https:\/\/selenaquintanilla.micursoweb.es\/en\/author\/admin\/"}]}},"_links":{"self":[{"href":"https:\/\/selenaquintanilla.micursoweb.es\/en\/wp-json\/wp\/v2\/pages\/1023","targetHints":{"allow":["GET"]}}],"collection":[{"href":"https:\/\/selenaquintanilla.micursoweb.es\/en\/wp-json\/wp\/v2\/pages"}],"about":[{"href":"https:\/\/selenaquintanilla.micursoweb.es\/en\/wp-json\/wp\/v2\/types\/page"}],"author":[{"embeddable":true,"href":"https:\/\/selenaquintanilla.micursoweb.es\/en\/wp-json\/wp\/v2\/users\/1"}],"replies":[{"embeddable":true,"href":"https:\/\/selenaquintanilla.micursoweb.es\/en\/wp-json\/wp\/v2\/comments?post=1023"}],"version-history":[{"count":0,"href":"https:\/\/selenaquintanilla.micursoweb.es\/en\/wp-json\/wp\/v2\/pages\/1023\/revisions"}],"wp:attachment":[{"href":"https:\/\/selenaquintanilla.micursoweb.es\/en\/wp-json\/wp\/v2\/media?parent=1023"}],"curies":[{"name":"wp","href":"https:\/\/api.w.org\/{rel}","templated":true}]}}